{"id":913,"date":"2020-03-29T23:52:05","date_gmt":"2020-03-29T23:52:05","guid":{"rendered":"http:\/\/odkosticky.cz\/?page_id=913"},"modified":"2022-01-19T17:44:01","modified_gmt":"2022-01-19T17:44:01","slug":"litter-d-actual","status":"publish","type":"page","link":"https:\/\/odkosticky.cz\/?page_id=913&lang=en","title":{"rendered":"Litter D"},"content":{"rendered":"<h2 style=\"text-align: center;\">We would like to introduce our kittens<\/h2>\n<h1 style=\"text-align: center;\">Litter D<\/h1>\n<h2 style=\"text-align: center;\">*25.3.2020<\/h2>\n<p>Parents:<\/p>\n<p><img loading=\"lazy\" class=\"alignnone wp-image-914 size-large\" src=\"http:\/\/odkosticky.cz\/wp-content\/uploads\/2020\/03\/rodiceD-1-1024x403.jpg\" alt=\"\" width=\"525\" height=\"207\" srcset=\"https:\/\/odkosticky.cz\/wp-content\/uploads\/2020\/03\/rodiceD-1-1024x403.jpg 1024w, https:\/\/odkosticky.cz\/wp-content\/uploads\/2020\/03\/rodiceD-1-300x118.jpg 300w, https:\/\/odkosticky.cz\/wp-content\/uploads\/2020\/03\/rodiceD-1-768x302.jpg 768w, https:\/\/odkosticky.cz\/wp-content\/uploads\/2020\/03\/rodiceD-1.jpg 1097w\" sizes=\"(max-width: 525px) 100vw, 525px\" \/><\/p>\n<p><a href=\"https:\/\/www.facebook.com\/linda.ilievova\/media_set?set=a.1696830550403991&amp;type=3\">IC Fobos White Witch\u00a0\u00a0\u00a0<\/a>\u00a0\u00a0\u00a0\u00a0\u00a0\u00a0\u00a0\u00a0\u00a0\u00a0\u00a0\u00a0\u00a0\u00a0\u00a0\u00a0\u00a0\u00a0\u00a0\u00a0\u00a0\u00a0\u00a0\u00a0\u00a0\u00a0\u00a0\u00a0\u00a0\u00a0\u00a0\u00a0\u00a0\u00a0\u00a0\u00a0\u00a0\u00a0 <a href=\"http:\/\/odkosticky.cz\/?page_id=940&amp;lang=en\">Ciri od Kosti\u010dky<\/a><\/p>\n<p><strong>Colour of sire:<\/strong> blue silver spotted \u2013 as 24<\/p>\n<p><strong>Colour of dam:<\/strong> black silver spotted with white (and siberian wideband, so called bimetallic) \u2013 ns(u) 09 24<\/p>\n<p><strong>pedigree:<\/strong>\u00a0<a href=\"https:\/\/pawpeds.com\/db\/?a=p&amp;ids=3:1410626;2:1355205&amp;g=4&amp;p=sib&amp;o=ajgrep\">https:\/\/pawpeds.com\/db\/?a=p&amp;ids=3:1410626;2:1355205&amp;g=4&amp;p=sib&amp;o=ajgrep<\/a><\/p>\n<p>Very low complete inbreeding index COI = 0,324%<\/p>\n<p>AVK (ancestor loss coefficient) in 5 generations = 100%<\/p>\n<p>Both parents tested for infectious disease FIV and FeLV with negative results.<\/p>\n<p>Both parents tested with sono for HCM and PKD with negative results.<\/p>\n<p>Carry predisposition for <span style=\"color: #faa702;\"><strong>sunshine<\/strong><\/span>\u00a0and <span style=\"color: #008080;\"><strong>blue<\/strong><\/span>.<\/p>\n<p>Kittens:<\/p>\n<table>\n<tbody>\n<tr>\n<td><strong>Name<\/strong><\/td>\n<td><strong>Sex<\/strong><\/td>\n<td><strong>Colour<\/strong><\/td>\n<td><strong>Status<\/strong><\/td>\n<\/tr>\n<tr>\n<td><a href=\"https:\/\/www.facebook.com\/pg\/odkosticky\/photos\/?tab=album&amp;album_id=2854999701454966\">Dwalin<\/a><\/td>\n<td><span style=\"color: #0000ff;\"><strong>boy<\/strong><\/span><\/td>\n<td>SIB n 09 23 \u2013 black mackerel with white<\/td>\n<td>Sold<\/td>\n<\/tr>\n<tr>\n<td><a href=\"https:\/\/www.facebook.com\/pg\/odkosticky\/photos\/?tab=album&amp;album_id=2855011461453790\">Durin<\/a><\/td>\n<td><span style=\"color: #0000ff;\"><strong>boy<\/strong><\/span><\/td>\n<td>SIB ny 24 \u2013 black golden spotted<\/td>\n<td>Stay<\/td>\n<\/tr>\n<\/tbody>\n<\/table>\n<p><a href=\"https:\/\/www.facebook.com\/odkosticky\/photos\/?tab=album&amp;album_id=2847173482237588&amp;__xts__%5B0%5D=68.ARCXnvEvHFDcFJVrfyEE9y1nEbSJdntEoVPY-XUQwn0VUF24vJDAs9hf_EXVLxVaoCoTjUAQwsSRSbtqB5wkG0VK-Is3CPvXop7pDCbu3jpCIfKveIoWUxY7dAFM8W45odRqzh4EnZdFerAK50I7XTqcyEvXdZ4VsuVEcTK22nMGaqyILZnNMciFeeYH_S500aAIirXYgOBkxEBAsjFfgIrR9X_Bx9EvKuo4l1X93acjlll-X3UW_5veFocEPbziHWt9RSk2MFnyF4P9lrtF6ZMgRfpKDFVDkx_8yXMj-IBTYGGjzKEjiW2WxVCofLdsvdwv0Jezon_deu_yvtVZXpIv2jbHyVFsfSpcjisUC8eaPO17vFMn5Adeifpb6w8Y0UE5kNa-JrT69pE1_mI5ST4KVk6dFSWmJMW68WmQmsv1yA1dTRgvp8IqalOr3T1i30Ma_M2WG_0SDslq5lE-N2sHYw&amp;__tn__=-UC-R\">You can find first pictures on our facebook page.\u00a0<\/a>For more pictures click on the name of each kitten.<\/p>\n<figure id=\"attachment_961\" aria-describedby=\"caption-attachment-961\" style=\"width: 525px\" class=\"wp-caption alignnone\"><img loading=\"lazy\" class=\"wp-image-961 size-large\" src=\"http:\/\/odkosticky.cz\/wp-content\/uploads\/2020\/05\/KluciD-1024x681.jpg\" alt=\"\" width=\"525\" height=\"349\" srcset=\"https:\/\/odkosticky.cz\/wp-content\/uploads\/2020\/05\/KluciD-1024x681.jpg 1024w, https:\/\/odkosticky.cz\/wp-content\/uploads\/2020\/05\/KluciD-300x199.jpg 300w, https:\/\/odkosticky.cz\/wp-content\/uploads\/2020\/05\/KluciD-768x511.jpg 768w\" sizes=\"(max-width: 525px) 100vw, 525px\" \/><figcaption id=\"caption-attachment-961\" class=\"wp-caption-text\">Dwalin (left) and Durin (right) 4 weeks old<\/figcaption><\/figure>\n<p>How we grow:<\/p>\n<p><img loading=\"lazy\" class=\"alignnone size-full wp-image-1048\" src=\"http:\/\/odkosticky.cz\/wp-content\/uploads\/2020\/12\/vazenickoDudlici.jpg\" alt=\"\" width=\"752\" height=\"427\" srcset=\"https:\/\/odkosticky.cz\/wp-content\/uploads\/2020\/12\/vazenickoDudlici.jpg 752w, https:\/\/odkosticky.cz\/wp-content\/uploads\/2020\/12\/vazenickoDudlici-300x170.jpg 300w\" sizes=\"(max-width: 706px) 89vw, (max-width: 767px) 82vw, 740px\" \/><\/p>\n","protected":false},"excerpt":{"rendered":"<p>We would like to introduce our kittens Litter D *25.3.2020 Parents: IC Fobos White Witch\u00a0\u00a0\u00a0\u00a0\u00a0\u00a0\u00a0\u00a0\u00a0\u00a0\u00a0\u00a0\u00a0\u00a0\u00a0\u00a0\u00a0\u00a0\u00a0\u00a0\u00a0\u00a0\u00a0\u00a0\u00a0\u00a0\u00a0\u00a0\u00a0\u00a0\u00a0\u00a0\u00a0\u00a0\u00a0\u00a0\u00a0\u00a0\u00a0\u00a0\u00a0 Ciri od Kosti\u010dky Colour of sire: blue silver spotted \u2013 as 24 Colour of dam: black silver spotted with white (and siberian wideband, so called bimetallic) \u2013 ns(u) 09 24 pedigree:\u00a0https:\/\/pawpeds.com\/db\/?a=p&amp;ids=3:1410626;2:1355205&amp;g=4&amp;p=sib&amp;o=ajgrep Very low complete inbreeding index COI = 0,324% AVK &hellip; <\/p>\n<p class=\"link-more\"><a href=\"https:\/\/odkosticky.cz\/?page_id=913&#038;lang=en\" class=\"more-link\">Pokra\u010dovat ve \u010dten\u00ed<span class=\"screen-reader-text\"> &#8222;Litter D&#8220;<\/span><\/a><\/p>\n","protected":false},"author":1,"featured_media":0,"parent":0,"menu_order":0,"comment_status":"closed","ping_status":"closed","template":"","meta":{"_mi_skip_tracking":false},"_links":{"self":[{"href":"https:\/\/odkosticky.cz\/index.php?rest_route=\/wp\/v2\/pages\/913"}],"collection":[{"href":"https:\/\/odkosticky.cz\/index.php?rest_route=\/wp\/v2\/pages"}],"about":[{"href":"https:\/\/odkosticky.cz\/index.php?rest_route=\/wp\/v2\/types\/page"}],"author":[{"embeddable":true,"href":"https:\/\/odkosticky.cz\/index.php?rest_route=\/wp\/v2\/users\/1"}],"replies":[{"embeddable":true,"href":"https:\/\/odkosticky.cz\/index.php?rest_route=%2Fwp%2Fv2%2Fcomments&post=913"}],"version-history":[{"count":13,"href":"https:\/\/odkosticky.cz\/index.php?rest_route=\/wp\/v2\/pages\/913\/revisions"}],"predecessor-version":[{"id":1228,"href":"https:\/\/odkosticky.cz\/index.php?rest_route=\/wp\/v2\/pages\/913\/revisions\/1228"}],"wp:attachment":[{"href":"https:\/\/odkosticky.cz\/index.php?rest_route=%2Fwp%2Fv2%2Fmedia&parent=913"}],"curies":[{"name":"wp","href":"https:\/\/api.w.org\/{rel}","templated":true}]}}