{"id":899,"date":"2020-03-29T23:06:16","date_gmt":"2020-03-29T23:06:16","guid":{"rendered":"http:\/\/odkosticky.cz\/?page_id=899"},"modified":"2022-01-19T17:42:58","modified_gmt":"2022-01-19T17:42:58","slug":"vrh-d-dudlici","status":"publish","type":"page","link":"https:\/\/odkosticky.cz\/?page_id=899&lang=cs","title":{"rendered":"Vrh D &#8211; Dudl\u00edci"},"content":{"rendered":"<h2 style=\"text-align: center;\">P\u0159edstavujeme V\u00e1m na\u0161e ko\u0165\u00e1tka<\/h2>\n<h1 style=\"text-align: center;\">Vrh D (Dudl\u00edci)<\/h1>\n<h2 style=\"text-align: center;\">*25.3.2020<\/h2>\n<h5>Rodi\u010de:<\/h5>\n<p><img loading=\"lazy\" class=\"alignnone size-large wp-image-900\" src=\"http:\/\/odkosticky.cz\/wp-content\/uploads\/2020\/03\/rodiceD-1024x403.jpg\" alt=\"\" width=\"525\" height=\"207\" srcset=\"https:\/\/odkosticky.cz\/wp-content\/uploads\/2020\/03\/rodiceD-1024x403.jpg 1024w, https:\/\/odkosticky.cz\/wp-content\/uploads\/2020\/03\/rodiceD-300x118.jpg 300w, https:\/\/odkosticky.cz\/wp-content\/uploads\/2020\/03\/rodiceD-768x302.jpg 768w, https:\/\/odkosticky.cz\/wp-content\/uploads\/2020\/03\/rodiceD.jpg 1097w\" sizes=\"(max-width: 525px) 100vw, 525px\" \/><\/p>\n<p><strong><a href=\"https:\/\/www.facebook.com\/linda.ilievova\/media_set?set=a.1696830550403991&amp;type=3\">IC Fobos White Witch<\/a><\/strong><strong> \ud83d\udc95 <a href=\"http:\/\/odkosticky.cz\/?page_id=596&amp;lang=cs\">Ciri od Kosti\u010dky<\/a><\/strong><\/p>\n<p><strong>Barva otce:<\/strong> mod\u0159e st\u0159\u00edb\u0159it\u00fd te\u010dkovan\u00fd &#8211; as 24<\/p>\n<p><strong>Barva matky: <\/strong>\u010dern\u011b st\u0159\u00edb\u0159it\u00e1 te\u010dkovan\u00e1 s b\u00edlou (a se sunshine, tzv. bimetalic) &#8211; ns(u) 09 24<\/p>\n<p><strong>Rodokmeny:<\/strong> <a href=\"https:\/\/pawpeds.com\/db\/?a=p&amp;ids=3:1410626;2:1355205&amp;g=4&amp;p=sib&amp;o=ajgrep\">https:\/\/pawpeds.com\/db\/?a=p&amp;ids=3:1410626;2:1355205&amp;g=4&amp;p=sib&amp;o=ajgrep<\/a><\/p>\n<p>Oba rodi\u010de negativn\u011b testovan\u00ed na infek\u010dn\u00ed choroby FIV a FeLV.<\/p>\n<p>Oba rodi\u010de vy\u0161et\u0159en\u00ed na HCM a PKD sonograficky s negativn\u00edm v\u00fdsledkem.<\/p>\n<p>Velice n\u00edzk\u00fd koeficient inbreedingu, vypo\u010d\u00edtan\u00fd p\u0159es celou zn\u00e1mou genealogii COI = 0,324%.<\/p>\n<p>P\u011btigenera\u010dn\u00ed AVK (koeficient ztr\u00e1ty p\u0159edk\u016f) = 100% (vysv\u011btlen\u00ed: v p\u011bti genera\u010dn\u00edm rodokmenu jsou v\u0161echna jm\u00e9na p\u0159edk\u016f unik\u00e1tn\u00ed a neopakuj\u00ed se).<\/p>\n<p>V\u0161echna ko\u0165\u00e1tka nesou vlohu pro zlatou recesivn\u00ed sibi\u0159skou barvu a \u0159ed\u011bn\u00ed.<\/p>\n<h5>Ko\u0165\u00e1tka:<\/h5>\n<table width=\"579\">\n<tbody>\n<tr>\n<td><strong>Jm\u00e9no<\/strong><\/td>\n<td><strong>Pohlav\u00ed<\/strong><\/td>\n<td><strong>Barva<\/strong><\/td>\n<td><strong>Status<\/strong><\/td>\n<\/tr>\n<tr>\n<td>Dwalin<\/td>\n<td><a href=\"https:\/\/www.facebook.com\/media\/set\/?set=a.2854999701454966&amp;type=3\"><span style=\"color: #0000ff;\">kluk<\/span><\/a><\/td>\n<td>SIB n 09 23 \u2013 \u010dern\u011b tygrovan\u00fd s b\u00edlou<\/td>\n<td>Prodan\u00fd &#8211; v nov\u00e9m domov\u011b v Brn\u011b<\/td>\n<\/tr>\n<tr>\n<td><a href=\"http:\/\/odkosticky.cz\/?page_id=1054&amp;lang=cs\">Durin<\/a><\/td>\n<td><a href=\"https:\/\/www.facebook.com\/media\/set\/?set=a.2855011461453790&amp;type=3\"><span style=\"color: #0000ff;\">kluk<\/span><\/a><\/td>\n<td>SIB ny 24 \u2013 \u010dern\u011b zlat\u00fd te\u010dkovan\u00fd<\/td>\n<td>z\u016fst\u00e1v\u00e1 v na\u0161\u00ed CHS<\/td>\n<\/tr>\n<\/tbody>\n<\/table>\n<p><a href=\"https:\/\/www.facebook.com\/media\/set\/?set=a.2847173482237588&amp;type=3\">Prvn\u00ed fotky ko\u0165\u00e1tek najdete na na\u0161em facebooku. <\/a>Dal\u0161\u00ed fotky pod odkazem u ka\u017ed\u00e9ho ko\u0165\u00e1tka.<\/p>\n<figure id=\"attachment_964\" aria-describedby=\"caption-attachment-964\" style=\"width: 525px\" class=\"wp-caption alignnone\"><img loading=\"lazy\" class=\"wp-image-964 size-large\" src=\"http:\/\/odkosticky.cz\/wp-content\/uploads\/2020\/05\/KluciD-1-1024x681.jpg\" alt=\"\" width=\"525\" height=\"349\" srcset=\"https:\/\/odkosticky.cz\/wp-content\/uploads\/2020\/05\/KluciD-1-1024x681.jpg 1024w, https:\/\/odkosticky.cz\/wp-content\/uploads\/2020\/05\/KluciD-1-300x199.jpg 300w, https:\/\/odkosticky.cz\/wp-content\/uploads\/2020\/05\/KluciD-1-768x511.jpg 768w\" sizes=\"(max-width: 525px) 100vw, 525px\" \/><figcaption id=\"caption-attachment-964\" class=\"wp-caption-text\">Dwalin (vlevo) a Durin (vpravo), 4 t\u00fddny<\/figcaption><\/figure>\n<p>Jak rosteme:<\/p>\n<p><img loading=\"lazy\" class=\"alignnone size-full wp-image-1050\" src=\"http:\/\/odkosticky.cz\/wp-content\/uploads\/2020\/12\/vazenickoDudlici-1.jpg\" alt=\"\" width=\"752\" height=\"427\" srcset=\"https:\/\/odkosticky.cz\/wp-content\/uploads\/2020\/12\/vazenickoDudlici-1.jpg 752w, https:\/\/odkosticky.cz\/wp-content\/uploads\/2020\/12\/vazenickoDudlici-1-300x170.jpg 300w\" sizes=\"(max-width: 706px) 89vw, (max-width: 767px) 82vw, 740px\" \/><\/p>\n","protected":false},"excerpt":{"rendered":"<p>P\u0159edstavujeme V\u00e1m na\u0161e ko\u0165\u00e1tka Vrh D (Dudl\u00edci) *25.3.2020 Rodi\u010de: IC Fobos White Witch \ud83d\udc95 Ciri od Kosti\u010dky Barva otce: mod\u0159e st\u0159\u00edb\u0159it\u00fd te\u010dkovan\u00fd &#8211; as 24 Barva matky: \u010dern\u011b st\u0159\u00edb\u0159it\u00e1 te\u010dkovan\u00e1 s b\u00edlou (a se sunshine, tzv. bimetalic) &#8211; ns(u) 09 24 Rodokmeny: https:\/\/pawpeds.com\/db\/?a=p&amp;ids=3:1410626;2:1355205&amp;g=4&amp;p=sib&amp;o=ajgrep Oba rodi\u010de negativn\u011b testovan\u00ed na infek\u010dn\u00ed choroby FIV a FeLV. Oba rodi\u010de &hellip; <\/p>\n<p class=\"link-more\"><a href=\"https:\/\/odkosticky.cz\/?page_id=899&#038;lang=cs\" class=\"more-link\">Pokra\u010dovat ve \u010dten\u00ed<span class=\"screen-reader-text\"> &#8222;Vrh D &#8211; Dudl\u00edci&#8220;<\/span><\/a><\/p>\n","protected":false},"author":1,"featured_media":0,"parent":0,"menu_order":0,"comment_status":"closed","ping_status":"closed","template":"","meta":{"_mi_skip_tracking":false},"_links":{"self":[{"href":"https:\/\/odkosticky.cz\/index.php?rest_route=\/wp\/v2\/pages\/899"}],"collection":[{"href":"https:\/\/odkosticky.cz\/index.php?rest_route=\/wp\/v2\/pages"}],"about":[{"href":"https:\/\/odkosticky.cz\/index.php?rest_route=\/wp\/v2\/types\/page"}],"author":[{"embeddable":true,"href":"https:\/\/odkosticky.cz\/index.php?rest_route=\/wp\/v2\/users\/1"}],"replies":[{"embeddable":true,"href":"https:\/\/odkosticky.cz\/index.php?rest_route=%2Fwp%2Fv2%2Fcomments&post=899"}],"version-history":[{"count":16,"href":"https:\/\/odkosticky.cz\/index.php?rest_route=\/wp\/v2\/pages\/899\/revisions"}],"predecessor-version":[{"id":1227,"href":"https:\/\/odkosticky.cz\/index.php?rest_route=\/wp\/v2\/pages\/899\/revisions\/1227"}],"wp:attachment":[{"href":"https:\/\/odkosticky.cz\/index.php?rest_route=%2Fwp%2Fv2%2Fmedia&parent=899"}],"curies":[{"name":"wp","href":"https:\/\/api.w.org\/{rel}","templated":true}]}}