{"id":75,"date":"2017-05-20T15:51:18","date_gmt":"2017-05-20T15:51:18","guid":{"rendered":"http:\/\/odkosticky.cz\/?page_id=75"},"modified":"2025-05-28T20:50:28","modified_gmt":"2025-05-28T20:50:28","slug":"nase-kocky","status":"publish","type":"page","link":"https:\/\/odkosticky.cz\/?page_id=75&lang=cs","title":{"rendered":"Na\u0161e Ko\u010dky"},"content":{"rendered":"\n<p><a href=\"http:\/\/odkosticky.cz\/?page_id=155&amp;lang=cs\"><strong>SE*Scatters Flora<\/strong><\/a><\/p>\n\n\n\n<p>Fl\u00f3rinka je zakladatelka na\u0161\u00ed chovatelsk\u00e9 stanice, nyn\u00ed je u\u017e kastrovan\u00e1<\/p>\n\n\n\n<figure class=\"wp-block-image is-resized\"><a href=\"http:\/\/odkosticky.cz\/?page_id=155&amp;lang=cs\"><img loading=\"lazy\" src=\"http:\/\/odkosticky.cz\/wp-content\/uploads\/2020\/12\/florinka1-1-1024x681.jpg\" alt=\"\" class=\"wp-image-1041\" width=\"496\" height=\"329\" srcset=\"https:\/\/odkosticky.cz\/wp-content\/uploads\/2020\/12\/florinka1-1-1024x681.jpg 1024w, https:\/\/odkosticky.cz\/wp-content\/uploads\/2020\/12\/florinka1-1-300x199.jpg 300w, https:\/\/odkosticky.cz\/wp-content\/uploads\/2020\/12\/florinka1-1-768x511.jpg 768w\" sizes=\"(max-width: 496px) 100vw, 496px\" \/><\/a><\/figure>\n\n\n\n<p><a href=\"http:\/\/odkosticky.cz\/?page_id=596&amp;lang=cs\"><strong>Ciri od Kosti\u010dky, CZ<\/strong><\/a><\/p>\n\n\n\n<p>Ciri je maminkou na\u0161eho kocourka Durina. Nyn\u00ed je ji\u017e kastrovan\u00e1. Pl\u00e1nujeme s n\u00ed v\u00fdstavn\u00ed kari\u00e9ru.<\/p>\n\n\n\n<figure class=\"wp-block-image is-resized\"><a href=\"http:\/\/odkosticky.cz\/?page_id=596&amp;lang=cs\"><img loading=\"lazy\" src=\"http:\/\/odkosticky.cz\/wp-content\/uploads\/2020\/12\/cirinka3-1-1024x741.jpg\" alt=\"bimetalic siberian queen\" class=\"wp-image-1042\" width=\"495\" height=\"357\" srcset=\"https:\/\/odkosticky.cz\/wp-content\/uploads\/2020\/12\/cirinka3-1-1024x741.jpg 1024w, https:\/\/odkosticky.cz\/wp-content\/uploads\/2020\/12\/cirinka3-1-300x217.jpg 300w, https:\/\/odkosticky.cz\/wp-content\/uploads\/2020\/12\/cirinka3-1-768x556.jpg 768w\" sizes=\"(max-width: 495px) 100vw, 495px\" \/><\/a><\/figure>\n\n\n\n<p><a href=\"http:\/\/odkosticky.cz\/?page_id=1054&amp;lang=cs\"><strong>Durin od Kosti\u010dky, CZ<\/strong><\/a><\/p>\n\n\n\n<p>Durin je n\u00e1\u0161 chovn\u00fd kocourek &#8211; nab\u00edz\u00edme i extern\u00ed kryt\u00ed.<\/p>\n\n\n\n<figure class=\"wp-block-image size-large is-resized\"><img loading=\"lazy\" src=\"http:\/\/odkosticky.cz\/wp-content\/uploads\/2022\/08\/RIMG4406st-1024x768.jpg\" alt=\"\" class=\"wp-image-1322\" width=\"499\" height=\"374\" srcset=\"https:\/\/odkosticky.cz\/wp-content\/uploads\/2022\/08\/RIMG4406st-1024x768.jpg 1024w, https:\/\/odkosticky.cz\/wp-content\/uploads\/2022\/08\/RIMG4406st-300x225.jpg 300w, https:\/\/odkosticky.cz\/wp-content\/uploads\/2022\/08\/RIMG4406st-768x576.jpg 768w, https:\/\/odkosticky.cz\/wp-content\/uploads\/2022\/08\/RIMG4406st-1536x1152.jpg 1536w, https:\/\/odkosticky.cz\/wp-content\/uploads\/2022\/08\/RIMG4406st-2048x1536.jpg 2048w\" sizes=\"(max-width: 499px) 100vw, 499px\" \/><\/figure>\n\n\n\n<p><a href=\"http:\/\/odkosticky.cz\/?page_id=197&amp;lang=cs\"><strong>Brunnhilda<\/strong><\/a><\/p>\n\n\n\n<p>Bru\u0148\u010fa je n\u00e1\u0161 mazl\u00ed\u010dek<\/p>\n\n\n\n<figure class=\"wp-block-image is-resized\"><a href=\"http:\/\/odkosticky.cz\/?page_id=197&amp;lang=cs\"><img loading=\"lazy\" src=\"http:\/\/odkosticky.cz\/wp-content\/uploads\/2020\/12\/brunn2-1-1024x692.jpg\" alt=\"\" class=\"wp-image-1043\" width=\"501\" height=\"338\" srcset=\"https:\/\/odkosticky.cz\/wp-content\/uploads\/2020\/12\/brunn2-1-1024x692.jpg 1024w, https:\/\/odkosticky.cz\/wp-content\/uploads\/2020\/12\/brunn2-1-300x203.jpg 300w, https:\/\/odkosticky.cz\/wp-content\/uploads\/2020\/12\/brunn2-1-768x519.jpg 768w, https:\/\/odkosticky.cz\/wp-content\/uploads\/2020\/12\/brunn2-1.jpg 1596w\" sizes=\"(max-width: 501px) 100vw, 501px\" \/><\/a><\/figure>\n\n\n\n<p><a href=\"http:\/\/odkosticky.cz\/?page_id=556&amp;lang=cs\"><strong>Cid<\/strong><\/a><\/p>\n\n\n\n<p>Cid je n\u00e1\u0161 mazl\u00ed\u010dek a showman<\/p>\n\n\n\n<figure class=\"wp-block-image is-resized\"><a href=\"http:\/\/odkosticky.cz\/?page_id=556&amp;lang=cs\"><img loading=\"lazy\" src=\"http:\/\/odkosticky.cz\/wp-content\/uploads\/2020\/12\/cid-1024x681.jpg\" alt=\"\" class=\"wp-image-1044\" width=\"504\" height=\"334\" srcset=\"https:\/\/odkosticky.cz\/wp-content\/uploads\/2020\/12\/cid-1024x681.jpg 1024w, https:\/\/odkosticky.cz\/wp-content\/uploads\/2020\/12\/cid-300x199.jpg 300w, https:\/\/odkosticky.cz\/wp-content\/uploads\/2020\/12\/cid-768x511.jpg 768w\" sizes=\"(max-width: 504px) 100vw, 504px\" \/><\/a><\/figure>\n","protected":false},"excerpt":{"rendered":"<p>SE*Scatters Flora Fl\u00f3rinka je zakladatelka na\u0161\u00ed chovatelsk\u00e9 stanice, nyn\u00ed je u\u017e kastrovan\u00e1 Ciri od Kosti\u010dky, CZ Ciri je maminkou na\u0161eho kocourka Durina. Nyn\u00ed je ji\u017e kastrovan\u00e1. Pl\u00e1nujeme s n\u00ed v\u00fdstavn\u00ed kari\u00e9ru. Durin od Kosti\u010dky, CZ Durin je n\u00e1\u0161 chovn\u00fd kocourek &#8211; nab\u00edz\u00edme i extern\u00ed kryt\u00ed. Brunnhilda Bru\u0148\u010fa je n\u00e1\u0161 mazl\u00ed\u010dek Cid Cid je n\u00e1\u0161 mazl\u00ed\u010dek &hellip; <\/p>\n<p class=\"link-more\"><a href=\"https:\/\/odkosticky.cz\/?page_id=75&#038;lang=cs\" class=\"more-link\">Pokra\u010dovat ve \u010dten\u00ed<span class=\"screen-reader-text\"> &#8222;Na\u0161e Ko\u010dky&#8220;<\/span><\/a><\/p>\n","protected":false},"author":1,"featured_media":0,"parent":0,"menu_order":0,"comment_status":"closed","ping_status":"closed","template":"","meta":{"_mi_skip_tracking":false},"_links":{"self":[{"href":"https:\/\/odkosticky.cz\/index.php?rest_route=\/wp\/v2\/pages\/75"}],"collection":[{"href":"https:\/\/odkosticky.cz\/index.php?rest_route=\/wp\/v2\/pages"}],"about":[{"href":"https:\/\/odkosticky.cz\/index.php?rest_route=\/wp\/v2\/types\/page"}],"author":[{"embeddable":true,"href":"https:\/\/odkosticky.cz\/index.php?rest_route=\/wp\/v2\/users\/1"}],"replies":[{"embeddable":true,"href":"https:\/\/odkosticky.cz\/index.php?rest_route=%2Fwp%2Fv2%2Fcomments&post=75"}],"version-history":[{"count":21,"href":"https:\/\/odkosticky.cz\/index.php?rest_route=\/wp\/v2\/pages\/75\/revisions"}],"predecessor-version":[{"id":1440,"href":"https:\/\/odkosticky.cz\/index.php?rest_route=\/wp\/v2\/pages\/75\/revisions\/1440"}],"wp:attachment":[{"href":"https:\/\/odkosticky.cz\/index.php?rest_route=%2Fwp%2Fv2%2Fmedia&parent=75"}],"curies":[{"name":"wp","href":"https:\/\/api.w.org\/{rel}","templated":true}]}}