{"id":673,"date":"2019-07-03T19:47:31","date_gmt":"2019-07-03T19:47:31","guid":{"rendered":"http:\/\/odkosticky.cz\/?page_id=673"},"modified":"2021-06-09T18:49:14","modified_gmt":"2021-06-09T18:49:14","slug":"vrh-c-cumacci-aktualni","status":"publish","type":"page","link":"https:\/\/odkosticky.cz\/?page_id=673&lang=cs","title":{"rendered":"Vrh \u010c &#8211; \u010cum\u00e1\u010dci"},"content":{"rendered":"\n<h2 class=\"has-text-align-center\">P\u0159edstavujeme V\u00e1m na\u0161e ko\u0165\u00e1tka<\/h2>\n\n\n\n<h1 class=\"has-text-align-center\">Vrh \u010c (\u010cum\u00e1\u010dci)<\/h1>\n\n\n\n<h2 class=\"has-text-align-center\">*3.7.2019<\/h2>\n\n\n\n<h5>Rodi\u010de:<\/h5>\n\n\n\n<figure class=\"wp-block-image\"><img loading=\"lazy\" width=\"1024\" height=\"382\" src=\"http:\/\/odkosticky.cz\/wp-content\/uploads\/2019\/05\/planyC-1024x382.jpg\" alt=\"\" class=\"wp-image-652\" srcset=\"https:\/\/odkosticky.cz\/wp-content\/uploads\/2019\/05\/planyC-1024x382.jpg 1024w, https:\/\/odkosticky.cz\/wp-content\/uploads\/2019\/05\/planyC-300x112.jpg 300w, https:\/\/odkosticky.cz\/wp-content\/uploads\/2019\/05\/planyC-768x286.jpg 768w\" sizes=\"(max-width: 767px) 89vw, (max-width: 1000px) 54vw, (max-width: 1071px) 543px, 580px\" \/><\/figure>\n\n\n\n<p><strong><a href=\"https:\/\/www.facebook.com\/martina.bockova.35\/media_set?set=a.1678479855536035&amp;type=3\">&nbsp;IC Paddy Phantom Cats&nbsp;<\/a> \ud83d\udc95&nbsp;<a href=\"http:\/\/odkosticky.cz\/?page_id=155&amp;lang=cs\">Scatters Flora<\/a><\/strong><\/p>\n\n\n\n<p><strong>Barva otce:&nbsp;<\/strong>\u010derven\u00fd st\u0159\u00edb\u0159it\u00fd s mramorovanou kresbou a b\u00edlou skvrnitost\u00ed \u2013 ds 09 22<\/p>\n\n\n\n<p><strong>Barva matky:<\/strong> \u010dern\u011b zlat\u00e1 s te\u010dkovanou kresbou \u2013 ny 24<\/p>\n\n\n\n<p><strong>Rodokmeny:&nbsp;<\/strong><a href=\"https:\/\/www.pawpeds.com\/db\/?a=p&amp;ids=3:1262351;2:1390569&amp;g=4&amp;p=sib&amp;o=ajgrep\">https:\/\/www.pawpeds.com\/db\/?a=p&amp;ids=3:1262351;2:1390569&amp;g=4&amp;p=sib&amp;o=ajgrep<\/a><\/p>\n\n\n\n<p>Oba rodi\u010de negativn\u011b testovan\u00ed na infek\u010dn\u00ed choroby FIV a FeLV.<\/p>\n\n\n\n<p>Oba rodi\u010de vy\u0161et\u0159en\u00ed na HCM a PKD sonograficky s negativn\u00edm v\u00fdsledkem.<\/p>\n\n\n\n<p>V\u0161echna ko\u0165\u00e1tka nesou vlohu pro zlatou recesivn\u00ed sibi\u0159skou barvu a mramorov\u00e1n\u00ed.<\/p>\n\n\n\n<h5>Ko\u0165\u00e1tka:<\/h5>\n\n\n\n<figure class=\"wp-block-table alignleft\"><table><tbody><tr><td><strong>Jm\u00e9no<\/strong><\/td><td><strong>Pohlav\u00ed<\/strong><\/td><td><strong>Barva<\/strong><\/td><td><strong>Status<\/strong><\/td><\/tr><tr><td>\u010cingi<\/td><td><a href=\"https:\/\/www.facebook.com\/media\/set\/?set=a.2510073329280940&amp;type=3\"><span style=\"color: #0000ff;\">kluk<\/span><\/a><\/td><td>SIB n 24 &#8211; \u010dern\u00fd te\u010dkovan\u00fd<\/td><td>Prodan\u00fd &#8211; v nov\u00e9m domov\u011b v Plzni<\/td><\/tr><tr><td><a href=\"https:\/\/www.facebook.com\/media\/set\/?vanity=RotricaCZ&amp;set=a.552640718980838\">\u010caro<\/a><\/td><td><a href=\"https:\/\/www.facebook.com\/media\/set\/?set=a.2510081792613427&amp;type=3\"><span style=\"color: #ff0000;\">holka<\/span><\/a><\/td><td>SIB fs 09 24 &#8211; \u010dern\u011b st\u0159\u00edb\u0159it\u00e1 \u017eelvovinov\u00e1 te\u010dkovan\u00e1 s b\u00edlou<\/td><td>V nov\u00e9m domov\u011b v Jirkov\u011b<\/td><\/tr><tr><td><a href=\"https:\/\/www.instagram.com\/devilthesiberian\/\">\u010cert<\/a><\/td><td><a href=\"https:\/\/www.facebook.com\/media\/set\/?set=a.2510092475945692&amp;type=3\"><span style=\"color: #0000ff;\">kluk<\/span><\/a><\/td><td>SIB ns 23 &#8211; \u010dern\u00fd st\u0159\u00edb\u0159it\u00fd tygrovan\u00fd<\/td><td>Prodan\u00fd &#8211; v nov\u00e9m domov\u011b v Liberci<\/td><\/tr><tr><td>\u010c\u00e1ryfuk<\/td><td><a href=\"https:\/\/www.facebook.com\/media\/set\/?set=a.2510116679276605&amp;type=3\"><span style=\"color: #0000ff;\">kluk<\/span><\/a><\/td><td>SIB ns 24 &#8211; \u010dern\u00fd st\u0159\u00edb\u0159it\u00fd te\u010dkovan\u00fd<\/td><td>Prodan\u00fd &#8211; v nov\u00e9m domov\u011b v Jind\u0159ichov\u011b Hradci<\/td><\/tr><tr><td>\u010cakoro<\/td><td><a href=\"https:\/\/www.facebook.com\/media\/set\/?set=a.2510130239275249&amp;type=3\"><span style=\"color: #ff0000;\">holka<\/span><\/a><\/td><td>SIB fs 09 24 &#8211; \u010dern\u00e1 st\u0159\u00edb\u0159it\u00e1 \u017eelvovinov\u00e1 te\u010dkovan\u00e1 s b\u00edlou<\/td><td>Prodan\u00e1 &#8211; v nov\u00e9m domov\u011b v Praze<\/td><\/tr><\/tbody><\/table><\/figure>\n\n\n\n<div class=\"wp-block-image\"><figure class=\"aligncenter size-medium is-resized\"><a href=\"http:\/\/odkosticky.cz\/wp-content\/uploads\/2019\/07\/Cingi.jpg\"><img loading=\"lazy\" src=\"http:\/\/odkosticky.cz\/wp-content\/uploads\/2019\/07\/Cingi-300x216.jpg\" alt=\"\" class=\"wp-image-759\" width=\"300\" height=\"216\" srcset=\"https:\/\/odkosticky.cz\/wp-content\/uploads\/2019\/07\/Cingi-300x216.jpg 300w, https:\/\/odkosticky.cz\/wp-content\/uploads\/2019\/07\/Cingi-768x553.jpg 768w, https:\/\/odkosticky.cz\/wp-content\/uploads\/2019\/07\/Cingi-1024x737.jpg 1024w\" sizes=\"(max-width: 300px) 100vw, 300px\" \/><\/a><figcaption>\u010cingi &#8211; 3 t\u00fddny<\/figcaption><\/figure><\/div>\n\n\n\n<div class=\"wp-block-image\"><figure class=\"aligncenter size-medium is-resized\"><a href=\"http:\/\/odkosticky.cz\/wp-content\/uploads\/2019\/07\/Caro-web.jpg\"><img loading=\"lazy\" src=\"http:\/\/odkosticky.cz\/wp-content\/uploads\/2019\/07\/Caro-web-300x212.jpg\" alt=\"\" class=\"wp-image-760\" width=\"300\" height=\"212\" srcset=\"https:\/\/odkosticky.cz\/wp-content\/uploads\/2019\/07\/Caro-web-300x212.jpg 300w, https:\/\/odkosticky.cz\/wp-content\/uploads\/2019\/07\/Caro-web-768x544.jpg 768w, https:\/\/odkosticky.cz\/wp-content\/uploads\/2019\/07\/Caro-web-1024x725.jpg 1024w\" sizes=\"(max-width: 300px) 100vw, 300px\" \/><\/a><figcaption>\u010caro &#8211; 3 t\u00fddny<\/figcaption><\/figure><\/div>\n\n\n\n<div class=\"wp-block-image\"><figure class=\"aligncenter size-medium\"><a href=\"http:\/\/odkosticky.cz\/wp-content\/uploads\/2019\/07\/cert-web.jpg\"><img loading=\"lazy\" width=\"300\" height=\"214\" src=\"http:\/\/odkosticky.cz\/wp-content\/uploads\/2019\/07\/cert-web-300x214.jpg\" alt=\"\" class=\"wp-image-761\" srcset=\"https:\/\/odkosticky.cz\/wp-content\/uploads\/2019\/07\/cert-web-300x214.jpg 300w, https:\/\/odkosticky.cz\/wp-content\/uploads\/2019\/07\/cert-web-768x547.jpg 768w, https:\/\/odkosticky.cz\/wp-content\/uploads\/2019\/07\/cert-web-1024x730.jpg 1024w\" sizes=\"(max-width: 300px) 100vw, 300px\" \/><\/a><figcaption>\u010cert &#8211; 3 t\u00fddny<\/figcaption><\/figure><\/div>\n\n\n\n<div class=\"wp-block-image\"><figure class=\"aligncenter size-medium\"><a href=\"http:\/\/odkosticky.cz\/wp-content\/uploads\/2019\/07\/caryfuk-web.jpg\"><img loading=\"lazy\" width=\"300\" height=\"213\" src=\"http:\/\/odkosticky.cz\/wp-content\/uploads\/2019\/07\/caryfuk-web-300x213.jpg\" alt=\"\" class=\"wp-image-762\" srcset=\"https:\/\/odkosticky.cz\/wp-content\/uploads\/2019\/07\/caryfuk-web-300x213.jpg 300w, https:\/\/odkosticky.cz\/wp-content\/uploads\/2019\/07\/caryfuk-web-768x545.jpg 768w, https:\/\/odkosticky.cz\/wp-content\/uploads\/2019\/07\/caryfuk-web-1024x727.jpg 1024w\" sizes=\"(max-width: 300px) 100vw, 300px\" \/><\/a><figcaption>\u010c\u00e1ryfuk &#8211; 3 t\u00fddny<\/figcaption><\/figure><\/div>\n\n\n\n<div class=\"wp-block-image\"><figure class=\"aligncenter size-medium\"><a href=\"http:\/\/odkosticky.cz\/wp-content\/uploads\/2019\/07\/Cakoro-web.jpg\"><img loading=\"lazy\" width=\"300\" height=\"218\" src=\"http:\/\/odkosticky.cz\/wp-content\/uploads\/2019\/07\/Cakoro-web-300x218.jpg\" alt=\"\" class=\"wp-image-763\" srcset=\"https:\/\/odkosticky.cz\/wp-content\/uploads\/2019\/07\/Cakoro-web-300x218.jpg 300w, https:\/\/odkosticky.cz\/wp-content\/uploads\/2019\/07\/Cakoro-web-768x558.jpg 768w, https:\/\/odkosticky.cz\/wp-content\/uploads\/2019\/07\/Cakoro-web-1024x743.jpg 1024w\" sizes=\"(max-width: 300px) 100vw, 300px\" \/><\/a><figcaption>\u010cakoro &#8211; 3 t\u00fddny<\/figcaption><\/figure><\/div>\n\n\n\n<p><a href=\"https:\/\/www.facebook.com\/media\/set\/?set=a.2506434736311466&amp;type=3\">N\u011bkolik fotek z prvn\u00edho t\u00fddne (odkaz na n\u00e1\u0161 facebook).<\/a> Dal\u0161\u00ed fotky pod odkazem u ka\u017ed\u00e9ho ko\u0165\u00e1tka.<\/p>\n\n\n\n<p>Jak na\u0161e ko\u0165\u00e1tka rostly:<\/p>\n\n\n\n<figure class=\"wp-block-image\"><img loading=\"lazy\" width=\"945\" height=\"531\" src=\"http:\/\/odkosticky.cz\/wp-content\/uploads\/2019\/10\/pic.jpg\" alt=\"\" class=\"wp-image-812\" srcset=\"https:\/\/odkosticky.cz\/wp-content\/uploads\/2019\/10\/pic.jpg 945w, https:\/\/odkosticky.cz\/wp-content\/uploads\/2019\/10\/pic-300x169.jpg 300w, https:\/\/odkosticky.cz\/wp-content\/uploads\/2019\/10\/pic-768x432.jpg 768w\" sizes=\"(max-width: 767px) 89vw, (max-width: 1000px) 54vw, (max-width: 1071px) 543px, 580px\" \/><\/figure>\n","protected":false},"excerpt":{"rendered":"<p>P\u0159edstavujeme V\u00e1m na\u0161e ko\u0165\u00e1tka Vrh \u010c (\u010cum\u00e1\u010dci) *3.7.2019 Rodi\u010de: &nbsp;IC Paddy Phantom Cats&nbsp; \ud83d\udc95&nbsp;Scatters Flora Barva otce:&nbsp;\u010derven\u00fd st\u0159\u00edb\u0159it\u00fd s mramorovanou kresbou a b\u00edlou skvrnitost\u00ed \u2013 ds 09 22 Barva matky: \u010dern\u011b zlat\u00e1 s te\u010dkovanou kresbou \u2013 ny 24 Rodokmeny:&nbsp;https:\/\/www.pawpeds.com\/db\/?a=p&amp;ids=3:1262351;2:1390569&amp;g=4&amp;p=sib&amp;o=ajgrep Oba rodi\u010de negativn\u011b testovan\u00ed na infek\u010dn\u00ed choroby FIV a FeLV. Oba rodi\u010de vy\u0161et\u0159en\u00ed na HCM a &hellip; <\/p>\n<p class=\"link-more\"><a href=\"https:\/\/odkosticky.cz\/?page_id=673&#038;lang=cs\" class=\"more-link\">Pokra\u010dovat ve \u010dten\u00ed<span class=\"screen-reader-text\"> &#8222;Vrh \u010c &#8211; \u010cum\u00e1\u010dci&#8220;<\/span><\/a><\/p>\n","protected":false},"author":1,"featured_media":0,"parent":0,"menu_order":0,"comment_status":"closed","ping_status":"closed","template":"","meta":{"_mi_skip_tracking":false},"_links":{"self":[{"href":"https:\/\/odkosticky.cz\/index.php?rest_route=\/wp\/v2\/pages\/673"}],"collection":[{"href":"https:\/\/odkosticky.cz\/index.php?rest_route=\/wp\/v2\/pages"}],"about":[{"href":"https:\/\/odkosticky.cz\/index.php?rest_route=\/wp\/v2\/types\/page"}],"author":[{"embeddable":true,"href":"https:\/\/odkosticky.cz\/index.php?rest_route=\/wp\/v2\/users\/1"}],"replies":[{"embeddable":true,"href":"https:\/\/odkosticky.cz\/index.php?rest_route=%2Fwp%2Fv2%2Fcomments&post=673"}],"version-history":[{"count":37,"href":"https:\/\/odkosticky.cz\/index.php?rest_route=\/wp\/v2\/pages\/673\/revisions"}],"predecessor-version":[{"id":1141,"href":"https:\/\/odkosticky.cz\/index.php?rest_route=\/wp\/v2\/pages\/673\/revisions\/1141"}],"wp:attachment":[{"href":"https:\/\/odkosticky.cz\/index.php?rest_route=%2Fwp%2Fv2%2Fmedia&parent=673"}],"curies":[{"name":"wp","href":"https:\/\/api.w.org\/{rel}","templated":true}]}}