{"id":63,"date":"2017-05-20T14:51:04","date_gmt":"2017-05-20T14:51:04","guid":{"rendered":"http:\/\/odkosticky.cz\/?page_id=63"},"modified":"2019-08-15T21:36:37","modified_gmt":"2019-08-15T21:36:37","slug":"kontakt","status":"publish","type":"page","link":"https:\/\/odkosticky.cz\/?page_id=63&lang=cs","title":{"rendered":"Kontakt"},"content":{"rendered":"<p><strong>Mgr. Lucie Ku\u010derov\u00e1, Ph.D.\u00a0<\/strong><\/p>\n<p>\u010cesk\u00e9 Bud\u011bjovice<\/p>\n<p>GPS: 48.9796403N, 14.4569803E<\/p>\n<p>e-mail: info@odkosticky.cz<\/p>\n<p>telefon: (+420) 606 251 387<\/p>\n<p>Sledujte n\u00e1s na <a href=\"https:\/\/www.facebook.com\/odkosticky\">facebooku<\/a><\/p>\n<p>Sledujte n\u00e1\u0161 <a href=\"https:\/\/www.instagram.com\/odkosticky_sib\/\">instagram<\/a><\/p>\n<p>&nbsp;<\/p>\n<p>N\u00e1\u0161 banner ke sta\u017een\u00ed, d\u011bkujeme <a href=\"http:\/\/www.romankybus.cz\/\">Romanu K\u00fdbusovi <\/a>za kr\u00e1sn\u00fd obr\u00e1zek:<\/p>\n<p><a href=\"http:\/\/odkosticky.cz\/wp-content\/uploads\/2017\/05\/banner.jpg\"><img loading=\"lazy\" class=\"alignleft size-full wp-image-243\" src=\"http:\/\/odkosticky.cz\/wp-content\/uploads\/2017\/05\/banner.jpg\" alt=\"\" width=\"431\" height=\"144\" srcset=\"https:\/\/odkosticky.cz\/wp-content\/uploads\/2017\/05\/banner.jpg 431w, https:\/\/odkosticky.cz\/wp-content\/uploads\/2017\/05\/banner-300x100.jpg 300w\" sizes=\"(max-width: 431px) 100vw, 431px\" \/><\/a><\/p>\n<p>&nbsp;<\/p>\n<p>&nbsp;<\/p>\n<p>&nbsp;<\/p>\n<p>&nbsp;<\/p>\n<p>&lt;a href=&#8220;http:\/\/www.odkosticky.cz&#8220;&gt;&lt;img src=&#8220;http:\/\/www.odkosticky.cz\/wp-content\/uploads\/2017\/05\/banner.jpg&#8220; border=&#8220;0&#8243; alt=&#8220;Od Kosti\u010dky, CZ&#8220;&gt;&lt;\/a&gt;<\/p>\n","protected":false},"excerpt":{"rendered":"<p>Mgr. Lucie Ku\u010derov\u00e1, Ph.D.\u00a0 \u010cesk\u00e9 Bud\u011bjovice GPS: 48.9796403N, 14.4569803E e-mail: info@odkosticky.cz telefon: (+420) 606 251 387 Sledujte n\u00e1s na facebooku Sledujte n\u00e1\u0161 instagram &nbsp; N\u00e1\u0161 banner ke sta\u017een\u00ed, d\u011bkujeme Romanu K\u00fdbusovi za kr\u00e1sn\u00fd obr\u00e1zek: &nbsp; &nbsp; &nbsp; &nbsp; &lt;a href=&#8220;http:\/\/www.odkosticky.cz&#8220;&gt;&lt;img src=&#8220;http:\/\/www.odkosticky.cz\/wp-content\/uploads\/2017\/05\/banner.jpg&#8220; border=&#8220;0&#8243; alt=&#8220;Od Kosti\u010dky, CZ&#8220;&gt;&lt;\/a&gt;<\/p>\n","protected":false},"author":1,"featured_media":0,"parent":0,"menu_order":0,"comment_status":"closed","ping_status":"closed","template":"","meta":{"_mi_skip_tracking":false},"_links":{"self":[{"href":"https:\/\/odkosticky.cz\/index.php?rest_route=\/wp\/v2\/pages\/63"}],"collection":[{"href":"https:\/\/odkosticky.cz\/index.php?rest_route=\/wp\/v2\/pages"}],"about":[{"href":"https:\/\/odkosticky.cz\/index.php?rest_route=\/wp\/v2\/types\/page"}],"author":[{"embeddable":true,"href":"https:\/\/odkosticky.cz\/index.php?rest_route=\/wp\/v2\/users\/1"}],"replies":[{"embeddable":true,"href":"https:\/\/odkosticky.cz\/index.php?rest_route=%2Fwp%2Fv2%2Fcomments&post=63"}],"version-history":[{"count":7,"href":"https:\/\/odkosticky.cz\/index.php?rest_route=\/wp\/v2\/pages\/63\/revisions"}],"predecessor-version":[{"id":776,"href":"https:\/\/odkosticky.cz\/index.php?rest_route=\/wp\/v2\/pages\/63\/revisions\/776"}],"wp:attachment":[{"href":"https:\/\/odkosticky.cz\/index.php?rest_route=%2Fwp%2Fv2%2Fmedia&parent=63"}],"curies":[{"name":"wp","href":"https:\/\/api.w.org\/{rel}","templated":true}]}}