{"id":596,"date":"2018-12-27T12:51:13","date_gmt":"2018-12-27T12:51:13","guid":{"rendered":"http:\/\/odkosticky.cz\/?page_id=596"},"modified":"2023-05-04T13:45:43","modified_gmt":"2023-05-04T13:45:43","slug":"ciri-od-kosticky-cz","status":"publish","type":"page","link":"https:\/\/odkosticky.cz\/?page_id=596&lang=cs","title":{"rendered":"Ciri od Kosti\u010dky, CZ"},"content":{"rendered":"<p><img loading=\"lazy\" class=\"size-medium wp-image-1026 alignleft\" src=\"http:\/\/odkosticky.cz\/wp-content\/uploads\/2020\/12\/ciri2-300x300.jpg\" alt=\"\" width=\"300\" height=\"300\" srcset=\"https:\/\/odkosticky.cz\/wp-content\/uploads\/2020\/12\/ciri2-300x300.jpg 300w, https:\/\/odkosticky.cz\/wp-content\/uploads\/2020\/12\/ciri2-150x150.jpg 150w, https:\/\/odkosticky.cz\/wp-content\/uploads\/2020\/12\/ciri2-768x768.jpg 768w, https:\/\/odkosticky.cz\/wp-content\/uploads\/2020\/12\/ciri2-100x100.jpg 100w, https:\/\/odkosticky.cz\/wp-content\/uploads\/2020\/12\/ciri2.jpg 984w\" sizes=\"(max-width: 300px) 100vw, 300px\" \/> *12.5.2018<\/p>\n<p>Sibi\u0159sk\u00e1 ko\u010dka<\/p>\n<p>barva: st\u0159\u00edb\u0159it\u00e1 \u010dern\u011b te\u010dkovan\u00e1 s b\u00edlou (tzv. bimetalic)<\/p>\n<p>genotyp barev: AA BB CC DD EE Mcmc Ii Spsp Wsw wb(SIB)-<\/p>\n<p>SIB ns(nus) 09 24<\/p>\n<p><strong><a href=\"https:\/\/www.pawpeds.com\/db\/?a=p&amp;id=1410626&amp;g=4&amp;p=sib&amp;o=ajgrep\">Rodokmen<\/a><\/strong><\/p>\n<p>Potomci:<\/p>\n<ul>\n<li><a href=\"https:\/\/odkosticky.cz\/?page_id=899&amp;lang=cs\">Vrh D &#8211; 2 ko\u0165\u00e1tka<\/a> (25. 3. 2020)<\/li>\n<li><a href=\"https:\/\/odkosticky.cz\/?page_id=1112&amp;lang=cs\">Vrh E &#8211; 3 ko\u0165\u00e1tka<\/a> (6. 6. 2021)<\/li>\n<li><a href=\"https:\/\/odkosticky.cz\/?page_id=1369&amp;lang=cs\">Vrh F &#8211; 1 ko\u0165\u00e1tko (30. 8. 2022)<\/a><\/li>\n<\/ul>\n<p>Ciri je ko\u010di\u010dka z na\u0161eho <a href=\"http:\/\/odkosticky.cz\/?page_id=32&amp;lang=cs\">vrhu C<\/a>, jej\u00ed maminkou je na\u0161e <a href=\"http:\/\/odkosticky.cz\/?page_id=155&amp;lang=cs\">Fl\u00f3rka<\/a> a tat\u00ednek kr\u00e1sn\u00fd hodn\u00fd kocour <a href=\"http:\/\/www.whitewitch.cz\/benjamin.html\">Benjamin Khaleesi Delia, CZ<\/a>, kter\u00fd p\u016fsob\u00ed v chovatelsk\u00e9 stanici <a href=\"http:\/\/www.whitewitch.cz\/kocky.html\">White Witch<\/a>. Barvu srsti zd\u011bdila po tat\u00ednkovi. M\u00e1 kr\u00e1sn\u00e9 zelen\u00e9 o\u010di.<\/p>\n<p>Ciri se sice narodila jako druh\u00e1, ale od mali\u010dka to byla pr\u016fzkumnice a v\u0161udybylka, tak\u017ee se v\u017edy sna\u017eila sv\u00e9ho br\u00e1\u0161ku <a href=\"http:\/\/odkosticky.cz\/?page_id=556&amp;lang=cs\">Cida<\/a> p\u0159edb\u011bhnout. Prvn\u00ed otev\u0159ela jedno o\u010dko, prvn\u00ed vylezla z pel\u00ed\u0161ku, prvn\u00ed se zakousla do mas\u00ed\u010dka a stra\u0161n\u011b p\u0159i tom vr\u010dela. Sv\u00e9ho br\u00e1\u0161ku by cht\u011bla v\u0161ude doprov\u00e1zet, kdy\u017e d\u00e1m Cida do p\u0159epravky, s\u00e1\u010dkuje se tam taky. U veterin\u00e1\u0159e \u0161la br\u00e1\u0161ku chr\u00e1nit, kdy\u017e se mu tam poprv\u00e9 moc nel\u00edbilo a zak\u0148oural. Cirinka je velk\u00fd poku\u0161itel a loupe\u017en\u00edk. Vym\u00fd\u0161l\u00ed jak \u0161plhat po konzol\u00edch, i kdy\u017e jsou chr\u00e1n\u011bn\u00e9 m\u0159\u00ed\u017ekou. Vyzkoumala, \u017ee se d\u00e1 vl\u00e9zt do skryt\u00e9ho kutlochu pod postel\u00ed, kam se \u017e\u00e1dn\u00e1 jin\u00e1 na\u0161e ko\u010dka nevejde (dodatek: u\u017e jsme to kone\u010dn\u011b zad\u011blali, aby to na\u0161e \u017e\u00ed\u017eala a Schwarzenegr v jednom neprobagrovala, ale dostali jsme za to \u0159\u00e1dn\u011b vynad\u00e1no). Ob\u010das mi uloup\u00ed podt\u00e1cek, misku pod kv\u011btin\u00e1\u010d a bere to jako svoji v\u00edt\u011bzoslavnou trofej a super hra\u010dku. Po vzoru maminky Fl\u00f3rky se nau\u010dila \u0161plhat po s\u00edt\u00edch, p\u0159edv\u00e1d\u00ed neuv\u011b\u0159iteln\u00e9 akrobatick\u00e9 prvky a m\u00e1 velkou s\u00edlu. P\u0159itom je velice mazliv\u00e1 a mil\u00e1, p\u0159i pohlazen\u00ed za\u010dne vrn\u011bt, duc\u00e1 do \u010dlov\u011bka hlavi\u010dkou a nastavuje h\u0159b\u00edtek. Ka\u017ed\u00fd ve\u010der si za mnou vleze do postele, chvilku mi sk\u00e1\u010de po pe\u0159in\u011b a chce honit prsty a pak se ke mn\u011b p\u0159itisne k boku a \u010dek\u00e1 a\u017e usnu.<\/p>\n<figure id=\"attachment_601\" aria-describedby=\"caption-attachment-601\" style=\"width: 300px\" class=\"wp-caption alignleft\"><img loading=\"lazy\" class=\"wp-image-601 size-medium\" src=\"http:\/\/odkosticky.cz\/wp-content\/uploads\/2018\/12\/Ciri6t-300x199.jpg\" alt=\"\" width=\"300\" height=\"199\" srcset=\"https:\/\/odkosticky.cz\/wp-content\/uploads\/2018\/12\/Ciri6t-300x199.jpg 300w, https:\/\/odkosticky.cz\/wp-content\/uploads\/2018\/12\/Ciri6t-768x511.jpg 768w, https:\/\/odkosticky.cz\/wp-content\/uploads\/2018\/12\/Ciri6t-1024x681.jpg 1024w, https:\/\/odkosticky.cz\/wp-content\/uploads\/2018\/12\/Ciri6t.jpg 1504w\" sizes=\"(max-width: 300px) 100vw, 300px\" \/><figcaption id=\"caption-attachment-601\" class=\"wp-caption-text\">6 t\u00fddn\u016f<\/figcaption><\/figure>\n<figure id=\"attachment_602\" aria-describedby=\"caption-attachment-602\" style=\"width: 300px\" class=\"wp-caption alignright\"><img loading=\"lazy\" class=\"wp-image-602 size-medium\" src=\"http:\/\/odkosticky.cz\/wp-content\/uploads\/2018\/12\/Ciri2m-300x199.jpg\" alt=\"\" width=\"300\" height=\"199\" srcset=\"https:\/\/odkosticky.cz\/wp-content\/uploads\/2018\/12\/Ciri2m-300x199.jpg 300w, https:\/\/odkosticky.cz\/wp-content\/uploads\/2018\/12\/Ciri2m-768x511.jpg 768w, https:\/\/odkosticky.cz\/wp-content\/uploads\/2018\/12\/Ciri2m-1024x681.jpg 1024w, https:\/\/odkosticky.cz\/wp-content\/uploads\/2018\/12\/Ciri2m.jpg 1504w\" sizes=\"(max-width: 300px) 100vw, 300px\" \/><figcaption id=\"caption-attachment-602\" class=\"wp-caption-text\">2 m\u011bs\u00edce<\/figcaption><\/figure>\n<p>Cirinka bude bydlet u n\u00e1s doma. Ob\u010das zajedeme na n\u011bjakou v\u00fdstavu (na t\u00e9 prvn\u00ed se j\u00ed docela l\u00edbilo a dostala hezk\u00fd posudek), v roce 2020 m\u011bla sv\u016fj prvn\u00ed vrh ko\u0165\u00e1tek, dva velmi kr\u00e1sn\u00e9 a velmi mil\u00e9 kluky. Je trochu v\u011bt\u0161\u00ed ne\u017e jej\u00ed maminka Fl\u00f3ra a moc j\u00ed to slu\u0161\u00ed.<\/p>\n<p><img loading=\"lazy\" class=\"alignnone size-large wp-image-1025\" src=\"http:\/\/odkosticky.cz\/wp-content\/uploads\/2020\/12\/cirinka2-1024x662.jpg\" alt=\"\" width=\"525\" height=\"339\" srcset=\"https:\/\/odkosticky.cz\/wp-content\/uploads\/2020\/12\/cirinka2-1024x662.jpg 1024w, https:\/\/odkosticky.cz\/wp-content\/uploads\/2020\/12\/cirinka2-300x194.jpg 300w, https:\/\/odkosticky.cz\/wp-content\/uploads\/2020\/12\/cirinka2-768x497.jpg 768w\" sizes=\"(max-width: 525px) 100vw, 525px\" \/><\/p>\n<h4><strong>Zdravotn\u00ed testy:<\/strong><\/h4>\n<p>Krevn\u00ed skupina\u00a0\u2013 A\/A (testov\u00e1no geneticky u MyCatDNA)<\/p>\n<p>FIV \u2013 testovan\u00e1 s negativn\u00edm v\u00fdsledkem (b\u0159ezen 2021)<\/p>\n<p>FeLV \u2013 testovan\u00e1 s negativn\u00edm v\u00fdsledkem (b\u0159ezen 2021)<\/p>\n<p><em>Chlamydie<\/em> \u2013 testovan\u00e1 s negativn\u00edm v\u00fdsledkem (duben 2023), pravideln\u011b o\u010dkovan\u00e1<\/p>\n<p><em>Mycoplasma, Ureaplasma<\/em> \u2013 testovan\u00e1 s negativn\u00edm v\u00fdsledkem (duben 2023)<\/p>\n<p><em>Streptococcus<\/em> \u2013 testovan\u00e1 s negativn\u00edm v\u00fdsledkem (naposledy duben 2022)<\/p>\n<p>FCoV &#8211; protil\u00e1tky bez n\u00e1lezu (leden 2020), RT-PCR negativn\u00ed (duben 2022)<\/p>\n<p>Giardie \u2013 testov\u00e1na s negativn\u00edm v\u00fdsledkem (naposledy b\u0159ezen 2023)<\/p>\n<p>PKD\u00a0\u2013 opakovan\u00e9 sonografick\u00e9 vy\u0161et\u0159en\u00ed bez n\u00e1lezu (naposledy prosinec 2020), nenese mutaci PKD1 (MyCatDNA), kter\u00e1 zp\u016fsobuje degenerativn\u00ed onemocn\u011bn\u00ed ledvin<\/p>\n<p>HCM \u2013 opakovan\u00e9 sonografick\u00e9 vy\u0161et\u0159en\u00ed bez n\u00e1lezu (naposledy leden 2022) vice na <a href=\"https:\/\/pawpeds.com\/db\/?a=h&amp;id=1410626&amp;g=4&amp;p=sib&amp;o=ajgrep\">pawpeds<\/a>, nenese \u017e\u00e1dnou zn\u00e1mou mutaci, kter\u00e1 zp\u016fsobuje degenerativn\u00ed onemocn\u011bn\u00ed srdce (MyCatDNA)<\/p>\n<p>PKdef \u2013 nen\u00ed nositelem mutace PKdef, kter\u00e1 zp\u016fsobuje hemolytickou an\u00e9mii ko\u010dek (MyCatDNA)<\/p>\n<p>Nadpr\u016fm\u011brn\u011b vysok\u00e1 genetick\u00e1 diverzita &#8211; 38,4%<\/p>\n<p style=\"text-align: center;\"><img loading=\"lazy\" class=\"alignnone size-large wp-image-863\" src=\"http:\/\/odkosticky.cz\/wp-content\/uploads\/2019\/11\/cirda-1024x681.jpg\" alt=\"\" width=\"525\" height=\"349\" srcset=\"https:\/\/odkosticky.cz\/wp-content\/uploads\/2019\/11\/cirda-1024x681.jpg 1024w, https:\/\/odkosticky.cz\/wp-content\/uploads\/2019\/11\/cirda-300x199.jpg 300w, https:\/\/odkosticky.cz\/wp-content\/uploads\/2019\/11\/cirda-768x510.jpg 768w, https:\/\/odkosticky.cz\/wp-content\/uploads\/2019\/11\/cirda.jpg 2048w\" sizes=\"(max-width: 525px) 100vw, 525px\" \/><\/p>\n","protected":false},"excerpt":{"rendered":"<p>*12.5.2018 Sibi\u0159sk\u00e1 ko\u010dka barva: st\u0159\u00edb\u0159it\u00e1 \u010dern\u011b te\u010dkovan\u00e1 s b\u00edlou (tzv. bimetalic) genotyp barev: AA BB CC DD EE Mcmc Ii Spsp Wsw wb(SIB)- SIB ns(nus) 09 24 Rodokmen Potomci: Vrh D &#8211; 2 ko\u0165\u00e1tka (25. 3. 2020) Vrh E &#8211; 3 ko\u0165\u00e1tka (6. 6. 2021) Vrh F &#8211; 1 ko\u0165\u00e1tko (30. 8. 2022) Ciri je &hellip; <\/p>\n<p class=\"link-more\"><a href=\"https:\/\/odkosticky.cz\/?page_id=596&#038;lang=cs\" class=\"more-link\">Pokra\u010dovat ve \u010dten\u00ed<span class=\"screen-reader-text\"> &#8222;Ciri od Kosti\u010dky, CZ&#8220;<\/span><\/a><\/p>\n","protected":false},"author":1,"featured_media":0,"parent":0,"menu_order":0,"comment_status":"closed","ping_status":"closed","template":"","meta":{"_mi_skip_tracking":false},"_links":{"self":[{"href":"https:\/\/odkosticky.cz\/index.php?rest_route=\/wp\/v2\/pages\/596"}],"collection":[{"href":"https:\/\/odkosticky.cz\/index.php?rest_route=\/wp\/v2\/pages"}],"about":[{"href":"https:\/\/odkosticky.cz\/index.php?rest_route=\/wp\/v2\/types\/page"}],"author":[{"embeddable":true,"href":"https:\/\/odkosticky.cz\/index.php?rest_route=\/wp\/v2\/users\/1"}],"replies":[{"embeddable":true,"href":"https:\/\/odkosticky.cz\/index.php?rest_route=%2Fwp%2Fv2%2Fcomments&post=596"}],"version-history":[{"count":34,"href":"https:\/\/odkosticky.cz\/index.php?rest_route=\/wp\/v2\/pages\/596\/revisions"}],"predecessor-version":[{"id":1406,"href":"https:\/\/odkosticky.cz\/index.php?rest_route=\/wp\/v2\/pages\/596\/revisions\/1406"}],"wp:attachment":[{"href":"https:\/\/odkosticky.cz\/index.php?rest_route=%2Fwp%2Fv2%2Fmedia&parent=596"}],"curies":[{"name":"wp","href":"https:\/\/api.w.org\/{rel}","templated":true}]}}