{"id":508,"date":"2018-08-13T17:06:03","date_gmt":"2018-08-13T17:06:03","guid":{"rendered":"http:\/\/odkosticky.cz\/?page_id=508"},"modified":"2025-05-28T20:47:23","modified_gmt":"2025-05-28T20:47:23","slug":"odchovy","status":"publish","type":"page","link":"https:\/\/odkosticky.cz\/?page_id=508&lang=cs","title":{"rendered":"Odchovy"},"content":{"rendered":"<h4 style=\"text-align: left;\"><a href=\"https:\/\/odkosticky.cz\/?page_id=1369&amp;lang=cs\">Vrh F &#8211; Fili (* 30.8.2022<\/a>)<\/h4>\n<p>1 ko\u0165\u00e1tko &#8211; holka (Filippa)<\/p>\n<h4><a href=\"http:\/\/odkosticky.cz\/?page_id=1112&amp;lang=cs\">Vrh E &#8211; Elf\u00edci (* 6.6.2021)<\/a><\/h4>\n<p><a href=\"https:\/\/odkosticky.cz\/?page_id=1112&amp;lang=cs\"><img loading=\"lazy\" class=\"alignnone size-medium wp-image-1218\" src=\"http:\/\/odkosticky.cz\/wp-content\/uploads\/2022\/01\/dohromady-300x157.jpg\" alt=\"\" width=\"300\" height=\"157\" srcset=\"https:\/\/odkosticky.cz\/wp-content\/uploads\/2022\/01\/dohromady-300x157.jpg 300w, https:\/\/odkosticky.cz\/wp-content\/uploads\/2022\/01\/dohromady-1024x535.jpg 1024w, https:\/\/odkosticky.cz\/wp-content\/uploads\/2022\/01\/dohromady-768x401.jpg 768w, https:\/\/odkosticky.cz\/wp-content\/uploads\/2022\/01\/dohromady-1536x802.jpg 1536w, https:\/\/odkosticky.cz\/wp-content\/uploads\/2022\/01\/dohromady.jpg 1768w\" sizes=\"(max-width: 300px) 100vw, 300px\" \/><\/a><\/p>\n<p>3 ko\u0165\u00e1tka &#8211; 1 kluk (Egbert) a 2 holky (Esm\u00e9e a Eowyn)<\/p>\n<h4><a href=\"http:\/\/odkosticky.cz\/?page_id=899&amp;lang=cs\">Vrh D &#8211; Dudl\u00edci (* 25.3.2020)<\/a><\/h4>\n<p><img loading=\"lazy\" class=\"alignnone size-medium wp-image-907\" src=\"http:\/\/odkosticky.cz\/wp-content\/uploads\/2020\/03\/dudlici-300x161.jpg\" alt=\"\" width=\"300\" height=\"161\" srcset=\"https:\/\/odkosticky.cz\/wp-content\/uploads\/2020\/03\/dudlici-300x161.jpg 300w, https:\/\/odkosticky.cz\/wp-content\/uploads\/2020\/03\/dudlici-768x411.jpg 768w, https:\/\/odkosticky.cz\/wp-content\/uploads\/2020\/03\/dudlici-1024x548.jpg 1024w\" sizes=\"(max-width: 300px) 100vw, 300px\" \/><\/p>\n<p>2 ko\u0165\u00e1tka &#8211; 2 kluci (Dwalin a Durin)<\/p>\n<h4><a href=\"http:\/\/odkosticky.cz\/?page_id=673&amp;lang=cs\">Vrh \u010c &#8211; \u010cum\u00e1\u010dci (* 3.7. 2019)<\/a><\/h4>\n<p><a href=\"http:\/\/odkosticky.cz\/?page_id=673&amp;lang=cs\"><img loading=\"lazy\" class=\"alignnone size-medium wp-image-744\" src=\"http:\/\/odkosticky.cz\/wp-content\/uploads\/2019\/07\/skupinovka2t-300x154.jpg\" alt=\"\" width=\"300\" height=\"154\" srcset=\"https:\/\/odkosticky.cz\/wp-content\/uploads\/2019\/07\/skupinovka2t-300x154.jpg 300w, https:\/\/odkosticky.cz\/wp-content\/uploads\/2019\/07\/skupinovka2t-768x393.jpg 768w, https:\/\/odkosticky.cz\/wp-content\/uploads\/2019\/07\/skupinovka2t-1024x524.jpg 1024w\" sizes=\"(max-width: 300px) 100vw, 300px\" \/><\/a><\/p>\n<p>5 ko\u0165\u00e1tek &#8211; t\u0159i kluci (\u010cingi, \u010cert, \u010c\u00e1ryfuk) a dv\u011b holky (\u010caro, \u010cakoro).<\/p>\n<h4><a href=\"http:\/\/odkosticky.cz\/?page_id=32&amp;lang=cs\">Vrh C &#8211; Cvr\u010dkov\u00e9 (* 12. 5. 2018)<\/a><\/h4>\n<p><a href=\"http:\/\/odkosticky.cz\/?page_id=32&amp;lang=cs\"><img loading=\"lazy\" class=\"alignnone size-medium wp-image-497\" src=\"http:\/\/odkosticky.cz\/wp-content\/uploads\/2018\/08\/cvrckove2-300x149.jpg\" alt=\"\" width=\"300\" height=\"149\" srcset=\"https:\/\/odkosticky.cz\/wp-content\/uploads\/2018\/08\/cvrckove2-300x149.jpg 300w, https:\/\/odkosticky.cz\/wp-content\/uploads\/2018\/08\/cvrckove2-768x382.jpg 768w, https:\/\/odkosticky.cz\/wp-content\/uploads\/2018\/08\/cvrckove2-1024x509.jpg 1024w, https:\/\/odkosticky.cz\/wp-content\/uploads\/2018\/08\/cvrckove2.jpg 1880w\" sizes=\"(max-width: 300px) 100vw, 300px\" \/><\/a><\/p>\n<p>2 ko\u0165\u00e1tka &#8211; Cid (kluk) a Ciri (holka)<\/p>\n","protected":false},"excerpt":{"rendered":"<p>Vrh F &#8211; Fili (* 30.8.2022) 1 ko\u0165\u00e1tko &#8211; holka (Filippa) Vrh E &#8211; Elf\u00edci (* 6.6.2021) 3 ko\u0165\u00e1tka &#8211; 1 kluk (Egbert) a 2 holky (Esm\u00e9e a Eowyn) Vrh D &#8211; Dudl\u00edci (* 25.3.2020) 2 ko\u0165\u00e1tka &#8211; 2 kluci (Dwalin a Durin) Vrh \u010c &#8211; \u010cum\u00e1\u010dci (* 3.7. 2019) 5 ko\u0165\u00e1tek &#8211; t\u0159i kluci &hellip; <\/p>\n<p class=\"link-more\"><a href=\"https:\/\/odkosticky.cz\/?page_id=508&#038;lang=cs\" class=\"more-link\">Pokra\u010dovat ve \u010dten\u00ed<span class=\"screen-reader-text\"> &#8222;Odchovy&#8220;<\/span><\/a><\/p>\n","protected":false},"author":1,"featured_media":0,"parent":0,"menu_order":0,"comment_status":"closed","ping_status":"closed","template":"","meta":{"_mi_skip_tracking":false},"_links":{"self":[{"href":"https:\/\/odkosticky.cz\/index.php?rest_route=\/wp\/v2\/pages\/508"}],"collection":[{"href":"https:\/\/odkosticky.cz\/index.php?rest_route=\/wp\/v2\/pages"}],"about":[{"href":"https:\/\/odkosticky.cz\/index.php?rest_route=\/wp\/v2\/types\/page"}],"author":[{"embeddable":true,"href":"https:\/\/odkosticky.cz\/index.php?rest_route=\/wp\/v2\/users\/1"}],"replies":[{"embeddable":true,"href":"https:\/\/odkosticky.cz\/index.php?rest_route=%2Fwp%2Fv2%2Fcomments&post=508"}],"version-history":[{"count":19,"href":"https:\/\/odkosticky.cz\/index.php?rest_route=\/wp\/v2\/pages\/508\/revisions"}],"predecessor-version":[{"id":1438,"href":"https:\/\/odkosticky.cz\/index.php?rest_route=\/wp\/v2\/pages\/508\/revisions\/1438"}],"wp:attachment":[{"href":"https:\/\/odkosticky.cz\/index.php?rest_route=%2Fwp%2Fv2%2Fmedia&parent=508"}],"curies":[{"name":"wp","href":"https:\/\/api.w.org\/{rel}","templated":true}]}}