{"id":506,"date":"2018-08-13T17:05:13","date_gmt":"2018-08-13T17:05:13","guid":{"rendered":"http:\/\/odkosticky.cz\/?page_id=506"},"modified":"2025-05-28T20:35:44","modified_gmt":"2025-05-28T20:35:44","slug":"plany","status":"publish","type":"page","link":"https:\/\/odkosticky.cz\/?page_id=506&lang=cs","title":{"rendered":"Pl\u00e1ny"},"content":{"rendered":"\n<p>V l\u00e9t\u011b 2025 pl\u00e1nujeme po del\u0161\u00ed pauze 1 vrh ko\u0165\u00e1tek. Detaily snad ji\u017e brzy.<\/p>\n","protected":false},"excerpt":{"rendered":"<p>V l\u00e9t\u011b 2025 pl\u00e1nujeme po del\u0161\u00ed pauze 1 vrh ko\u0165\u00e1tek. Detaily snad ji\u017e brzy.<\/p>\n","protected":false},"author":1,"featured_media":0,"parent":0,"menu_order":0,"comment_status":"closed","ping_status":"closed","template":"","meta":{"_mi_skip_tracking":false},"_links":{"self":[{"href":"https:\/\/odkosticky.cz\/index.php?rest_route=\/wp\/v2\/pages\/506"}],"collection":[{"href":"https:\/\/odkosticky.cz\/index.php?rest_route=\/wp\/v2\/pages"}],"about":[{"href":"https:\/\/odkosticky.cz\/index.php?rest_route=\/wp\/v2\/types\/page"}],"author":[{"embeddable":true,"href":"https:\/\/odkosticky.cz\/index.php?rest_route=\/wp\/v2\/users\/1"}],"replies":[{"embeddable":true,"href":"https:\/\/odkosticky.cz\/index.php?rest_route=%2Fwp%2Fv2%2Fcomments&post=506"}],"version-history":[{"count":31,"href":"https:\/\/odkosticky.cz\/index.php?rest_route=\/wp\/v2\/pages\/506\/revisions"}],"predecessor-version":[{"id":1434,"href":"https:\/\/odkosticky.cz\/index.php?rest_route=\/wp\/v2\/pages\/506\/revisions\/1434"}],"wp:attachment":[{"href":"https:\/\/odkosticky.cz\/index.php?rest_route=%2Fwp%2Fv2%2Fmedia&parent=506"}],"curies":[{"name":"wp","href":"https:\/\/api.w.org\/{rel}","templated":true}]}}