{"id":504,"date":"2018-08-13T17:03:50","date_gmt":"2018-08-13T17:03:50","guid":{"rendered":"http:\/\/odkosticky.cz\/?page_id=504"},"modified":"2023-06-29T11:23:13","modified_gmt":"2023-06-29T11:23:13","slug":"kotatka-2","status":"publish","type":"page","link":"https:\/\/odkosticky.cz\/?page_id=504&lang=cs","title":{"rendered":"Ko\u0165\u00e1tka"},"content":{"rendered":"<p>Moment\u00e1ln\u011b nem\u00e1me \u017e\u00e1dn\u00e1 ko\u0165\u00e1tka a v pr\u016fb\u011bhu roku 2023 v na\u0161\u00ed chovatelsk\u00e9 stanici \u017e\u00e1dn\u00fd vrh nepl\u00e1nujeme.<\/p>\n<p>Nad\u00e1le sem a na n\u00e1\u0161 facebook budu p\u0159id\u00e1vat informace o potomc\u00edch na\u0161ich odchov\u016f, kter\u00e9 se narodily v jin\u00fdch chovatelsk\u00fdch stanic\u00edch, p\u0159\u00edpadn\u011b o pl\u00e1novan\u00fdch verz\u00edch po na\u0161em kocourkovi <a href=\"http:\/\/odkosticky.cz\/?page_id=1054&amp;lang=cs\">GIC Durinovi od Kosti\u010dky, CZ<\/a>, kter\u00fd z\u016fst\u00e1v\u00e1 sou\u010d\u00e1st\u00ed na\u0161\u00ed chovatelsk\u00e9 stanice. U Durina je mo\u017en\u00e9 se domluvit na extern\u00edm kryti pouze pro sibi\u0159sk\u00e9 ko\u010dky s pr\u016fkazem p\u016fvodu \u017eij\u00edc\u00edch u majitel\u016f s registrovanou chovatelskou stanic\u00ed. P\u0159ed kryt\u00edm se uzav\u00edr\u00e1 p\u00edsemn\u00e1 smlouva. Pro bli\u017e\u0161\u00ed informace m\u011b <a style=\"font-size: inherit;\" href=\"http:\/\/odkosticky.cz\/?page_id=63&amp;lang=cs\">kontaktujte<\/a><span style=\"font-size: inherit;\">.<\/span><\/p>\n<p>Na\u0161e podm\u00ednky (odchov ko\u0165\u00e1tek moment\u00e1ln\u011b nepl\u00e1nujeme):<\/p>\n<ul>\n<li>Ko\u0165\u00e1tka od n\u00e1s do nov\u00fdch domov\u016f odch\u00e1z\u00ed nejd\u0159\u00edve ve v\u011bku 14. t\u00fddn\u016f.<\/li>\n<li>V\u0161echna na\u0161e ko\u0165ata maj\u00ed pr\u016fkaz p\u016fvodu vystaven\u00fd Plemennou knihou SCHK.<\/li>\n<li>Rodi\u010de ko\u0165\u00e1tek maj\u00ed pravidelnou veterin\u00e1rn\u00ed p\u00e9\u010di a chod\u00ed na pravideln\u00e9 zdravotn\u00ed kontroly a vy\u0161et\u0159en\u00ed na infek\u010dn\u00ed i d\u011bdi\u010dn\u00e1 onemocn\u011bn\u00ed.<\/li>\n<li>V\u0161echna na\u0161e ko\u0165\u00e1tka budou p\u0159i odchodu do nov\u00e9ho domova \u010dipovan\u00e1 a \u010dip bude registrovan\u00fd v datab\u00e1zi <a href=\"https:\/\/www.backhome.cz\/\">Backhome<\/a> a mezin\u00e1rodn\u00ed datab\u00e1zi <a href=\"http:\/\/www.petmaxx.com\/\">Petmaxx<\/a>.<\/li>\n<li>Ko\u0165\u00e1tka budou od\u010derven\u00e1 a pln\u011b vakcinovan\u00e1 (prvn\u00ed o\u010dkov\u00e1n\u00ed + p\u0159eo\u010dkov\u00e1n\u00ed), p\u0159ed odchodem do nov\u00e9ho domova u nich bude proveden parazitologick\u00fd koprologick\u00fd test.<\/li>\n<li>Ko\u0165\u00e1tka prodan\u00e1 na mazl\u00ed\u010dka budou z na\u0161\u00ed chovatelsk\u00e9 stanice odch\u00e1zet ji\u017e kastrovan\u00e1 ve v\u011bku p\u0159ibli\u017en\u011b 3,5 m\u011bs\u00edce.<\/li>\n<li>S nov\u00fdmi majiteli uzav\u00edr\u00e1me v\u017edy kupn\u00ed smlouvu.<\/li>\n<li>Ka\u017ed\u00e9 ko\u0165\u00e1tko dostane mal\u00fd bal\u00ed\u010dek do nov\u00e9ho domova.<\/li>\n<li>Nab\u00edz\u00edme chovatelsk\u00fd servis, s nov\u00fdmi majiteli r\u00e1di z\u016fstaneme v kontaktu a r\u00e1di v\u00e1m porad\u00edme.<\/li>\n<li>P\u0159ed z\u00e1vaznou rezervac\u00ed ko\u0165\u00e1tka preferujeme va\u0161i n\u00e1v\u0161t\u011bvu u n\u00e1s.<\/li>\n<li>Z\u00e1vazn\u00e9 rezervace na ko\u0165\u00e1tka bereme nejd\u0159\u00edve v p\u011bti t\u00fddnech v\u011bku ko\u0165\u00e1tek.<\/li>\n<li>Ko\u0165\u00e1tka m\u00edv\u00e1me p\u0159ibli\u017en\u011b 1x do roka, nikdy nem\u016f\u017eeme dop\u0159edu garantovat po\u010det ko\u0165\u00e1tek a jejich pohlav\u00ed. V\u011bnujeme jim maxim\u00e1ln\u00ed p\u00e9\u010di, pros\u00edm tedy p\u0159\u00edpadn\u00e9 z\u00e1jemce o trp\u011blivost.<\/li>\n<\/ul>\n","protected":false},"excerpt":{"rendered":"<p>Moment\u00e1ln\u011b nem\u00e1me \u017e\u00e1dn\u00e1 ko\u0165\u00e1tka a v pr\u016fb\u011bhu roku 2023 v na\u0161\u00ed chovatelsk\u00e9 stanici \u017e\u00e1dn\u00fd vrh nepl\u00e1nujeme. Nad\u00e1le sem a na n\u00e1\u0161 facebook budu p\u0159id\u00e1vat informace o potomc\u00edch na\u0161ich odchov\u016f, kter\u00e9 se narodily v jin\u00fdch chovatelsk\u00fdch stanic\u00edch, p\u0159\u00edpadn\u011b o pl\u00e1novan\u00fdch verz\u00edch po na\u0161em kocourkovi GIC Durinovi od Kosti\u010dky, CZ, kter\u00fd z\u016fst\u00e1v\u00e1 sou\u010d\u00e1st\u00ed na\u0161\u00ed chovatelsk\u00e9 stanice. U &hellip; <\/p>\n<p class=\"link-more\"><a href=\"https:\/\/odkosticky.cz\/?page_id=504&#038;lang=cs\" class=\"more-link\">Pokra\u010dovat ve \u010dten\u00ed<span class=\"screen-reader-text\"> &#8222;Ko\u0165\u00e1tka&#8220;<\/span><\/a><\/p>\n","protected":false},"author":1,"featured_media":0,"parent":0,"menu_order":0,"comment_status":"closed","ping_status":"closed","template":"","meta":{"_mi_skip_tracking":false},"_links":{"self":[{"href":"https:\/\/odkosticky.cz\/index.php?rest_route=\/wp\/v2\/pages\/504"}],"collection":[{"href":"https:\/\/odkosticky.cz\/index.php?rest_route=\/wp\/v2\/pages"}],"about":[{"href":"https:\/\/odkosticky.cz\/index.php?rest_route=\/wp\/v2\/types\/page"}],"author":[{"embeddable":true,"href":"https:\/\/odkosticky.cz\/index.php?rest_route=\/wp\/v2\/users\/1"}],"replies":[{"embeddable":true,"href":"https:\/\/odkosticky.cz\/index.php?rest_route=%2Fwp%2Fv2%2Fcomments&post=504"}],"version-history":[{"count":21,"href":"https:\/\/odkosticky.cz\/index.php?rest_route=\/wp\/v2\/pages\/504\/revisions"}],"predecessor-version":[{"id":1429,"href":"https:\/\/odkosticky.cz\/index.php?rest_route=\/wp\/v2\/pages\/504\/revisions\/1429"}],"wp:attachment":[{"href":"https:\/\/odkosticky.cz\/index.php?rest_route=%2Fwp%2Fv2%2Fmedia&parent=504"}],"curies":[{"name":"wp","href":"https:\/\/api.w.org\/{rel}","templated":true}]}}