{"id":496,"date":"2018-08-13T16:51:22","date_gmt":"2018-08-13T16:51:22","guid":{"rendered":"http:\/\/odkosticky.cz\/?page_id=496"},"modified":"2020-03-29T23:57:34","modified_gmt":"2020-03-29T23:57:34","slug":"previous-litters","status":"publish","type":"page","link":"https:\/\/odkosticky.cz\/?page_id=496&lang=en","title":{"rendered":"Our litters"},"content":{"rendered":"<h4><a href=\"http:\/\/odkosticky.cz\/?page_id=913&amp;lang=en\">Litter D (* 25.3.2020)<\/a><\/h4>\n<p><img loading=\"lazy\" class=\"alignnone size-medium wp-image-911\" src=\"http:\/\/odkosticky.cz\/wp-content\/uploads\/2020\/03\/dudlici-1-300x161.jpg\" alt=\"\" width=\"300\" height=\"161\" srcset=\"https:\/\/odkosticky.cz\/wp-content\/uploads\/2020\/03\/dudlici-1-300x161.jpg 300w, https:\/\/odkosticky.cz\/wp-content\/uploads\/2020\/03\/dudlici-1-768x411.jpg 768w, https:\/\/odkosticky.cz\/wp-content\/uploads\/2020\/03\/dudlici-1-1024x548.jpg 1024w\" sizes=\"(max-width: 300px) 100vw, 300px\" \/><\/p>\n<p>2 kittens were born: Two boys (Dwalin and Durin)<\/p>\n<p>pictures on our <a href=\"https:\/\/www.facebook.com\/pg\/odkosticky\/photos\/?tab=album&amp;album_id=2847173482237588\">facebook<\/a> and <a href=\"https:\/\/www.instagram.com\/odkosticky_sib\/\">instagram<\/a><\/p>\n<h4><a href=\"http:\/\/odkosticky.cz\/?page_id=683&amp;lang=en\">Litter \u010c (* 3.7. 2019)<\/a><\/h4>\n<p>5 kittens were born: Three boys (\u010cingi, \u010cert, \u010c\u00e1ryfuk) and two girls (\u010caro and \u010cakoro).<\/p>\n<h4><a href=\"http:\/\/odkosticky.cz\/?page_id=117&amp;lang=en\">Litter C (* 12. 5. 2018)<\/a><\/h4>\n<p><a href=\"http:\/\/odkosticky.cz\/?page_id=117&amp;lang=en\"><img loading=\"lazy\" class=\"alignnone size-medium wp-image-497\" src=\"http:\/\/odkosticky.cz\/wp-content\/uploads\/2018\/08\/cvrckove2-300x149.jpg\" alt=\"\" width=\"300\" height=\"149\" srcset=\"https:\/\/odkosticky.cz\/wp-content\/uploads\/2018\/08\/cvrckove2-300x149.jpg 300w, https:\/\/odkosticky.cz\/wp-content\/uploads\/2018\/08\/cvrckove2-768x382.jpg 768w, https:\/\/odkosticky.cz\/wp-content\/uploads\/2018\/08\/cvrckove2-1024x509.jpg 1024w, https:\/\/odkosticky.cz\/wp-content\/uploads\/2018\/08\/cvrckove2.jpg 1880w\" sizes=\"(max-width: 300px) 100vw, 300px\" \/><\/a><\/p>\n<p>2 kittens were born: Cid (boy) and Ciri (girl)<\/p>\n","protected":false},"excerpt":{"rendered":"<p>Litter D (* 25.3.2020) 2 kittens were born: Two boys (Dwalin and Durin) pictures on our facebook and instagram Litter \u010c (* 3.7. 2019) 5 kittens were born: Three boys (\u010cingi, \u010cert, \u010c\u00e1ryfuk) and two girls (\u010caro and \u010cakoro). Litter C (* 12. 5. 2018) 2 kittens were born: Cid (boy) and Ciri (girl)<\/p>\n","protected":false},"author":1,"featured_media":0,"parent":0,"menu_order":0,"comment_status":"closed","ping_status":"closed","template":"","meta":{"_mi_skip_tracking":false},"_links":{"self":[{"href":"https:\/\/odkosticky.cz\/index.php?rest_route=\/wp\/v2\/pages\/496"}],"collection":[{"href":"https:\/\/odkosticky.cz\/index.php?rest_route=\/wp\/v2\/pages"}],"about":[{"href":"https:\/\/odkosticky.cz\/index.php?rest_route=\/wp\/v2\/types\/page"}],"author":[{"embeddable":true,"href":"https:\/\/odkosticky.cz\/index.php?rest_route=\/wp\/v2\/users\/1"}],"replies":[{"embeddable":true,"href":"https:\/\/odkosticky.cz\/index.php?rest_route=%2Fwp%2Fv2%2Fcomments&post=496"}],"version-history":[{"count":13,"href":"https:\/\/odkosticky.cz\/index.php?rest_route=\/wp\/v2\/pages\/496\/revisions"}],"predecessor-version":[{"id":918,"href":"https:\/\/odkosticky.cz\/index.php?rest_route=\/wp\/v2\/pages\/496\/revisions\/918"}],"wp:attachment":[{"href":"https:\/\/odkosticky.cz\/index.php?rest_route=%2Fwp%2Fv2%2Fmedia&parent=496"}],"curies":[{"name":"wp","href":"https:\/\/api.w.org\/{rel}","templated":true}]}}