{"id":488,"date":"2018-08-13T16:25:41","date_gmt":"2018-08-13T16:25:41","guid":{"rendered":"http:\/\/odkosticky.cz\/?page_id=488"},"modified":"2023-06-29T11:26:01","modified_gmt":"2023-06-29T11:26:01","slug":"kittens-2","status":"publish","type":"page","link":"https:\/\/odkosticky.cz\/?page_id=488&lang=en","title":{"rendered":"Kittens"},"content":{"rendered":"<p>We do not have any kittens available now and we do not plan any litter during 2023.<\/p>\n<p>You can still follow our <a href=\"https:\/\/www.facebook.com\/odkosticky\">Facebook<\/a> page where I will post updates about our graduates currently living in Austria and France. I will also post there any information about planned litters of our stud GIC Durin od Kosti\u010dky, CZ.<\/p>\n<p><a href=\"http:\/\/odkosticky.cz\/?page_id=1054&amp;lang=cs\">GIC Durin od Kosti\u010dky, CZ<\/a> is part of our cattery and he is available for external mating in other registered catteries of Siberian cats. <span style=\"font-size: inherit;\">If you are interested about stud service, you can <\/span><a style=\"font-size: inherit;\" href=\"http:\/\/odkosticky.cz\/?page_id=115&amp;lang=en\">contact us.<\/a><\/p>\n<p>Our conditions (breeding of kittens currently postponed in our cattery):<\/p>\n<ul>\n<li>All kittens can leave to new homes earliest after 14th weeks of age.<\/li>\n<li>All kittens will get FIF\u00e9 (SCHK) confirmed pedigree.<\/li>\n<li>Parents of kittens are regularly tested for hereditary and infectious diseases.<\/li>\n<li>All kittens will be chipped before departure and chip will be registered (including registration at international database <a href=\"http:\/\/www.petmaxx.com\/\">Petmaxx<\/a>).<\/li>\n<li>Kittens will be dewormed, vaccinated (vaccination+revaccination) and coprology test will be done before leaving to their new home.<\/li>\n<li>Kittens sold as pet will be neutered before leaving to their new home.<\/li>\n<li>All kittens are sold upon written Sells Contract.<\/li>\n<li>Every kitten will get some small gift package for the way to the new home (including some food samples, favourite toy,\u2026).<\/li>\n<li>We like to be in touch with owners of our kittens, we also offer our help and advice about cat care and breeding.<\/li>\n<li>We prefere your visit at our home (or at least Skype call) before kitten reservation.<\/li>\n<\/ul>\n","protected":false},"excerpt":{"rendered":"<p>We do not have any kittens available now and we do not plan any litter during 2023. You can still follow our Facebook page where I will post updates about our graduates currently living in Austria and France. I will also post there any information about planned litters of our stud GIC Durin od Kosti\u010dky, &hellip; <\/p>\n<p class=\"link-more\"><a href=\"https:\/\/odkosticky.cz\/?page_id=488&#038;lang=en\" class=\"more-link\">Pokra\u010dovat ve \u010dten\u00ed<span class=\"screen-reader-text\"> &#8222;Kittens&#8220;<\/span><\/a><\/p>\n","protected":false},"author":1,"featured_media":0,"parent":0,"menu_order":0,"comment_status":"closed","ping_status":"closed","template":"","meta":{"_mi_skip_tracking":false},"_links":{"self":[{"href":"https:\/\/odkosticky.cz\/index.php?rest_route=\/wp\/v2\/pages\/488"}],"collection":[{"href":"https:\/\/odkosticky.cz\/index.php?rest_route=\/wp\/v2\/pages"}],"about":[{"href":"https:\/\/odkosticky.cz\/index.php?rest_route=\/wp\/v2\/types\/page"}],"author":[{"embeddable":true,"href":"https:\/\/odkosticky.cz\/index.php?rest_route=\/wp\/v2\/users\/1"}],"replies":[{"embeddable":true,"href":"https:\/\/odkosticky.cz\/index.php?rest_route=%2Fwp%2Fv2%2Fcomments&post=488"}],"version-history":[{"count":13,"href":"https:\/\/odkosticky.cz\/index.php?rest_route=\/wp\/v2\/pages\/488\/revisions"}],"predecessor-version":[{"id":1431,"href":"https:\/\/odkosticky.cz\/index.php?rest_route=\/wp\/v2\/pages\/488\/revisions\/1431"}],"wp:attachment":[{"href":"https:\/\/odkosticky.cz\/index.php?rest_route=%2Fwp%2Fv2%2Fmedia&parent=488"}],"curies":[{"name":"wp","href":"https:\/\/api.w.org\/{rel}","templated":true}]}}