{"id":378,"date":"2018-05-11T17:50:06","date_gmt":"2018-05-11T17:50:06","guid":{"rendered":"http:\/\/odkosticky.cz\/?page_id=378"},"modified":"2018-05-11T17:50:06","modified_gmt":"2018-05-11T17:50:06","slug":"kostickovy-pohadky","status":"publish","type":"page","link":"https:\/\/odkosticky.cz\/?page_id=378&lang=cs","title":{"rendered":"Kosti\u010dkovy poh\u00e1dky"},"content":{"rendered":"<p>Kosti\u010dkovo ko\u0165\u00e1tkovsk\u00e9 bloud\u011bn\u00ed o b\u00edl\u00fdch V\u00e1noc\u00edch inspirovalo m\u00e9ho man\u017eela k\u00a0naps\u00e1n\u00ed jeho prvn\u00ed d\u011btsk\u00e9 knihy s\u00a0n\u00e1zvem\u00a0<a href=\"http:\/\/www.databazeknih.cz\/knihy\/pohadky-kocoura-kosticky-71609\"><strong>Poh\u00e1dky kocoura Kosti\u010dky<\/strong><\/a>. Kniha u\u017e je v\u00a0sou\u010dasnosti vyprodan\u00e1, ale velice \u010dasto si j\u00ed m\u016f\u017eete vyp\u016fj\u010dit v m\u011bstsk\u00fdch knihovn\u00e1ch. Hlavn\u00ed d\u011bjovou linkou tohoto p\u0159\u00edb\u011bhu je hled\u00e1n\u00ed domova pro opu\u0161t\u011bn\u00e9 kot\u011b. V\u011bt\u0161ina zv\u00ed\u0159ec\u00edch hrdin\u016f t\u00e9to knihy m\u00e1 svoje opravdick\u00e9 prot\u011bj\u0161ky.<\/p>\n<p><a href=\"http:\/\/odkosticky.cz\/wp-content\/uploads\/2017\/05\/pohadky-kocoura-kosticky.jpg\"><img loading=\"lazy\" class=\"aligncenter size-full wp-image-256\" src=\"http:\/\/odkosticky.cz\/wp-content\/uploads\/2017\/05\/pohadky-kocoura-kosticky.jpg\" alt=\"\" width=\"221\" height=\"287\" \/><\/a><\/p>\n<p>P\u0159ed letn\u00edmi pr\u00e1zdninami 2017 vy\u0161la dal\u0161\u00ed kniha s\u00a0n\u00e1zvem\u00a0<a href=\"https:\/\/www.fantasyobchod.cz\/kostickova-dobrodruzstvi-v-kockomori\"><strong>Kosti\u010dkova dobrodru\u017estv\u00ed v\u00a0Ko\u010dkomo\u0159\u00ed<\/strong><\/a>. V\u00a0p\u0159\u00edb\u011bhu se op\u011bt objevuje spousta zv\u00ed\u0159\u00e1tek a mezi nimi i ko\u010di\u010dka Bru\u0148di\u010dka (<a href=\"http:\/\/odkosticky.cz\/?page_id=75&amp;lang=cs\">Rozklikn\u011bte z\u00e1lo\u017eku Na\u0161e ko\u010dky<\/a>, abyste se dozv\u011bd\u011bli, kdo byl pro tuto postavu inspirac\u00ed).<\/p>\n<p>Knihu si m\u016f\u017eete objednat p\u0159\u00edmo u nakladatele p\u0159es e-shop <a href=\"https:\/\/www.fantasyobchod.cz\/kostickova-dobrodruzstvi-v-kockomori\">fantasyobchod.cz<\/a>. Zakoupen\u00edm t\u00e9to knihy p\u0159isp\u011bjete 10 K\u010d na ko\u010dky v nouzi, o kter\u00e9 se star\u00e1 neziskov\u00e1 organizace <a href=\"http:\/\/kockycb.cz\/\">Ko\u010dky \u010cB<\/a>.<\/p>\n<p><a href=\"http:\/\/odkosticky.cz\/wp-content\/uploads\/2017\/05\/kostickova-dobrodruzstvi-v-kockomori-obalka.jpg\"><img loading=\"lazy\" class=\"aligncenter size-medium wp-image-257\" src=\"http:\/\/odkosticky.cz\/wp-content\/uploads\/2017\/05\/kostickova-dobrodruzstvi-v-kockomori-obalka-216x300.jpg\" sizes=\"(max-width: 216px) 100vw, 216px\" srcset=\"http:\/\/odkosticky.cz\/wp-content\/uploads\/2017\/05\/kostickova-dobrodruzstvi-v-kockomori-obalka-216x300.jpg 216w, http:\/\/odkosticky.cz\/wp-content\/uploads\/2017\/05\/kostickova-dobrodruzstvi-v-kockomori-obalka.jpg 592w\" alt=\"\" width=\"216\" height=\"300\" \/><\/a><\/p>\n<p>Pokud v\u00e1s tyto d\u011btsk\u00e9 kn\u00ed\u017eky zaujaly, t\u0159eba se v\u00e1m budou l\u00edbit i <a href=\"https:\/\/www.fantasyobchod.cz\/zbynek-k-holub-autor-937.html\">dal\u0161\u00ed knihy od stejn\u00e9ho autora<\/a>.<\/p>\n<p>&nbsp;<\/p>\n<p>&nbsp;<\/p>\n","protected":false},"excerpt":{"rendered":"<p>Kosti\u010dkovo ko\u0165\u00e1tkovsk\u00e9 bloud\u011bn\u00ed o b\u00edl\u00fdch V\u00e1noc\u00edch inspirovalo m\u00e9ho man\u017eela k\u00a0naps\u00e1n\u00ed jeho prvn\u00ed d\u011btsk\u00e9 knihy s\u00a0n\u00e1zvem\u00a0Poh\u00e1dky kocoura Kosti\u010dky. Kniha u\u017e je v\u00a0sou\u010dasnosti vyprodan\u00e1, ale velice \u010dasto si j\u00ed m\u016f\u017eete vyp\u016fj\u010dit v m\u011bstsk\u00fdch knihovn\u00e1ch. Hlavn\u00ed d\u011bjovou linkou tohoto p\u0159\u00edb\u011bhu je hled\u00e1n\u00ed domova pro opu\u0161t\u011bn\u00e9 kot\u011b. V\u011bt\u0161ina zv\u00ed\u0159ec\u00edch hrdin\u016f t\u00e9to knihy m\u00e1 svoje opravdick\u00e9 prot\u011bj\u0161ky. P\u0159ed letn\u00edmi pr\u00e1zdninami &hellip; <\/p>\n<p class=\"link-more\"><a href=\"https:\/\/odkosticky.cz\/?page_id=378&#038;lang=cs\" class=\"more-link\">Pokra\u010dovat ve \u010dten\u00ed<span class=\"screen-reader-text\"> &#8222;Kosti\u010dkovy poh\u00e1dky&#8220;<\/span><\/a><\/p>\n","protected":false},"author":1,"featured_media":0,"parent":0,"menu_order":0,"comment_status":"closed","ping_status":"closed","template":"","meta":{"_mi_skip_tracking":false},"_links":{"self":[{"href":"https:\/\/odkosticky.cz\/index.php?rest_route=\/wp\/v2\/pages\/378"}],"collection":[{"href":"https:\/\/odkosticky.cz\/index.php?rest_route=\/wp\/v2\/pages"}],"about":[{"href":"https:\/\/odkosticky.cz\/index.php?rest_route=\/wp\/v2\/types\/page"}],"author":[{"embeddable":true,"href":"https:\/\/odkosticky.cz\/index.php?rest_route=\/wp\/v2\/users\/1"}],"replies":[{"embeddable":true,"href":"https:\/\/odkosticky.cz\/index.php?rest_route=%2Fwp%2Fv2%2Fcomments&post=378"}],"version-history":[{"count":1,"href":"https:\/\/odkosticky.cz\/index.php?rest_route=\/wp\/v2\/pages\/378\/revisions"}],"predecessor-version":[{"id":379,"href":"https:\/\/odkosticky.cz\/index.php?rest_route=\/wp\/v2\/pages\/378\/revisions\/379"}],"wp:attachment":[{"href":"https:\/\/odkosticky.cz\/index.php?rest_route=%2Fwp%2Fv2%2Fmedia&parent=378"}],"curies":[{"name":"wp","href":"https:\/\/api.w.org\/{rel}","templated":true}]}}