{"id":335,"date":"2018-03-11T22:45:01","date_gmt":"2018-03-11T22:45:01","guid":{"rendered":"http:\/\/odkosticky.cz\/?page_id=335"},"modified":"2018-03-11T22:45:01","modified_gmt":"2018-03-11T22:45:01","slug":"proc-chovatelska-stanice-od-kosticky","status":"publish","type":"page","link":"https:\/\/odkosticky.cz\/?page_id=335&lang=cs","title":{"rendered":"Pro\u010d chovatelsk\u00e1 stanice \u201eod Kosti\u010dky\u201c?"},"content":{"rendered":"<p><a href=\"http:\/\/odkosticky.cz\/wp-content\/uploads\/2017\/05\/s-Kostickou.jpg\"><img loading=\"lazy\" class=\"alignleft size-medium wp-image-255\" src=\"http:\/\/odkosticky.cz\/wp-content\/uploads\/2017\/05\/s-Kostickou-300x215.jpg\" alt=\"\" width=\"300\" height=\"215\" srcset=\"https:\/\/odkosticky.cz\/wp-content\/uploads\/2017\/05\/s-Kostickou-300x215.jpg 300w, https:\/\/odkosticky.cz\/wp-content\/uploads\/2017\/05\/s-Kostickou.jpg 661w\" sizes=\"(max-width: 300px) 100vw, 300px\" \/><\/a>Kosti\u010dka byl n\u00e1\u0161 prvn\u00ed Sibi\u0159sk\u00fd kocourek, kter\u00fd se mnou a m\u00fdm man\u017eelem (v t\u00e9 dob\u011b je\u0161t\u011b p\u0159\u00edtelem) bydlel v\u00a0na\u0161\u00ed spole\u010dn\u00e9 dom\u00e1cnosti a kter\u00fd m\u011b poprv\u00e9 uvedl do ko\u010di\u010d\u00edho sv\u011bta. Z\u016fstane nav\u017edycky v\u00a0m\u00e9m srdci a j\u00e1 chci, aby se stal na\u0161\u00edm patronem.<\/p>\n<p>Kosti\u010dka se vykulil o b\u00edl\u00fdch V\u00e1noc\u00edch na zahrad\u011b m\u00fdch \u0161\u00e9f\u016f, co by dvoum\u011bs\u00ed\u010dn\u00ed st\u0159apat\u00e9 pokakan\u00e9 a hladov\u00e9 kot\u011b. Nikdo ho nesh\u00e1n\u011bl, a tak jsme usoudili, \u017ee ho z\u0159ejm\u011b n\u011bkdo vyhodil, co by nevhodn\u00fd v\u00e1no\u010dn\u00ed d\u00e1rek (proto si p\u0159\u00edchod nov\u00e9ho \u010dlena do rodiny v\u017edy pe\u010dliv\u011b rozmyslet, zv\u00ed\u0159e jako d\u00e1rek-p\u0159ekvapen\u00ed m\u016f\u017ee sice p\u0159in\u00e9st mnoho radosti, ale bez rozv\u00e1\u017een\u00ed se tak\u00e9 snadno m\u016f\u017ee st\u00e1t d\u00e1rkem nevhodn\u00fdm). U\u017e co by kot\u011b byl Kost\u00edk v\u016f\u010di dom\u00e1c\u00edm ko\u010dk\u00e1m tak trochu terorista a rostl jako z\u00a0vody. A tak se po p\u00e1r m\u011bs\u00edc\u00edch st\u011bhoval k\u00a0n\u00e1m do bytu, kde se b\u011bhem deseti minut uvelebil v\u00a0posteli s\u00a0nov\u00fdm p\u00e1n\u00ed\u010dkem a bylo jasno. Veterin\u00e1\u0159 m\u011b p\u0159i ka\u017ed\u00e9 n\u00e1v\u0161t\u011bv\u011b ubezpe\u010doval, \u017ee Kosti\u010dka je jist\u011b n\u011bjak\u00fd \u201e\u0161lechtic\u201c, a tak jsem se pustila do detektivn\u00edho p\u00e1tr\u00e1n\u00ed, kter\u00e9 kupodivu bylo \u00fasp\u011b\u0161n\u00e9 a p\u0159es sourozence od Brna jsem se dop\u00e1trala k\u00a0Sibi\u0159sk\u00fdm rodi\u010d\u016fm s\u00a0PP, kte\u0159\u00ed \u017eili v\u00a0Ostrav\u011b a Krnov\u011b. Rodi\u010de byli docela bl\u00edzce p\u0159\u00edbuzn\u00ed (index <a href=\"https:\/\/cs.wikipedia.org\/wiki\/Inbreeding\">inbreedingu<\/a> na p\u011bti generac\u00edch 13,2% &#8211; tato hodnota vyjad\u0159uje, \u017ee a\u017e 13,2% gen\u016f, kter\u00e9 zv\u00ed\u0159e nese, m\u016f\u017ee b\u00fdt zcela identick\u00fdch), co\u017e mi docela vrtalo hlavou a b\u00e1la jsem se, aby to nevy\u00fastilo v\u00a0n\u011bjak\u00e9 zdravotn\u00ed komplikace, s\u00a0t\u011bmi jsme se nakonec opravdu museli pot\u00fdkat, i kdy\u017e jejich p\u016fvod byl trochu jin\u00fd.<\/p>\n<p>Kosti\u010dka byl zt\u011blesn\u011bn\u00edm v\u0161eho, co obdivuji na Sibi\u0159sk\u00fdch ko\u010dk\u00e1ch \u2013 byl velice p\u0159\u00e1telsk\u00fd, aktivn\u00ed, kontaktn\u00ed. M\u011bl kr\u00e1sn\u00fd hu\u0148at\u00fd st\u0159\u00edbrn\u00fd ko\u017e\u00ed\u0161ek s\u00a0tyg\u0159\u00edmi pruhy a zelen\u00e9 o\u010di. Byl to super par\u0165\u00e1k.<\/p>\n<h4>Poh\u00e1dkov\u00fd kocourek Kosti\u010dka<\/h4>\n<p>Kosti\u010dkovo ko\u0165\u00e1tkovsk\u00e9 bloud\u011bn\u00ed o b\u00edl\u00fdch V\u00e1noc\u00edch inspirovalo m\u00e9ho man\u017eela k\u00a0naps\u00e1n\u00ed d\u011btsk\u00e9 knihy s\u00a0n\u00e1zvem <a href=\"http:\/\/www.databazeknih.cz\/knihy\/pohadky-kocoura-kosticky-71609\"><strong>Poh\u00e1dky kocoura Kosti\u010dky<\/strong><\/a>. Kniha u\u017e je v\u00a0sou\u010dasnosti vyprodan\u00e1. Hlavn\u00ed d\u011bjovou linkou tohoto p\u0159\u00edb\u011bhu je hled\u00e1n\u00ed domova pro opu\u0161t\u011bn\u00e9 kot\u011b. V\u011bt\u0161ina zv\u00ed\u0159ec\u00edch hrdin\u016f t\u00e9to knihy m\u00e1 svoje opravdick\u00e9 prot\u011bj\u0161ky.<\/p>\n<p><a href=\"http:\/\/odkosticky.cz\/wp-content\/uploads\/2017\/05\/pohadky-kocoura-kosticky.jpg\"><img loading=\"lazy\" class=\"aligncenter size-full wp-image-256\" src=\"http:\/\/odkosticky.cz\/wp-content\/uploads\/2017\/05\/pohadky-kocoura-kosticky.jpg\" alt=\"\" width=\"221\" height=\"287\" \/><\/a><\/p>\n<p>P\u0159ed letn\u00edmi pr\u00e1zdninami 2017 vy\u0161la dal\u0161\u00ed kniha s\u00a0n\u00e1zvem <a href=\"https:\/\/www.fantasyobchod.cz\/kostickova-dobrodruzstvi-v-kockomori\"><strong>Kosti\u010dkova dobrodru\u017estv\u00ed v\u00a0Ko\u010dkomo\u0159\u00ed<\/strong><\/a>. A j\u00e1 v\u00e1m prozrad\u00edm, \u017ee kocour Kosti\u010dka v\u00a0n\u00ed tentokr\u00e1t bude zachra\u0148ovat sv\u00e9ho kamar\u00e1da kocourka Flek\u00e1\u010dka. V\u00a0p\u0159\u00edb\u011bhu se op\u011bt objevuje spousta zv\u00ed\u0159\u00e1tek a mezi nimi i ko\u010di\u010dka Bru\u0148di\u010dka (<a href=\"http:\/\/odkosticky.cz\/?page_id=75&amp;lang=cs\">Rozklikn\u011bte z\u00e1lo\u017eku Na\u0161e ko\u010dky<\/a>, abyste se dozv\u011bd\u011bli, kdo byl pro tuto postavu inspirac\u00ed).<\/p>\n<p><a href=\"http:\/\/odkosticky.cz\/wp-content\/uploads\/2017\/05\/kostickova-dobrodruzstvi-v-kockomori-obalka.jpg\"><img loading=\"lazy\" class=\"aligncenter size-medium wp-image-257\" src=\"http:\/\/odkosticky.cz\/wp-content\/uploads\/2017\/05\/kostickova-dobrodruzstvi-v-kockomori-obalka-216x300.jpg\" alt=\"\" width=\"216\" height=\"300\" srcset=\"https:\/\/odkosticky.cz\/wp-content\/uploads\/2017\/05\/kostickova-dobrodruzstvi-v-kockomori-obalka-216x300.jpg 216w, https:\/\/odkosticky.cz\/wp-content\/uploads\/2017\/05\/kostickova-dobrodruzstvi-v-kockomori-obalka.jpg 592w\" sizes=\"(max-width: 216px) 100vw, 216px\" \/><\/a><\/p>\n<h4>A poh\u00e1dky je konec \uf04c<\/h4>\n<p>Bohu\u017eel prvn\u00ed varov\u00e1n\u00ed, \u017ee v\u0161echno nen\u00ed v\u00a0po\u0159\u00e1dku, p\u0159i\u0161lo, kdy\u017e mi majitelka Kosti\u010dkovy maminky napsala, \u017ee ko\u010di\u010dka zem\u0159ela ve t\u0159ech letech, pr\u00fd na selh\u00e1n\u00ed jater. Pak u\u017e mi na moje zpr\u00e1vy d\u00e1l neodpov\u00eddala. K\u00a0selh\u00e1n\u00ed jater velmi \u010dasto doch\u00e1z\u00ed v\u00a0d\u016fsledku otravy organismu, u venkovn\u00edch ko\u010dek je v\u00edce pravd\u011bpodobn\u00e9, \u017ee p\u0159ijdou do kontaktu s\u00a0n\u011b\u010d\u00edm opravdu jedovat\u00fdm (typicky s\u00a0jedem na krysy, nebo m\u016f\u017eou sn\u00edst otr\u00e1venou my\u0161), u ko\u010dek \u017eij\u00edc\u00edch jen doma z\u00e1le\u017e\u00ed v\u00edc na majiteli, jestli si dok\u00e1\u017ee ohl\u00eddat, aby jeho ko\u010dka nep\u0159i\u0161la do kontaktu s\u00a0jedovat\u00fdmi rostlinami, drog\u00e9ri\u00ed, l\u00e9ky. Selh\u00e1n\u00ed jater m\u016f\u017ee b\u00fdt tak\u00e9 \u010dastou komplikac\u00ed u ko\u010dek, kter\u00e9 trp\u00ed chronick\u00fdm z\u00e1n\u011btem nebo vleklou infekc\u00ed a to byl asi p\u0159\u00edpad Kost\u00edkovy maminky. Velmi brzy jsem si na Kost\u00edkovi v\u0161imla, \u017ee nerad \u017ev\u00fdk\u00e1 a kou\u0161e, trp\u011bl \u010dasto na z\u00e1n\u011bty d\u00e1sn\u00ed a ve t\u0159ech letech se k\u00a0tomu je\u0161t\u011b p\u0159idalo onemocn\u011bn\u00ed FORL (zubn\u00ed resorp\u010dn\u00ed l\u00e9ze \u2013 je to autoimunitn\u00ed onemocn\u011bn\u00ed, kdy se zuby samovoln\u011b od ko\u0159en\u016f rozpadaj\u00ed, <a href=\"https:\/\/pawpeds.com\/pawacademy\/health\/teeth\/index_cs.html\">v\u00edce zde<\/a>). Z\u00e1n\u011bty d\u00e1sn\u00ed se \u010dasto vyskytuj\u00ed u v\u0161ech ko\u010dek, i t\u011bch ne\u0161lecht\u011bn\u00fdch dom\u00e1c\u00edch. Bu\u010f jsou zp\u016fsobeny infekci (kter\u00e1 je velmi \u010dast\u00e1 u venkovn\u00edch neo\u010dkovan\u00fdch ko\u010dek) nebo jsou z\u0159ejm\u011b d\u011bdi\u010dn\u00e9. Probl\u00e9my se zuby jsme nakonec vy\u0159e\u0161ili po n\u00e1v\u0161t\u011bv\u011b veterin\u00e1rn\u00edho zuba\u0159e specialisty, v\u0159ele doporu\u010duji MVDr. Slabou z\u00a0veterin\u00e1rn\u00ed ordinace <a href=\"http:\/\/www.arvet.cz\/\">Arvet<\/a> v\u00a0P\u00edsku. U\u017e sem se t\u011b\u0161ila, \u017ee m\u00e1me v\u0161echny komplikace zd\u00e1rn\u011b za sebou, kdy\u017e Kosti\u010dka dostal z\u00e1chvat a zem\u0159el na n\u00e1hl\u00e9 selh\u00e1n\u00ed srdce, byli jsme spolu akor\u00e1t sedm let. A\u017e pozd\u011b jsem kontaktovala dal\u0161\u00ed majitele Kosti\u010dkov\u00fdch p\u0159\u00edbuzn\u00fdch a ti mi potvrdili, \u017ee i jejich ko\u010di\u010dky maj\u00ed probl\u00e9my se srdcem a na vin\u011b je z\u0159ejm\u011b genetick\u00e9 onemocn\u011bn\u00ed srdce HCM (v\u00edce o HCM na <a href=\"http:\/\/www.goisovka.cz\/\">goisovka.cz<\/a>), kter\u00e9 zd\u011bdil ze strany otce.<\/p>\n<p><a href=\"http:\/\/odkosticky.cz\/wp-content\/uploads\/2017\/05\/kosticka.jpg\"><img loading=\"lazy\" class=\"alignleft size-medium wp-image-271\" src=\"http:\/\/odkosticky.cz\/wp-content\/uploads\/2017\/05\/kosticka-300x200.jpg\" alt=\"\" width=\"300\" height=\"200\" srcset=\"https:\/\/odkosticky.cz\/wp-content\/uploads\/2017\/05\/kosticka-300x200.jpg 300w, https:\/\/odkosticky.cz\/wp-content\/uploads\/2017\/05\/kosticka-768x511.jpg 768w, https:\/\/odkosticky.cz\/wp-content\/uploads\/2017\/05\/kosticka.jpg 1000w\" sizes=\"(max-width: 300px) 100vw, 300px\" \/><\/a>N\u011bkdo si t\u0159eba \u0159ekne, to jsou ty p\u0159e\u0161lecht\u011bn\u00e9 ko\u010dky \u2013 nen\u00ed to pravda. V\u0161echny v\u00fd\u0161e zmi\u0148ovan\u00e9 nemoci se p\u0159ibli\u017en\u011b podobn\u011b \u010dasto vyskytuj\u00ed i u ne\u0161lecht\u011bn\u00fdch venkovn\u00edch ko\u010dek (dle zku\u0161enost\u00ed m\u00fdch zn\u00e1m\u00fdch, kte\u0159\u00ed se staraj\u00ed o ko\u010dky nebo vedou \u00fatulek, i podle v\u011bdeck\u00fdch statistik) a nejsou to zase tak vz\u00e1cn\u00e1 onemocn\u011bn\u00ed \u2013 16%, 30%,\u2026 &#8211; to nejsou mal\u00e1 \u010d\u00edsla. Ale je pravda, \u017ee kdy\u017e v\u00a0chovu partnera vyb\u00edr\u00e1 chovatel, m\u011bl by o t\u011bchto nemocech v\u011bd\u011bt a m\u011bl by db\u00e1t, aby pravd\u011bpodobnost v\u00fdskytu nemoc\u00ed u sv\u00fdch odchov\u016f sp\u00ed\u0161 sni\u017eoval ne\u017e naopak. D\u00edky tomu, \u017ee Sibi\u0159sk\u00e9 ko\u010dky jsou pom\u011brn\u011b mlad\u00e9 plemeno a jejich genetick\u00e1 variabilita i v\u00fdbava prozat\u00edm odpov\u00edd\u00e1 sp\u00ed\u0161 voln\u011b \u017eij\u00edc\u00ed populaci ko\u010dek, od kter\u00e9 se odvozuj\u00ed, je zdrav\u00ed odchov\u016f a budoucnost plemene pln\u011b v\u00a0rukou chovatel\u016f.<\/p>\n","protected":false},"excerpt":{"rendered":"<p>Kosti\u010dka byl n\u00e1\u0161 prvn\u00ed Sibi\u0159sk\u00fd kocourek, kter\u00fd se mnou a m\u00fdm man\u017eelem (v t\u00e9 dob\u011b je\u0161t\u011b p\u0159\u00edtelem) bydlel v\u00a0na\u0161\u00ed spole\u010dn\u00e9 dom\u00e1cnosti a kter\u00fd m\u011b poprv\u00e9 uvedl do ko\u010di\u010d\u00edho sv\u011bta. Z\u016fstane nav\u017edycky v\u00a0m\u00e9m srdci a j\u00e1 chci, aby se stal na\u0161\u00edm patronem. Kosti\u010dka se vykulil o b\u00edl\u00fdch V\u00e1noc\u00edch na zahrad\u011b m\u00fdch \u0161\u00e9f\u016f, co by dvoum\u011bs\u00ed\u010dn\u00ed st\u0159apat\u00e9 &hellip; <\/p>\n<p class=\"link-more\"><a href=\"https:\/\/odkosticky.cz\/?page_id=335&#038;lang=cs\" class=\"more-link\">Pokra\u010dovat ve \u010dten\u00ed<span class=\"screen-reader-text\"> &#8222;Pro\u010d chovatelsk\u00e1 stanice \u201eod Kosti\u010dky\u201c?&#8220;<\/span><\/a><\/p>\n","protected":false},"author":1,"featured_media":0,"parent":0,"menu_order":0,"comment_status":"closed","ping_status":"closed","template":"","meta":{"_mi_skip_tracking":false},"_links":{"self":[{"href":"https:\/\/odkosticky.cz\/index.php?rest_route=\/wp\/v2\/pages\/335"}],"collection":[{"href":"https:\/\/odkosticky.cz\/index.php?rest_route=\/wp\/v2\/pages"}],"about":[{"href":"https:\/\/odkosticky.cz\/index.php?rest_route=\/wp\/v2\/types\/page"}],"author":[{"embeddable":true,"href":"https:\/\/odkosticky.cz\/index.php?rest_route=\/wp\/v2\/users\/1"}],"replies":[{"embeddable":true,"href":"https:\/\/odkosticky.cz\/index.php?rest_route=%2Fwp%2Fv2%2Fcomments&post=335"}],"version-history":[{"count":1,"href":"https:\/\/odkosticky.cz\/index.php?rest_route=\/wp\/v2\/pages\/335\/revisions"}],"predecessor-version":[{"id":336,"href":"https:\/\/odkosticky.cz\/index.php?rest_route=\/wp\/v2\/pages\/335\/revisions\/336"}],"wp:attachment":[{"href":"https:\/\/odkosticky.cz\/index.php?rest_route=%2Fwp%2Fv2%2Fmedia&parent=335"}],"curies":[{"name":"wp","href":"https:\/\/api.w.org\/{rel}","templated":true}]}}