{"id":33,"date":"2017-05-20T13:23:37","date_gmt":"2017-05-20T13:23:37","guid":{"rendered":"http:\/\/odkosticky.cz\/?page_id=33"},"modified":"2018-05-11T17:50:45","modified_gmt":"2018-05-11T17:50:45","slug":"o-nas","status":"publish","type":"page","link":"https:\/\/odkosticky.cz\/?page_id=33&lang=cs","title":{"rendered":"O n\u00e1s"},"content":{"rendered":"<p>Na\u0161e chovatelsk\u00e1 stanice se v\u011bnuje chovu Sibi\u0159sk\u00fdch ko\u010dek (podle standardu FIF\u00e9 &#8211; zam\u011b\u0159ujeme se tedy na odchov ko\u0165\u00e1tek bez colourpoint zbarven\u00ed). Ko\u010dky mne prov\u00e1zej\u00ed od m\u00fdch vysoko\u0161kolsk\u00fdch studi\u00ed, kdy se b\u0159ez\u00ed ko\u010dka Mamu\u0161a nal\u00e1kala na moji porci gul\u00e1\u0161e k\u00a0domu m\u00fdch rodi\u010d\u016f. Pozd\u011bji jsem se sezn\u00e1mila s\u00a0ko\u010di\u010d\u00edm \u010dlov\u011bkem a tak s\u00a0n\u00e1mi ve spole\u010dn\u00e9 dom\u00e1cnosti od roku 2008 \u017eij\u00ed ko\u010dky a d\u00edlem osudu se jimi staly Sibi\u0159ky.<\/p>\n<p>&nbsp;<\/p>\n<p>Chcete-li se o dozv\u011bd\u011bt v\u00edce &#8211; n\u00e1sledujte rozcestn\u00edk. Do z\u00e1lo\u017eky &#8222;Jak to u n\u00e1s chod\u00ed&#8220; budu postupn\u011b p\u0159id\u00e1vat rady a zku\u0161enosti k p\u00e9\u010di o ko\u010dky.<\/p>\n<p>&nbsp;<\/p>\n<p><a href=\"http:\/\/odkosticky.cz\/?page_id=324&amp;lang=cs\">O Sibi\u0159sk\u00fdch ko\u010dk\u00e1ch<\/a><\/p>\n<p><a href=\"http:\/\/odkosticky.cz\/?page_id=329&amp;lang=cs\">Pro\u010d cht\u00edt ko\u010dku (sibi\u0159ku) s PP?<\/a><\/p>\n<p><a href=\"http:\/\/odkosticky.cz\/?page_id=335&amp;lang=cs\">Pro\u010d chovatelsk\u00e1 stanice \u201eod Kosti\u010dky\u201c?<\/a><\/p>\n<p><a href=\"http:\/\/odkosticky.cz\/?page_id=338&amp;lang=cs\">Jak to u n\u00e1s chod\u00ed?<\/a><\/p>\n<p><a href=\"http:\/\/odkosticky.cz\/?page_id=378&amp;lang=cs\">P\u0159e\u010dt\u011bte si Kosti\u010dkovy poh\u00e1dky<\/a><\/p>\n<p><a href=\"http:\/\/odkosticky.cz\/?page_id=370&amp;lang=cs\">Kontakt na ko\u010di\u010d\u00ed \u00fatulky v \u010cB a bl\u00edzk\u00e9m okol\u00ed<\/a><\/p>\n<p>&nbsp;<\/p>\n","protected":false},"excerpt":{"rendered":"<p>Na\u0161e chovatelsk\u00e1 stanice se v\u011bnuje chovu Sibi\u0159sk\u00fdch ko\u010dek (podle standardu FIF\u00e9 &#8211; zam\u011b\u0159ujeme se tedy na odchov ko\u0165\u00e1tek bez colourpoint zbarven\u00ed). Ko\u010dky mne prov\u00e1zej\u00ed od m\u00fdch vysoko\u0161kolsk\u00fdch studi\u00ed, kdy se b\u0159ez\u00ed ko\u010dka Mamu\u0161a nal\u00e1kala na moji porci gul\u00e1\u0161e k\u00a0domu m\u00fdch rodi\u010d\u016f. Pozd\u011bji jsem se sezn\u00e1mila s\u00a0ko\u010di\u010d\u00edm \u010dlov\u011bkem a tak s\u00a0n\u00e1mi ve spole\u010dn\u00e9 dom\u00e1cnosti od roku &hellip; <\/p>\n<p class=\"link-more\"><a href=\"https:\/\/odkosticky.cz\/?page_id=33&#038;lang=cs\" class=\"more-link\">Pokra\u010dovat ve \u010dten\u00ed<span class=\"screen-reader-text\"> &#8222;O n\u00e1s&#8220;<\/span><\/a><\/p>\n","protected":false},"author":1,"featured_media":0,"parent":0,"menu_order":0,"comment_status":"closed","ping_status":"closed","template":"","meta":{"_mi_skip_tracking":false},"_links":{"self":[{"href":"https:\/\/odkosticky.cz\/index.php?rest_route=\/wp\/v2\/pages\/33"}],"collection":[{"href":"https:\/\/odkosticky.cz\/index.php?rest_route=\/wp\/v2\/pages"}],"about":[{"href":"https:\/\/odkosticky.cz\/index.php?rest_route=\/wp\/v2\/types\/page"}],"author":[{"embeddable":true,"href":"https:\/\/odkosticky.cz\/index.php?rest_route=\/wp\/v2\/users\/1"}],"replies":[{"embeddable":true,"href":"https:\/\/odkosticky.cz\/index.php?rest_route=%2Fwp%2Fv2%2Fcomments&post=33"}],"version-history":[{"count":26,"href":"https:\/\/odkosticky.cz\/index.php?rest_route=\/wp\/v2\/pages\/33\/revisions"}],"predecessor-version":[{"id":380,"href":"https:\/\/odkosticky.cz\/index.php?rest_route=\/wp\/v2\/pages\/33\/revisions\/380"}],"wp:attachment":[{"href":"https:\/\/odkosticky.cz\/index.php?rest_route=%2Fwp%2Fv2%2Fmedia&parent=33"}],"curies":[{"name":"wp","href":"https:\/\/api.w.org\/{rel}","templated":true}]}}