{"id":329,"date":"2018-03-11T22:38:18","date_gmt":"2018-03-11T22:38:18","guid":{"rendered":"http:\/\/odkosticky.cz\/?page_id=329"},"modified":"2018-05-11T17:29:11","modified_gmt":"2018-05-11T17:29:11","slug":"proc-chtit-kocku-sibirsku-s-pp","status":"publish","type":"page","link":"https:\/\/odkosticky.cz\/?page_id=329&lang=cs","title":{"rendered":"Pro\u010d cht\u00edt ko\u010dku (sibi\u0159ku) s PP"},"content":{"rendered":"<p><a href=\"http:\/\/odkosticky.cz\/wp-content\/uploads\/2017\/05\/flora2.jpg\"><img loading=\"lazy\" class=\"alignleft size-medium wp-image-273\" src=\"http:\/\/odkosticky.cz\/wp-content\/uploads\/2017\/05\/flora2-199x300.jpg\" alt=\"\" width=\"199\" height=\"300\" srcset=\"https:\/\/odkosticky.cz\/wp-content\/uploads\/2017\/05\/flora2-199x300.jpg 199w, https:\/\/odkosticky.cz\/wp-content\/uploads\/2017\/05\/flora2-768x1155.jpg 768w, https:\/\/odkosticky.cz\/wp-content\/uploads\/2017\/05\/flora2-681x1024.jpg 681w, https:\/\/odkosticky.cz\/wp-content\/uploads\/2017\/05\/flora2.jpg 2000w\" sizes=\"(max-width: 199px) 100vw, 199px\" \/><\/a>Pokud uva\u017eujete o koupi kot\u011bte s PP, \u00a0je to asi proto, \u017ee se v\u00e1m l\u00edb\u00ed n\u011bkter\u00e9 charakteristick\u00e9 znaky plemene. Neposuzujte ale ko\u010dky jen podle vzhledu, zva\u017ete v\u0161echny charakteristiky plemene.<\/p>\n<p>Pro Sibi\u0159ky to t\u0159eba m\u016f\u017ee b\u00fdt:<\/p>\n<p>1) Sibi\u0159ky maj\u00ed kr\u00e1snou polodlouhou srst, kter\u00e1 je obzvl\u00e1\u0161t\u011b boh\u00e1t\u00e1 v zim\u011b, ale na ja\u0159e a p\u0159es hork\u00e9 l\u00e9to hojn\u011b l\u00edn\u00e1. P\u0159ipravte se tedy na ob\u010dasn\u00e9 \u010des\u00e1n\u00ed a kart\u00e1\u010dov\u00e1n\u00ed va\u0161\u00ed ko\u010di\u010d\u00ed kr\u00e1sky. V dob\u011b l\u00edn\u00e1n\u00ed alespo\u0148 jednou t\u00fddn\u011b, jinak podle typu srsti. A p\u0159ipravte si vysava\u010d na \u00faklid bytu.<\/p>\n<p>2) Sibi\u0159sk\u00e9 ko\u010dky jsou trochu v\u011bt\u0161\u00ed a t\u011b\u017e\u0161\u00ed ne\u017e pr\u016fm\u011brn\u00e9 dom\u00e1c\u00ed ko\u010dky, uzp\u016fsobte tomu v\u00fdb\u011br ko\u010di\u010d\u00edho n\u00e1bytku a vybaven\u00ed (\u0161krabadla, z\u00e1ch\u016fdek, p\u0159epravka, zabezpe\u010den\u00ed oken a balkon\u016f).<\/p>\n<p>3) Sibi\u0159ky maj\u00ed r\u00e1dy kontakt se sv\u00fdm \u010dlov\u011bkem, jsou zv\u011bdav\u00e9 na va\u0161e aktivity a ob\u010das v\u00e1m budou cht\u00edt pom\u00e1hat nebo na v\u00e1s aspo\u0148 dohl\u00ed\u017eet. Pokud bydl\u00edte t\u0159eba sami a chod\u00edte do pr\u00e1ce na standardn\u00edch 8 hodin, zva\u017ete po\u0159\u00edzen\u00ed dvou ko\u010dek. A nezapome\u0148te, \u017ee ko\u010dky budou pot\u0159ebovat trochu va\u0161\u00ed pozornosti ka\u017ed\u00fd den.<\/p>\n<p>4) Sibi\u0159sk\u00e9 ko\u010dky jsou pom\u011brn\u011b aktivn\u00ed (asi podobn\u011b jako b\u011b\u017en\u00e9 dom\u00e1c\u00ed ko\u010dky) a pot\u0159ebuj\u00ed se zabavit a vydov\u00e1d\u011bt. Nab\u00eddn\u011bte jim dostatek podn\u011bt\u016f, hra\u010dek a ko\u010di\u010d\u00edho n\u00e1bytku na \u0161krab\u00e1n\u00ed a \u0161plh\u00e1n\u00ed.<\/p>\n<p>5) Sibi\u0159sk\u00e9 ko\u010dky maj\u00ed v pr\u016fm\u011bru ni\u017e\u0161\u00ed produkci hlavn\u00edho ko\u010di\u010d\u00edho alergenu Fel d1. Asi 15 % z nich m\u00e1 extr\u00e9mn\u011b n\u00edzkou produkci alergen\u016f. Ov\u0161em pokud trp\u00edte alergi\u00ed, sou\u017eit\u00ed s ko\u010dkami pe\u010dliv\u011b zva\u017ete a nejprve si pobyt s nimi vyzkou\u0161ejte.<\/p>\n<p>A pro\u010d cht\u00edt ko\u010dku s PP? &#8211; na co v\u00e1m bude n\u011bjak\u00fd pap\u00edr? Na n\u011bjak\u00e9 v\u00fdstavy stejn\u011b chodit nechcete? Pr\u016fkaz p\u016fvodu je v podstat\u011b jedin\u00fd d\u016fkaz, \u017ee ko\u010dka opravdu pat\u0159\u00ed k ur\u010dit\u00e9mu plemeni. Prodejce, kter\u00fd by v\u00e1m nab\u00edzel \u010distokrevn\u00e9 kot\u011b bez ofici\u00e1ln\u011b potvrzen\u00e9ho rodokmenu, k v\u00e1m sice m\u016f\u017ee b\u00fdt up\u0159\u00edmn\u00fd, ale nic ho k tomu nenut\u00ed a jeho tvrzen\u00ed si nem\u00e1te jak ov\u011b\u0159it. Pro m\u011b jako pro chovatele je rodokmen d\u016fle\u017eitou pom\u016fckou p\u0159i sestavov\u00e1n\u00ed rodi\u010dovsk\u00e9ho p\u00e1ru. Dnes ji\u017e existuje velk\u00e9 mno\u017estv\u00ed zdravotn\u00edch datab\u00e1z\u00ed, kde lze sledovat n\u011bkter\u00e1 geneticky podm\u00edn\u011bn\u00e1 onemocn\u011bn\u00ed s nevyjasn\u011bnou d\u011bdi\u010dnost\u00ed (t\u0159eba HCM, nebo v sou\u010dasnosti zkouman\u00e9 citlivosti k onemocn\u011bn\u00ed FIP).<\/p>\n<p>Pr\u016fkaz p\u016fvodu a koup\u011b kot\u011bte od registrovan\u00e9ho chovatele by v\u00e1m m\u011bl jako budouc\u00edm majitel\u016fm p\u0159in\u00e9st i dal\u0161\u00ed garance. Ke kot\u011bti dostanete kupn\u00ed smlouvu, kter\u00e1 je dokladem o prodeji a koupi kot\u011bte. Registrovan\u00fd chovatel je dohledateln\u00fd a mus\u00ed dodr\u017eovat z\u00e1kladn\u00ed pravidla pro pohodu chovn\u00fdch ko\u010dek i ko\u0165at danou z\u00e1kony \u010cR a n\u011bkolik z\u00e1kladn\u00edch zdravotn\u00edch pravidel (p\u0159esn\u00e9 zn\u011bn\u00ed zdravotn\u00edch pravidel z\u00e1le\u017e\u00ed na tom, pod jakou organizac\u00ed je chovatel registrov\u00e1n).<\/p>\n<p>Ko\u010dky s PP u\u017e dnes nemus\u00ed na v\u00fdstavu, aby mohly b\u00fdt uchovn\u011bny. Podm\u00ednkou pro ud\u011blen\u00ed PP ko\u0165at\u016fm je pouze registrovan\u00fd chov, kter\u00fdm se chovatel zavazuje, \u017ee bude spl\u0148ovat z\u00e1kladn\u00ed pravidla a na\u0159\u00edzen\u00ed (nap\u0159\u00edklad minim\u00e1ln\u00ed v\u011bk rodi\u010d\u016f a maxim\u00e1ln\u00ed v\u011bk matky, omezen\u00fd po\u010det vrh\u016f od jedn\u00e9 ko\u010dky \u010di odchod ko\u0165at do nov\u00fdch domov\u016f nejd\u0159\u00edve po 12. t\u00fddnu v\u011bku).<\/p>\n<p>Koup\u011b kot\u011bte z na\u0161\u00ed chovatelsk\u00e9 stanice v\u00e1m p\u0159inese i dal\u0161\u00ed garance, kter\u00e9 bude vymezovat kupn\u00ed smlouva. Z\u00e1rove\u0148 se ale i vy zav\u00e1\u017eete, \u017ee se o kot\u011b budete v budoucnosti dob\u0159e starat. Ur\u010dit\u011b nechci, aby ko\u0165\u00e1tka narozen\u00e1 u n\u00e1s nakonec skon\u010dila opu\u0161t\u011bn\u00e1 ve sn\u011bhov\u00e9 z\u00e1v\u011bji na kraji lesa, tak jako se to stalo Kosti\u010dkovi.<\/p>\n<p>&nbsp;<\/p>\n<p>Nepodporujte mno\u017eitele a to ani drobn\u00e9 mno\u017eitele, kte\u0159\u00ed v\u00e1m budou tvrdit, \u017ee sv\u00e9 ko\u010dce cht\u011bli pouze jednou dop\u0159\u00e1t ko\u0165\u00e1tka. Nikdy si nekupujte kot\u011b s t\u00edm, \u017ee ho ko\u010dce odeberete p\u0159ed 12. t\u00fddnem v\u011bku a p\u0159inesete si ho dom\u016f bez jak\u00e9hokoliv o\u010dkov\u00e1n\u00ed (ko\u0165ata se b\u011b\u017en\u011b vakcinuj\u00ed alespo\u0148 dvakr\u00e1t, aby z\u00edskala plnou imunitu na nejb\u011b\u017en\u011bj\u0161\u00ed on\u011bmocn\u011bn\u00ed, jako je ko\u010di\u010d\u00ed mor a ko\u010di\u010d\u00ed r\u00fdma zp\u016fsoben\u00e1 herpesvirem a kalicivirem).<\/p>\n<p>Po\u0159\u00edzen\u00ed ko\u010di\u010d\u00edho kamar\u00e1da, v\u017edy pe\u010dliv\u011b zva\u017ete. <a href=\"http:\/\/www.catmania.cz\/\">P\u0159e\u010dt\u011bte si n\u011bco o zku\u0161enostech ko\u010di\u010d\u00edch majitel\u016f a mazlitel\u016f.<\/a> Pokud jste se nakonec rozmysleli, \u017ee koup\u011b ko\u0165\u00e1tka od registrovan\u00e9ho chovatele v\u00e1m nevyhovuje, ud\u011blejte dobr\u00fd skutek a adoptujte si ko\u010di\u010dku z depozita nebo \u00fatulku. <a href=\"http:\/\/odkosticky.cz\/?page_id=370&amp;lang=cs\">Odkaz na ko\u010di\u010d\u00ed \u00fatulky v okol\u00ed \u010cesk\u00fdch Bud\u011bjovic tu.<\/a><\/p>\n<p>&nbsp;<\/p>\n<p>&nbsp;<\/p>\n<p>&nbsp;<\/p>\n<p>&nbsp;<\/p>\n<p>&nbsp;<\/p>\n<p>&nbsp;<\/p>\n<p>&nbsp;<\/p>\n","protected":false},"excerpt":{"rendered":"<p>Pokud uva\u017eujete o koupi kot\u011bte s PP, \u00a0je to asi proto, \u017ee se v\u00e1m l\u00edb\u00ed n\u011bkter\u00e9 charakteristick\u00e9 znaky plemene. Neposuzujte ale ko\u010dky jen podle vzhledu, zva\u017ete v\u0161echny charakteristiky plemene. Pro Sibi\u0159ky to t\u0159eba m\u016f\u017ee b\u00fdt: 1) Sibi\u0159ky maj\u00ed kr\u00e1snou polodlouhou srst, kter\u00e1 je obzvl\u00e1\u0161t\u011b boh\u00e1t\u00e1 v zim\u011b, ale na ja\u0159e a p\u0159es hork\u00e9 l\u00e9to hojn\u011b &hellip; <\/p>\n<p class=\"link-more\"><a href=\"https:\/\/odkosticky.cz\/?page_id=329&#038;lang=cs\" class=\"more-link\">Pokra\u010dovat ve \u010dten\u00ed<span class=\"screen-reader-text\"> &#8222;Pro\u010d cht\u00edt ko\u010dku (sibi\u0159ku) s PP&#8220;<\/span><\/a><\/p>\n","protected":false},"author":1,"featured_media":0,"parent":0,"menu_order":0,"comment_status":"closed","ping_status":"closed","template":"","meta":{"_mi_skip_tracking":false},"_links":{"self":[{"href":"https:\/\/odkosticky.cz\/index.php?rest_route=\/wp\/v2\/pages\/329"}],"collection":[{"href":"https:\/\/odkosticky.cz\/index.php?rest_route=\/wp\/v2\/pages"}],"about":[{"href":"https:\/\/odkosticky.cz\/index.php?rest_route=\/wp\/v2\/types\/page"}],"author":[{"embeddable":true,"href":"https:\/\/odkosticky.cz\/index.php?rest_route=\/wp\/v2\/users\/1"}],"replies":[{"embeddable":true,"href":"https:\/\/odkosticky.cz\/index.php?rest_route=%2Fwp%2Fv2%2Fcomments&post=329"}],"version-history":[{"count":6,"href":"https:\/\/odkosticky.cz\/index.php?rest_route=\/wp\/v2\/pages\/329\/revisions"}],"predecessor-version":[{"id":376,"href":"https:\/\/odkosticky.cz\/index.php?rest_route=\/wp\/v2\/pages\/329\/revisions\/376"}],"wp:attachment":[{"href":"https:\/\/odkosticky.cz\/index.php?rest_route=%2Fwp%2Fv2%2Fmedia&parent=329"}],"curies":[{"name":"wp","href":"https:\/\/api.w.org\/{rel}","templated":true}]}}