{"id":324,"date":"2018-03-11T22:25:08","date_gmt":"2018-03-11T22:25:08","guid":{"rendered":"http:\/\/odkosticky.cz\/?page_id=324"},"modified":"2022-05-23T10:36:35","modified_gmt":"2022-05-23T10:36:35","slug":"o-sibirskych-kockach","status":"publish","type":"page","link":"https:\/\/odkosticky.cz\/?page_id=324&lang=cs","title":{"rendered":"O Sibi\u0159sk\u00fdch ko\u010dk\u00e1ch"},"content":{"rendered":"<figure id=\"attachment_270\" aria-describedby=\"caption-attachment-270\" style=\"width: 300px\" class=\"wp-caption alignleft\"><a href=\"http:\/\/odkosticky.cz\/wp-content\/uploads\/2017\/05\/Flora-1.jpg\"><img loading=\"lazy\" class=\"size-medium wp-image-270\" src=\"http:\/\/odkosticky.cz\/wp-content\/uploads\/2017\/05\/Flora-1-300x199.jpg\" alt=\"\" width=\"300\" height=\"199\" srcset=\"https:\/\/odkosticky.cz\/wp-content\/uploads\/2017\/05\/Flora-1-300x199.jpg 300w, https:\/\/odkosticky.cz\/wp-content\/uploads\/2017\/05\/Flora-1-768x511.jpg 768w, https:\/\/odkosticky.cz\/wp-content\/uploads\/2017\/05\/Flora-1-1024x681.jpg 1024w\" sizes=\"(max-width: 300px) 100vw, 300px\" \/><\/a><figcaption id=\"caption-attachment-270\" class=\"wp-caption-text\">Flora 6 m\u011bs\u00edc\u016f<\/figcaption><\/figure>\n<p>Sibi\u0159sk\u00e1 ko\u010dka je pom\u011brn\u011b mlad\u00e9 plemeno, prvn\u00ed standart byl vypracov\u00e1n v\u00a0roce 1987 a chovatelsk\u00e1 organizace FIF\u00e9 je uznala a\u017e 1997, colorpointn\u00ed zbarven\u00ed bylo ve FIF\u00e9 uzn\u00e1no jako sestersk\u00e9 plemeno N\u011bvsk\u00e1 Ma\u0161kar\u00e1da dokonce a\u017e od roku 2011. Jak u\u017e napov\u00edd\u00e1 n\u00e1zev, Sibi\u0159sk\u00e9 ko\u010dky jsou odvozen\u00e9 od populace voln\u011b \u017eij\u00edc\u00edch ko\u010dek z\u00a0\u00fazem\u00ed Ruska a dal\u0161\u00edch b\u00fdval\u00fdch st\u00e1t\u016f Sov\u011btsk\u00e9ho svazu. V\u00a0jejich p\u0159edc\u00edch v\u00a0d\u00e1vn\u00e9 historii tedy ur\u010dit\u011b m\u016f\u017eeme naj\u00edt u\u017e prvn\u00ed ko\u010dky, kter\u00e9 si s\u00a0sebou na toto \u00fazem\u00ed p\u0159inesli u\u017e varjagov\u00e9, pravd\u011bpodobn\u011b s\u00a0p\u0159\u00edm\u011bs\u00ed ko\u010dek z\u00a0Byzance, se kterou m\u011bli varjagov\u00e9 i Kyjevsk\u00e1 Rus \u010detn\u00e9 kontakty. Proto\u017ee se jedn\u00e1 o ko\u010dky, kter\u00e9 p\u016fvodn\u011b \u017eily nejenom ve m\u011bstech ale i na vesnic\u00edch, \u010di statc\u00edch, nevylu\u010duje se ani p\u0159\u00edm\u011bs divok\u00e9 lesn\u00ed ko\u010dky. A proto\u017ee se Sibi\u0159sk\u00e9 ko\u010dky za\u010daly chovat jako \u010dist\u00e9 plemeno se sledovan\u00fdmi rodokmeny teprve p\u0159ed t\u0159iceti lety, jist\u011b se v\u00a0jejich p\u0159edc\u00edch vyskytne i sem tam n\u011bjak\u00e1 ko\u010dka, kterou si jako exotick\u00fd dopln\u011bk p\u0159ivezl kdejak\u00fd bohat\u00fd rusk\u00fd \u0161lechtic ze sv\u00fdch cest po Evrop\u011b \u010di Orientu v\u00a0pr\u016fb\u011bhu devaten\u00e1ct\u00e9ho a na po\u010d\u00e1tku dvac\u00e1t\u00e9ho stolet\u00ed, kdy za\u010daly b\u00fdt \u201ein\u201c hlavn\u011b persk\u00e9, angorsk\u00e9 a siamsk\u00e9 ko\u010dky, p\u0159\u00edpadn\u011b exotick\u00e1 ko\u010di\u010d\u00ed &#8222;zam\u011bstnankyn\u011b&#8220; rusk\u00e9ho cirkusu z poloviny stolet\u00ed dvac\u00e1t\u00e9ho. \u017d\u00e1dn\u00e9 p\u0159\u00edm\u00e9 d\u016fkazy k\u00a0t\u00e9to rodinn\u00e9 historii Sibi\u0159sk\u00fdch ko\u010dek nem\u00e1me, krom\u011b jedn\u00e9 genetick\u00e9 studie, je\u017e prok\u00e1zala, \u017ee genofond Sibi\u0159sk\u00fdch ko\u010dek je v\u00a0porovn\u00e1n\u00ed s\u00a0ostatn\u00edmi plemeny ko\u010dek velice \u0161irok\u00fd, svou \u0161\u00ed\u0159\u00ed sp\u00ed\u0161 podobn\u00fd voln\u011b \u017eij\u00edc\u00edm populac\u00edm ko\u010dek ne\u017e \u0161lecht\u011bn\u00fdm plemen\u016fm, a nejbli\u017e\u0161\u00edmi p\u0159\u00edbuzn\u00fdmi voln\u011b \u017eij\u00edc\u00edch ko\u010dek z\u00a0Ruska by m\u011bly b\u00fdt opravdu ko\u010dky skandin\u00e1vsk\u00e9, \u010d\u00edm\u017e se vrac\u00edm ke svoj\u00ed prvn\u00ed v\u011bt\u011b, \u017ee ko\u010dky se na \u00fazem\u00ed Ruska za\u010daly roz\u0161i\u0159ovat a\u017e po p\u0159\u00edchodu varjag\u016f (pro zaj\u00edmavost tuto studii v\u00a0angli\u010dtin\u011b najdete <a href=\"https:\/\/www.ncbi.nlm.nih.gov\/pmc\/articles\/PMC2267438\/\">zde<\/a>).<\/p>\n<p>A jak\u00e9 jsou Sibi\u0159ky? Vzhledem jsou to robustn\u00ed, pom\u011brn\u011b velk\u00e9 (v porovn\u00e1n\u00ed s\u00a0\u010desk\u00fdmi dom\u00e1c\u00edmi ko\u010dkami) a siln\u00e9 ko\u010dky s\u00a0polodlouhou srsti, kter\u00e1 je vodoodpudiv\u00e1. Sibi\u0159ky maj\u00ed v\u00a0pr\u016fm\u011bru ni\u017e\u0161\u00ed produkci hlavn\u00edho ko\u010di\u010d\u00edho alergenu Fel d1 a proto jsou pova\u017eov\u00e1ny za hypoalergenn\u00ed (produkce alergen\u016f je v\u00a0pr\u016fm\u011bru ni\u017e\u0161\u00ed nikoliv nulov\u00e1!) a jedn\u00e1 se pouze o jeden z n\u011bkolika ko\u010di\u010d\u00edch alergen\u016f (i kdy\u017e je to ten hlavn\u00ed). Povahou jsou p\u0159\u00e1telsk\u00e9, v\u011bt\u0161inou docela aktivn\u00ed a hrav\u00e9. Jsou dost v\u00e1zan\u00e9 na svoje p\u00e1ni\u010dky, skoro v\u00edc ne\u017e na svoje \u00fazem\u00ed\/bydlen\u00ed, o \u010dem\u017e se v\u00a0Rusku vypr\u00e1v\u00ed \u010detn\u00e9 legendy.<\/p>\n<p>V\u00edce se o Sibi\u0159k\u00e1ch m\u016f\u017eete do\u010d\u00edst na str\u00e1nk\u00e1ch <a href=\"https:\/\/www.modrykocour.cz\/rady\/plemena-kocek\/sibirska-kocka\">Modr\u00e9ho kocou\u0159e<\/a>.<\/p>\n<p>Chcete se dozv\u011bd\u011bt v\u00edce o ko\u010di\u010d\u00edch alergenech a alergii na ko\u010dky? &#8211; <a href=\"http:\/\/odkosticky.cz\/?page_id=351&amp;lang=cs\">V\u00edce se dozv\u00edte v tomto \u010dl\u00e1nku.<\/a><\/p>\n<h4>Odkazy na dal\u0161\u00ed \u010desk\u00e9 chovatelsk\u00e9 stanice sibi\u0159sk\u00fdch ko\u010dek:<\/h4>\n<p><a href=\"https:\/\/www.facebook.com\/eva.beranova.56\"><img loading=\"lazy\" class=\"alignnone size-medium wp-image-1098\" src=\"http:\/\/odkosticky.cz\/wp-content\/uploads\/2021\/03\/AAban-1-300x150.jpg\" alt=\"\" width=\"300\" height=\"150\" srcset=\"https:\/\/odkosticky.cz\/wp-content\/uploads\/2021\/03\/AAban-1-300x150.jpg 300w, https:\/\/odkosticky.cz\/wp-content\/uploads\/2021\/03\/AAban-1.jpg 560w\" sizes=\"(max-width: 300px) 100vw, 300px\" \/><\/a><\/p>\n<ul>\n<li>Ave Aries, CZ &#8211; chovatelsk\u00e1 stanice sibi\u0159sk\u00fdch ko\u010dek a n\u011bvsk\u00fdch ma\u0161kar\u00e1d ze severn\u00edch \u010cech. V t\u00e9to CHS \u017eije otec na\u0161eho vrhu E (Elf\u00edci).<\/li>\n<\/ul>\n<p><a href=\"http:\/\/siberianlights.cz\/\"><img loading=\"lazy\" class=\"alignnone size-full wp-image-822\" src=\"http:\/\/odkosticky.cz\/wp-content\/uploads\/2019\/10\/siberian-lights.jpg\" alt=\"\" width=\"417\" height=\"110\" srcset=\"https:\/\/odkosticky.cz\/wp-content\/uploads\/2019\/10\/siberian-lights.jpg 417w, https:\/\/odkosticky.cz\/wp-content\/uploads\/2019\/10\/siberian-lights-300x79.jpg 300w\" sizes=\"(max-width: 417px) 100vw, 417px\" \/><\/a><\/p>\n<ul>\n<li>Siberian Lights, CZ &#8211; sp\u0159\u00e1telen\u00e1 chovatelsk\u00e1 stanice sibi\u0159sk\u00fdch ko\u010dek ze st\u0159edn\u00edch \u010cech.<\/li>\n<\/ul>\n<p><a href=\"http:\/\/www.whitewitch.cz\/\"><img loading=\"lazy\" class=\"alignnone size-full wp-image-823\" src=\"http:\/\/odkosticky.cz\/wp-content\/uploads\/2019\/10\/ww1.jpg\" alt=\"\" width=\"800\" height=\"260\" srcset=\"https:\/\/odkosticky.cz\/wp-content\/uploads\/2019\/10\/ww1.jpg 800w, https:\/\/odkosticky.cz\/wp-content\/uploads\/2019\/10\/ww1-300x98.jpg 300w, https:\/\/odkosticky.cz\/wp-content\/uploads\/2019\/10\/ww1-768x250.jpg 768w\" sizes=\"(max-width: 767px) 89vw, (max-width: 1000px) 54vw, (max-width: 1071px) 543px, 580px\" \/><\/a><\/p>\n<ul>\n<li>White Witch, CZ &#8211; chovatelsk\u00e1 stanice sibi\u0159sk\u00fdch ko\u010dek a n\u011bvsk\u00fdch ma\u0161kar\u00e1d ze st\u0159edn\u00edch \u010cech. V t\u00e9to CHS \u017eije otec na\u0161eho vrhu C (Cvr\u010dkov\u00e9) a poch\u00e1z\u00ed odsud otec na\u0161eho vrhu D (Dudl\u00edci).<\/li>\n<\/ul>\n<h4>Chovatelsk\u00e9 stanice sibi\u0159sk\u00fdch ko\u010dek z jin\u00fdch zem\u00ed:<\/h4>\n<p><a href=\"https:\/\/www.facebook.com\/chatteriedesibaventures\"><img loading=\"lazy\" class=\"alignnone wp-image-1292 size-full\" src=\"http:\/\/odkosticky.cz\/wp-content\/uploads\/2022\/05\/Aventures.jpg\" alt=\"\" width=\"800\" height=\"140\" srcset=\"https:\/\/odkosticky.cz\/wp-content\/uploads\/2022\/05\/Aventures.jpg 800w, https:\/\/odkosticky.cz\/wp-content\/uploads\/2022\/05\/Aventures-300x53.jpg 300w, https:\/\/odkosticky.cz\/wp-content\/uploads\/2022\/05\/Aventures-768x134.jpg 768w\" sizes=\"(max-width: 767px) 89vw, (max-width: 1000px) 54vw, (max-width: 1071px) 543px, 580px\" \/><\/a><\/p>\n<ul>\n<li>de Sib\u00b4Aventures*FR &#8211; chovatelsk\u00e1 stanice sibi\u0159sk\u00fdch ko\u010dek z Francie, kter\u00e1 se zam\u011b\u0159uje na uzn\u00e1n\u00ed Sibi\u0159sk\u00fdch ko\u010dek v bimetalick\u00e9 barv\u011b u LOOF. V t\u00e9to chovatelsk\u00e9 stanici \u017eije na\u0161e ko\u010di\u010dka Esm\u00e9e z vrhu E (Elf\u00edci).<\/li>\n<\/ul>\n<p><a href=\"https:\/\/www.scatters.se\/\"><img loading=\"lazy\" class=\"alignnone size-full wp-image-824\" src=\"http:\/\/odkosticky.cz\/wp-content\/uploads\/2019\/10\/Scatters_logo.png\" alt=\"\" width=\"600\" height=\"200\" srcset=\"https:\/\/odkosticky.cz\/wp-content\/uploads\/2019\/10\/Scatters_logo.png 600w, https:\/\/odkosticky.cz\/wp-content\/uploads\/2019\/10\/Scatters_logo-300x100.png 300w\" sizes=\"(max-width: 600px) 100vw, 600px\" \/><\/a><\/p>\n<ul>\n<li>SE*Scatters &#8211; chovatelsk\u00e1 stanice sibi\u0159sk\u00fdch ko\u010dek ze \u0160v\u00e9dska, kde se narodila na\u0161e ko\u010di\u010dka Flora.<\/li>\n<\/ul>\n<p><a href=\"https:\/\/www.vom-ohlenberg.de\/\"><img loading=\"lazy\" class=\"alignnone size-full wp-image-825\" src=\"http:\/\/odkosticky.cz\/wp-content\/uploads\/2019\/10\/ohlenberg.jpg\" alt=\"\" width=\"407\" height=\"70\" srcset=\"https:\/\/odkosticky.cz\/wp-content\/uploads\/2019\/10\/ohlenberg.jpg 407w, https:\/\/odkosticky.cz\/wp-content\/uploads\/2019\/10\/ohlenberg-300x52.jpg 300w\" sizes=\"(max-width: 407px) 100vw, 407px\" \/><\/a><\/p>\n<ul>\n<li>vom Ohlenberg, DE &#8211; chovatelsk\u00e1 stanice sibi\u0159sk\u00fdch ko\u010dek z N\u011bmecka. Na sv\u00fdch str\u00e1nk\u00e1ch spravuje\u00a0<a href=\"https:\/\/www.vom-ohlenberg.de\/ohlenbergenglish\/sibi-zuechter.htm\">velice obs\u00e1hl\u00fd seznam chovatelsk\u00fdch stanic sibi\u0159sk\u00fdch ko\u010dek z cel\u00e9ho sv\u011bta<\/a>.<\/li>\n<\/ul>\n<p><a href=\"http:\/\/siberian-woodhome.eu\/\"><img loading=\"lazy\" class=\"alignnone wp-image-1291 size-full\" src=\"http:\/\/odkosticky.cz\/wp-content\/uploads\/2022\/05\/woodhome-pic-1.jpg\" alt=\"\" width=\"799\" height=\"200\" srcset=\"https:\/\/odkosticky.cz\/wp-content\/uploads\/2022\/05\/woodhome-pic-1.jpg 799w, https:\/\/odkosticky.cz\/wp-content\/uploads\/2022\/05\/woodhome-pic-1-300x75.jpg 300w, https:\/\/odkosticky.cz\/wp-content\/uploads\/2022\/05\/woodhome-pic-1-768x192.jpg 768w\" sizes=\"(max-width: 767px) 89vw, (max-width: 1000px) 54vw, (max-width: 1071px) 543px, 580px\" \/><\/a><\/p>\n<ul>\n<li>Wood Home, AT &#8211; chovatelsk\u00e1 stanice sibi\u0159sk\u00fdch ko\u010dek z Rakouska, kam se odst\u011bhoval n\u00e1\u0161 kocourek z vrhu E (Elf\u00edci) &#8211; Egbert.<\/li>\n<\/ul>\n\n\n<p><\/p>\n","protected":false},"excerpt":{"rendered":"<p>Sibi\u0159sk\u00e1 ko\u010dka je pom\u011brn\u011b mlad\u00e9 plemeno, prvn\u00ed standart byl vypracov\u00e1n v\u00a0roce 1987 a chovatelsk\u00e1 organizace FIF\u00e9 je uznala a\u017e 1997, colorpointn\u00ed zbarven\u00ed bylo ve FIF\u00e9 uzn\u00e1no jako sestersk\u00e9 plemeno N\u011bvsk\u00e1 Ma\u0161kar\u00e1da dokonce a\u017e od roku 2011. Jak u\u017e napov\u00edd\u00e1 n\u00e1zev, Sibi\u0159sk\u00e9 ko\u010dky jsou odvozen\u00e9 od populace voln\u011b \u017eij\u00edc\u00edch ko\u010dek z\u00a0\u00fazem\u00ed Ruska a dal\u0161\u00edch b\u00fdval\u00fdch st\u00e1t\u016f &hellip; <\/p>\n<p class=\"link-more\"><a href=\"https:\/\/odkosticky.cz\/?page_id=324&#038;lang=cs\" class=\"more-link\">Pokra\u010dovat ve \u010dten\u00ed<span class=\"screen-reader-text\"> &#8222;O Sibi\u0159sk\u00fdch ko\u010dk\u00e1ch&#8220;<\/span><\/a><\/p>\n","protected":false},"author":1,"featured_media":0,"parent":0,"menu_order":0,"comment_status":"closed","ping_status":"closed","template":"","meta":{"_mi_skip_tracking":false},"_links":{"self":[{"href":"https:\/\/odkosticky.cz\/index.php?rest_route=\/wp\/v2\/pages\/324"}],"collection":[{"href":"https:\/\/odkosticky.cz\/index.php?rest_route=\/wp\/v2\/pages"}],"about":[{"href":"https:\/\/odkosticky.cz\/index.php?rest_route=\/wp\/v2\/types\/page"}],"author":[{"embeddable":true,"href":"https:\/\/odkosticky.cz\/index.php?rest_route=\/wp\/v2\/users\/1"}],"replies":[{"embeddable":true,"href":"https:\/\/odkosticky.cz\/index.php?rest_route=%2Fwp%2Fv2%2Fcomments&post=324"}],"version-history":[{"count":10,"href":"https:\/\/odkosticky.cz\/index.php?rest_route=\/wp\/v2\/pages\/324\/revisions"}],"predecessor-version":[{"id":1294,"href":"https:\/\/odkosticky.cz\/index.php?rest_route=\/wp\/v2\/pages\/324\/revisions\/1294"}],"wp:attachment":[{"href":"https:\/\/odkosticky.cz\/index.php?rest_route=%2Fwp%2Fv2%2Fmedia&parent=324"}],"curies":[{"name":"wp","href":"https:\/\/api.w.org\/{rel}","templated":true}]}}