{"id":32,"date":"2017-05-20T13:23:37","date_gmt":"2017-05-20T13:23:37","guid":{"rendered":"http:\/\/odkosticky.cz\/?page_id=32"},"modified":"2021-11-02T20:48:18","modified_gmt":"2021-11-02T20:48:18","slug":"kotatka","status":"publish","type":"page","link":"https:\/\/odkosticky.cz\/?page_id=32&lang=cs","title":{"rendered":"Vrh C &#8211; Cvr\u010dkov\u00e9"},"content":{"rendered":"\n<h2 class=\"has-text-align-center\">P\u0159edstavujeme V\u00e1m n\u00e1\u0161 prvn\u00ed vrh ko\u0165\u00e1tek<\/h2>\n\n\n\n<h1 class=\"has-text-align-center\">Vrh C (Cvr\u010dkov\u00e9)<\/h1>\n\n\n\n<h2 class=\"has-text-align-center\">*12. 5. 2018<\/h2>\n\n\n\n<h5>Rodi\u010de:<\/h5>\n\n\n\n<div class=\"wp-block-image\"><figure class=\"alignleft\"><img loading=\"lazy\" width=\"1024\" height=\"464\" src=\"http:\/\/odkosticky.cz\/wp-content\/uploads\/2018\/03\/laska-1024x464.jpg\" alt=\"\" class=\"wp-image-357\" srcset=\"https:\/\/odkosticky.cz\/wp-content\/uploads\/2018\/03\/laska-1024x464.jpg 1024w, https:\/\/odkosticky.cz\/wp-content\/uploads\/2018\/03\/laska-300x136.jpg 300w, https:\/\/odkosticky.cz\/wp-content\/uploads\/2018\/03\/laska-768x348.jpg 768w, https:\/\/odkosticky.cz\/wp-content\/uploads\/2018\/03\/laska.jpg 1765w\" sizes=\"(max-width: 767px) 89vw, (max-width: 1000px) 54vw, (max-width: 1071px) 543px, 580px\" \/><\/figure><\/div>\n\n\n\n<p><strong><a href=\"https:\/\/whitewitch.cz\/benjamin-khaleesi-delia-cz\/\" data-type=\"URL\" data-id=\"https:\/\/whitewitch.cz\/benjamin-khaleesi-delia-cz\/\">CH Benjam\u00edn Khaleesi Delia<\/a> \ud83d\udc95&nbsp;<a href=\"http:\/\/odkosticky.cz\/?page_id=155&amp;lang=cs\">Scatters Flora<\/a><\/strong><\/p>\n\n\n\n<p><strong>Barva otce:<\/strong> \u010dern\u011b st\u0159\u00edb\u0159it\u00fd s te\u010dkovanou kresbou a s b\u00edlou (a se zlatem, tzv. bimetalic) &#8211; ns(u) 09 24<\/p>\n\n\n\n<p><strong>Barva matky:<\/strong> \u010dern\u011b zlat\u00e1 s te\u010dkovanou kresbou &#8211; ny(u) 24<\/p>\n\n\n\n<p><strong>Rodokmeny:<\/strong> <a href=\"https:\/\/pawpeds.com\/db\/?a=p&amp;ids=3:1262351;2:1289869&amp;g=4&amp;p=sib&amp;o=ajgrep\">https:\/\/pawpeds.com\/db\/?a=p&amp;ids=3:1262351;2:1289869&amp;g=4&amp;p=sib&amp;o=ajgrep<\/a><\/p>\n\n\n\n<p>Oba rodi\u010de negativn\u011b testovan\u00ed na infek\u010dn\u00ed choroby FIV a FeLV.<\/p>\n\n\n\n<p>Oba rodi\u010de vy\u0161et\u0159en\u00ed na HCM a PKD sonograficky s negativn\u00edm v\u00fdsledkem.<\/p>\n\n\n\n<h5>Ko\u0165\u00e1tka:<\/h5>\n\n\n\n<figure class=\"wp-block-table\"><table><tbody><tr><td><strong>Jm\u00e9no<\/strong><\/td><td><strong>Pohlav\u00ed<\/strong><\/td><td><strong>Barva<\/strong><\/td><td><strong>Status<\/strong><\/td><\/tr><tr><td><a href=\"http:\/\/odkosticky.cz\/?page_id=556&amp;lang=cs\">Cid<\/a><\/td><td><a href=\"https:\/\/www.facebook.com\/media\/set\/?set=a.2858306791124257&amp;type=3\"><span style=\"color: #0000ff;\">kluk<\/span><\/a><\/td><td>SIB ns(u) 09 24 &#8211; st\u0159\u00edb\u0159it\u00fd \u010dern\u011b te\u010dkovan\u00fd s b\u00edlou (bimetalic)<\/td><td>U n\u00e1s doma jako mazl\u00ed\u010dek a par\u0165\u00e1k na zloben\u00ed<\/td><\/tr><tr><td><a href=\"http:\/\/odkosticky.cz\/?page_id=596&amp;lang=cs\">Ciri<\/a><\/td><td><a href=\"https:\/\/www.facebook.com\/media\/set\/?set=a.2672916759663262&amp;type=3\"><span style=\"color: #ff0000;\">holka<\/span><\/a><\/td><td>SIB ns(u) 09 24 &#8211; st\u0159\u00edb\u0159it\u00e1 \u010dern\u011b te\u010dkovan\u00e1 s b\u00edlou (bimetalic)<\/td><td>U n\u00e1s doma jako budouc\u00ed chovn\u00e1 ko\u010di\u010dka<\/td><\/tr><\/tbody><\/table><\/figure>\n\n\n\n<div class=\"wp-block-group\"><div class=\"wp-block-group__inner-container\">\n<div class=\"wp-block-columns\">\n<div class=\"wp-block-column\" style=\"flex-basis:100%\">\n<div class=\"wp-block-image\"><figure class=\"alignleft size-large\"><img loading=\"lazy\" width=\"300\" height=\"180\" src=\"http:\/\/odkosticky.cz\/wp-content\/uploads\/2018\/05\/Cid-2t-300x180.jpg\" alt=\"\" class=\"wp-image-417\" srcset=\"https:\/\/odkosticky.cz\/wp-content\/uploads\/2018\/05\/Cid-2t-300x180.jpg 300w, https:\/\/odkosticky.cz\/wp-content\/uploads\/2018\/05\/Cid-2t-768x461.jpg 768w, https:\/\/odkosticky.cz\/wp-content\/uploads\/2018\/05\/Cid-2t.jpg 1000w\" sizes=\"(max-width: 300px) 100vw, 300px\" \/><figcaption>Cid<\/figcaption><\/figure><\/div>\n<\/div>\n<\/div>\n\n\n\n<div class=\"wp-block-group\"><div class=\"wp-block-group__inner-container\">\n<div class=\"wp-block-columns are-vertically-aligned-top\">\n<div class=\"wp-block-column is-vertically-aligned-top\" style=\"flex-basis:100%\">\n<div class=\"wp-block-image\"><figure class=\"alignleft\"><a href=\"https:\/\/www.facebook.com\/media\/set\/?vanity=odkosticky&amp;set=a.2672916759663262\"><img loading=\"lazy\" width=\"300\" height=\"180\" src=\"http:\/\/odkosticky.cz\/wp-content\/uploads\/2018\/05\/Ciri-2t-1-300x180.jpg\" alt=\"\" class=\"wp-image-421\" srcset=\"https:\/\/odkosticky.cz\/wp-content\/uploads\/2018\/05\/Ciri-2t-1-300x180.jpg 300w, https:\/\/odkosticky.cz\/wp-content\/uploads\/2018\/05\/Ciri-2t-1-768x461.jpg 768w, https:\/\/odkosticky.cz\/wp-content\/uploads\/2018\/05\/Ciri-2t-1.jpg 999w\" sizes=\"(max-width: 300px) 100vw, 300px\" \/><\/a><figcaption>Ciri<\/figcaption><\/figure><\/div>\n<\/div>\n<\/div>\n<\/div><\/div>\n<\/div><\/div>\n\n\n\n<p>V\u00edce fotek:<\/p>\n\n\n\n<p><a href=\"https:\/\/www.facebook.com\/media\/set\/?set=a.2105510793070531&amp;type=3\"> 1. t\u00fdden<\/a>, <a href=\"https:\/\/www.facebook.com\/media\/set\/?set=a.2110754222546188&amp;type=3\">2. t\u00fdden<\/a>, <a href=\"https:\/\/www.facebook.com\/media\/set\/?set=a.2116068505348093&amp;type=3\">3. t\u00fdden<\/a>, <a href=\"https:\/\/www.facebook.com\/media\/set\/?set=a.2121973444757599&amp;type=3\">4. t\u00fdden<\/a>, <a href=\"https:\/\/www.facebook.com\/media\/set\/?set=a.2127688817519395&amp;type=3\">5. t\u00fdden<\/a>, 6. t\u00fdden <a href=\"https:\/\/www.facebook.com\/media\/set\/?set=a.2139668362988107&amp;type=3\">Cid<\/a> &#8211; <a href=\"https:\/\/www.facebook.com\/media\/set\/?set=a.2139701866318090&amp;type=3\">Ciri<\/a>, 7. t\u00fdden <a href=\"https:\/\/www.facebook.com\/media\/set\/?set=a.2145622412392702&amp;type=3\">Cid<\/a> &#8211; <a href=\"https:\/\/www.facebook.com\/media\/set\/?set=a.2145628289058781&amp;type=3\">Ciri<\/a>, <a href=\"https:\/\/www.facebook.com\/media\/set\/?set=a.2162069177414692&amp;type=3\">9. t\u00fdden<\/a>, <a href=\"https:\/\/www.facebook.com\/media\/set\/?set=a.2170804763207800&amp;type=3\">10. t\u00fdden<\/a>, <a href=\"https:\/\/www.facebook.com\/media\/set\/?set=a.2186735038281439&amp;type=3\">11. t\u00fdden<\/a><\/p>\n\n\n\n<p>Rosteme:<\/p>\n\n\n\n<figure class=\"wp-block-image\"><img loading=\"lazy\" width=\"605\" height=\"337\" src=\"http:\/\/odkosticky.cz\/wp-content\/uploads\/2018\/08\/cvrckove-1.jpg\" alt=\"\" class=\"wp-image-534\" srcset=\"https:\/\/odkosticky.cz\/wp-content\/uploads\/2018\/08\/cvrckove-1.jpg 605w, https:\/\/odkosticky.cz\/wp-content\/uploads\/2018\/08\/cvrckove-1-300x167.jpg 300w\" sizes=\"(max-width: 605px) 100vw, 605px\" \/><\/figure>\n","protected":false},"excerpt":{"rendered":"<p>P\u0159edstavujeme V\u00e1m n\u00e1\u0161 prvn\u00ed vrh ko\u0165\u00e1tek Vrh C (Cvr\u010dkov\u00e9) *12. 5. 2018 Rodi\u010de: CH Benjam\u00edn Khaleesi Delia \ud83d\udc95&nbsp;Scatters Flora Barva otce: \u010dern\u011b st\u0159\u00edb\u0159it\u00fd s te\u010dkovanou kresbou a s b\u00edlou (a se zlatem, tzv. bimetalic) &#8211; ns(u) 09 24 Barva matky: \u010dern\u011b zlat\u00e1 s te\u010dkovanou kresbou &#8211; ny(u) 24 Rodokmeny: https:\/\/pawpeds.com\/db\/?a=p&amp;ids=3:1262351;2:1289869&amp;g=4&amp;p=sib&amp;o=ajgrep Oba rodi\u010de negativn\u011b testovan\u00ed na &hellip; <\/p>\n<p class=\"link-more\"><a href=\"https:\/\/odkosticky.cz\/?page_id=32&#038;lang=cs\" class=\"more-link\">Pokra\u010dovat ve \u010dten\u00ed<span class=\"screen-reader-text\"> &#8222;Vrh C &#8211; Cvr\u010dkov\u00e9&#8220;<\/span><\/a><\/p>\n","protected":false},"author":1,"featured_media":0,"parent":0,"menu_order":0,"comment_status":"closed","ping_status":"closed","template":"","meta":{"_mi_skip_tracking":false},"_links":{"self":[{"href":"https:\/\/odkosticky.cz\/index.php?rest_route=\/wp\/v2\/pages\/32"}],"collection":[{"href":"https:\/\/odkosticky.cz\/index.php?rest_route=\/wp\/v2\/pages"}],"about":[{"href":"https:\/\/odkosticky.cz\/index.php?rest_route=\/wp\/v2\/types\/page"}],"author":[{"embeddable":true,"href":"https:\/\/odkosticky.cz\/index.php?rest_route=\/wp\/v2\/users\/1"}],"replies":[{"embeddable":true,"href":"https:\/\/odkosticky.cz\/index.php?rest_route=%2Fwp%2Fv2%2Fcomments&post=32"}],"version-history":[{"count":56,"href":"https:\/\/odkosticky.cz\/index.php?rest_route=\/wp\/v2\/pages\/32\/revisions"}],"predecessor-version":[{"id":1182,"href":"https:\/\/odkosticky.cz\/index.php?rest_route=\/wp\/v2\/pages\/32\/revisions\/1182"}],"wp:attachment":[{"href":"https:\/\/odkosticky.cz\/index.php?rest_route=%2Fwp%2Fv2%2Fmedia&parent=32"}],"curies":[{"name":"wp","href":"https:\/\/api.w.org\/{rel}","templated":true}]}}