{"id":24,"date":"2017-05-20T13:06:39","date_gmt":"2017-05-20T13:06:39","guid":{"rendered":"http:\/\/odkosticky.cz\/?page_id=24"},"modified":"2023-04-18T17:10:10","modified_gmt":"2023-04-18T17:10:10","slug":"start","status":"publish","type":"page","link":"https:\/\/odkosticky.cz\/?page_id=24&lang=cs","title":{"rendered":"Start"},"content":{"rendered":"<h1><strong><img loading=\"lazy\" class=\"size-full wp-image-782 alignleft\" src=\"http:\/\/odkosticky.cz\/wp-content\/uploads\/2019\/08\/obrazek.jpg\" alt=\"\" width=\"158\" height=\"150\" \/>V\u00edtejte na str\u00e1nk\u00e1ch chovatelsk\u00e9 stanice ko\u010dek Od Kosti\u010dky*CZ<\/strong><\/h1>\n<div class=\"entry-content\">\n<p>Jsme mal\u00e1 rodinn\u00e1 chovatelsk\u00e1 stanice ko\u010dek z Ji\u017en\u00edch \u010cech. V\u0161ichni bydl\u00edme v \u010cesk\u00fdch Bud\u011bjovic\u00edch. Na\u0161e chovatelsk\u00e1 stanice m\u00e1 od roku 2016 registraci u mezin\u00e1rodn\u00ed organizace <a href=\"http:\/\/fifeweb.org\">FIFe<\/a> a jsme \u010dleny specializovan\u00e9 organizace <a href=\"http:\/\/schk.cz\/\">\u010cesk\u00e9ho svazu chovatel\u016f ko\u010dek<\/a> \u2013 Special Feline Club Prague.\u00a0V\u011bnujeme se chovu plemene <a href=\"https:\/\/www.modrykocour.cz\/rady\/plemena-kocek\/sibirska-kocka\">Sibi\u0159sk\u00e1 ko\u010dka<\/a>.<\/p>\n<\/div>\n<div class=\"entry-content\">\n<p><a href=\"https:\/\/www.pawpeds.com\/pawacademy\/courses\/g2\/g2students.html\"><img loading=\"lazy\" class=\"alignleft size-full wp-image-411\" src=\"http:\/\/odkosticky.cz\/wp-content\/uploads\/2018\/05\/G2RibbonSmall-1.gif\" alt=\"\" width=\"150\" height=\"277\" \/><\/a><a href=\"https:\/\/www.pawpeds.com\/pawacademy\/courses\/g1\/g1students.html\"><img loading=\"lazy\" class=\"alignleft size-full wp-image-300\" src=\"http:\/\/odkosticky.cz\/wp-content\/uploads\/2017\/05\/G1RibbonSmall.gif\" alt=\"\" width=\"150\" height=\"277\" \/><\/a><\/p>\n<\/div>\n<p><a href=\"https:\/\/www.campusfelinarium.com\/Graduates\/\"><img loading=\"lazy\" class=\"alignnone size-full wp-image-1104\" src=\"http:\/\/odkosticky.cz\/wp-content\/uploads\/2021\/03\/UMI-small-star-1.png\" alt=\"\" width=\"275\" height=\"268\" \/><img loading=\"lazy\" class=\"alignnone size-full wp-image-1279\" src=\"http:\/\/odkosticky.cz\/wp-content\/uploads\/2022\/04\/UMA-small-star.png\" alt=\"\" width=\"275\" height=\"268\" \/><\/a><\/p>\n","protected":false},"excerpt":{"rendered":"<p>V\u00edtejte na str\u00e1nk\u00e1ch chovatelsk\u00e9 stanice ko\u010dek Od Kosti\u010dky*CZ Jsme mal\u00e1 rodinn\u00e1 chovatelsk\u00e1 stanice ko\u010dek z Ji\u017en\u00edch \u010cech. V\u0161ichni bydl\u00edme v \u010cesk\u00fdch Bud\u011bjovic\u00edch. Na\u0161e chovatelsk\u00e1 stanice m\u00e1 od roku 2016 registraci u mezin\u00e1rodn\u00ed organizace FIFe a jsme \u010dleny specializovan\u00e9 organizace \u010cesk\u00e9ho svazu chovatel\u016f ko\u010dek \u2013 Special Feline Club Prague.\u00a0V\u011bnujeme se chovu plemene Sibi\u0159sk\u00e1 ko\u010dka.<\/p>\n","protected":false},"author":1,"featured_media":0,"parent":0,"menu_order":0,"comment_status":"closed","ping_status":"closed","template":"","meta":{"_mi_skip_tracking":false},"_links":{"self":[{"href":"https:\/\/odkosticky.cz\/index.php?rest_route=\/wp\/v2\/pages\/24"}],"collection":[{"href":"https:\/\/odkosticky.cz\/index.php?rest_route=\/wp\/v2\/pages"}],"about":[{"href":"https:\/\/odkosticky.cz\/index.php?rest_route=\/wp\/v2\/types\/page"}],"author":[{"embeddable":true,"href":"https:\/\/odkosticky.cz\/index.php?rest_route=\/wp\/v2\/users\/1"}],"replies":[{"embeddable":true,"href":"https:\/\/odkosticky.cz\/index.php?rest_route=%2Fwp%2Fv2%2Fcomments&post=24"}],"version-history":[{"count":25,"href":"https:\/\/odkosticky.cz\/index.php?rest_route=\/wp\/v2\/pages\/24\/revisions"}],"predecessor-version":[{"id":1400,"href":"https:\/\/odkosticky.cz\/index.php?rest_route=\/wp\/v2\/pages\/24\/revisions\/1400"}],"wp:attachment":[{"href":"https:\/\/odkosticky.cz\/index.php?rest_route=%2Fwp%2Fv2%2Fmedia&parent=24"}],"curies":[{"name":"wp","href":"https:\/\/api.w.org\/{rel}","templated":true}]}}