{"id":207,"date":"2017-05-27T15:01:08","date_gmt":"2017-05-27T15:01:08","guid":{"rendered":"http:\/\/odkosticky.cz\/?page_id=207"},"modified":"2022-09-13T14:44:14","modified_gmt":"2022-09-13T14:44:14","slug":"sescatters-flora-2","status":"publish","type":"page","link":"https:\/\/odkosticky.cz\/?page_id=207&lang=en","title":{"rendered":"SE*Scatters Flora"},"content":{"rendered":"<p><a href=\"http:\/\/odkosticky.cz\/wp-content\/uploads\/2017\/05\/1pulroku-1.jpg\"><img loading=\"lazy\" class=\"alignleft size-medium wp-image-179\" src=\"http:\/\/odkosticky.cz\/wp-content\/uploads\/2017\/05\/1pulroku-1-199x300.jpg\" alt=\"\" width=\"199\" height=\"300\" srcset=\"https:\/\/odkosticky.cz\/wp-content\/uploads\/2017\/05\/1pulroku-1-199x300.jpg 199w, https:\/\/odkosticky.cz\/wp-content\/uploads\/2017\/05\/1pulroku-1-768x1155.jpg 768w, https:\/\/odkosticky.cz\/wp-content\/uploads\/2017\/05\/1pulroku-1-681x1024.jpg 681w, https:\/\/odkosticky.cz\/wp-content\/uploads\/2017\/05\/1pulroku-1.jpg 2000w\" sizes=\"(max-width: 199px) 100vw, 199px\" \/><\/a>*2.5.2015<\/p>\n<p>Siberian cat<\/p>\n<p>Color: black golden spotted<\/p>\n<p>genotype of colors: Aa BB CC DD ii ss<\/p>\n<p>SIB ny 24<\/p>\n<p><strong><a href=\"https:\/\/pawpeds.com\/db\/?a=p&amp;id=1262351&amp;g=4&amp;p=sib&amp;o=ajgrep\">Pedigree<\/a><\/strong><\/p>\n<p>We brought Flora from Sweden, from a small cattery <a href=\"http:\/\/www.scatters.se\/\">SE*Scatters<\/a> located in Stockholm. Flora is very friendly and very active cat, she loves people. She is the main guardian of our home and she likes to assist us anytime with whatsoever activity. She loves to play, sometimes she brings us toys, she pushes toys on us from her climbing platforms and she often entertains us with her unbelievable artistic tricks. My husband teached her, how to become a proper witch cat, so shoulders or backs of beloved people are her favorite resting places, where she often stays and purrs. We gave her nickname \u201eTurbo\u201c, when she was kitty. After visit of our first cat show I thought it would be good to rename her to Lagertha, because she has so much in common with that proud and brave Viking queen. She is a lot talkative and she likes to give comments about our activities. We would like to thank warmly to Per for this lovely golden sweetheart.<\/p>\n<p><a href=\"http:\/\/odkosticky.cz\/wp-content\/uploads\/2017\/05\/3mesice-1.jpg\"><img loading=\"lazy\" class=\"size-medium wp-image-180 alignleft\" src=\"http:\/\/odkosticky.cz\/wp-content\/uploads\/2017\/05\/3mesice-1-225x300.jpg\" alt=\"\" width=\"225\" height=\"300\" srcset=\"https:\/\/odkosticky.cz\/wp-content\/uploads\/2017\/05\/3mesice-1-225x300.jpg 225w, https:\/\/odkosticky.cz\/wp-content\/uploads\/2017\/05\/3mesice-1-768x1024.jpg 768w\" sizes=\"(max-width: 225px) 100vw, 225px\" \/><\/a><a href=\"http:\/\/odkosticky.cz\/wp-content\/uploads\/2017\/05\/6mesicu-1.jpg\"><img loading=\"lazy\" class=\"size-medium wp-image-181 alignleft\" src=\"http:\/\/odkosticky.cz\/wp-content\/uploads\/2017\/05\/6mesicu-1-300x199.jpg\" alt=\"\" width=\"300\" height=\"199\" srcset=\"https:\/\/odkosticky.cz\/wp-content\/uploads\/2017\/05\/6mesicu-1-300x199.jpg 300w, https:\/\/odkosticky.cz\/wp-content\/uploads\/2017\/05\/6mesicu-1-768x511.jpg 768w, https:\/\/odkosticky.cz\/wp-content\/uploads\/2017\/05\/6mesicu-1-1024x681.jpg 1024w\" sizes=\"(max-width: 300px) 100vw, 300px\" \/><\/a><\/p>\n<p><em>Flora 3 and 6 months old<\/em><\/p>\n<p>When Flora was approximately one year and half old, we attended one two-day show. It was our premier \u2013 for Flora as well as for me. Flora was evaluated with one CAC certificate, but for future I promised her, that she does not need to attend more shows. She is really relaxed during traveling and visits at the vets, she takes as meeting friends. At the show she enjoyed mostly the vet control at the beginning, but deeper in the show hall, she was quite nervous mostly because of presence of other cats. So cat shows are not so much our cup of tea. However when I wanted to start with cat breeding, improvement of health and cat welfare was my primary motivation and that is my primary motivation even now.<\/p>\n<p>Flora was neutered in October 2021.<\/p>\n<p><a href=\"http:\/\/odkosticky.cz\/wp-content\/uploads\/2017\/05\/vystava-1.jpg\"><img loading=\"lazy\" class=\"size-medium wp-image-182\" src=\"http:\/\/odkosticky.cz\/wp-content\/uploads\/2017\/05\/vystava-1-300x225.jpg\" alt=\"\" width=\"300\" height=\"225\" srcset=\"https:\/\/odkosticky.cz\/wp-content\/uploads\/2017\/05\/vystava-1-300x225.jpg 300w, https:\/\/odkosticky.cz\/wp-content\/uploads\/2017\/05\/vystava-1-768x576.jpg 768w, https:\/\/odkosticky.cz\/wp-content\/uploads\/2017\/05\/vystava-1-1024x768.jpg 1024w\" sizes=\"(max-width: 300px) 100vw, 300px\" \/><\/a><\/p>\n<p><em>Flora at the Show in Top Hotel Prague, 18.12.2016<\/em><\/p>\n<h4><strong>Health examinations:<\/strong><\/h4>\n<p>FIV \u2013 tested with\u00a0negative result (March 2019)<\/p>\n<p>FeLV \u2013 tested with\u00a0negative result (March 2019)<\/p>\n<p><em>Chlamydiophylla<\/em> \u2013 vaccinated<\/p>\n<p><em>Streptococcus canis<\/em> \u2013\u00a0tested with\u00a0negative result (April 2019)<\/p>\n<p><em>Giardia<\/em> &#8211; tested with negative results (September 2022)<\/p>\n<p>PKD \u2013 she does not carry mutation\u00a0<a href=\"http:\/\/odkosticky.cz\/?attachment_id=175&amp;lang=cs\">PKD1<\/a>, sono negative (November 2017, January 2019)<\/p>\n<p>HCM \u2013 sono negative, details on\u00a0<a href=\"https:\/\/pawpeds.com\/db\/?a=h&amp;id=1262351&amp;g=4&amp;p=sib&amp;o=ajgrep\">Pawpeds<\/a><\/p>\n<p>PK-deficiency \u2013 she does not carry mutation PKdef<\/p>\n<p>Blood group \u2013 A (<a href=\"http:\/\/odkosticky.cz\/wp-content\/uploads\/2017\/05\/skupina.pdf\">antigen examination<\/a>), genetic test A\/A (myCatDNA)<\/p>\n<p>Average genetic diversity &#8211; 37,5%<\/p>\n<p><img loading=\"lazy\" class=\"alignnone size-large wp-image-952\" src=\"http:\/\/odkosticky.cz\/wp-content\/uploads\/2020\/04\/Scatters-Flora-golden-siberian-1-1024x681.jpg\" alt=\"\" width=\"525\" height=\"349\" srcset=\"https:\/\/odkosticky.cz\/wp-content\/uploads\/2020\/04\/Scatters-Flora-golden-siberian-1-1024x681.jpg 1024w, https:\/\/odkosticky.cz\/wp-content\/uploads\/2020\/04\/Scatters-Flora-golden-siberian-1-300x199.jpg 300w, https:\/\/odkosticky.cz\/wp-content\/uploads\/2020\/04\/Scatters-Flora-golden-siberian-1-768x511.jpg 768w\" sizes=\"(max-width: 525px) 100vw, 525px\" \/><\/p>\n","protected":false},"excerpt":{"rendered":"<p>*2.5.2015 Siberian cat Color: black golden spotted genotype of colors: Aa BB CC DD ii ss SIB ny 24 Pedigree We brought Flora from Sweden, from a small cattery SE*Scatters located in Stockholm. Flora is very friendly and very active cat, she loves people. She is the main guardian of our home and she likes &hellip; <\/p>\n<p class=\"link-more\"><a href=\"https:\/\/odkosticky.cz\/?page_id=207&#038;lang=en\" class=\"more-link\">Pokra\u010dovat ve \u010dten\u00ed<span class=\"screen-reader-text\"> &#8222;SE*Scatters Flora&#8220;<\/span><\/a><\/p>\n","protected":false},"author":1,"featured_media":0,"parent":0,"menu_order":0,"comment_status":"closed","ping_status":"closed","template":"","meta":{"_mi_skip_tracking":false},"_links":{"self":[{"href":"https:\/\/odkosticky.cz\/index.php?rest_route=\/wp\/v2\/pages\/207"}],"collection":[{"href":"https:\/\/odkosticky.cz\/index.php?rest_route=\/wp\/v2\/pages"}],"about":[{"href":"https:\/\/odkosticky.cz\/index.php?rest_route=\/wp\/v2\/types\/page"}],"author":[{"embeddable":true,"href":"https:\/\/odkosticky.cz\/index.php?rest_route=\/wp\/v2\/users\/1"}],"replies":[{"embeddable":true,"href":"https:\/\/odkosticky.cz\/index.php?rest_route=%2Fwp%2Fv2%2Fcomments&post=207"}],"version-history":[{"count":17,"href":"https:\/\/odkosticky.cz\/index.php?rest_route=\/wp\/v2\/pages\/207\/revisions"}],"predecessor-version":[{"id":1357,"href":"https:\/\/odkosticky.cz\/index.php?rest_route=\/wp\/v2\/pages\/207\/revisions\/1357"}],"wp:attachment":[{"href":"https:\/\/odkosticky.cz\/index.php?rest_route=%2Fwp%2Fv2%2Fmedia&parent=207"}],"curies":[{"name":"wp","href":"https:\/\/api.w.org\/{rel}","templated":true}]}}