{"id":155,"date":"2017-05-21T19:23:08","date_gmt":"2017-05-21T19:23:08","guid":{"rendered":"http:\/\/odkosticky.cz\/?page_id=155"},"modified":"2022-09-13T14:43:25","modified_gmt":"2022-09-13T14:43:25","slug":"sescatters-flora","status":"publish","type":"page","link":"https:\/\/odkosticky.cz\/?page_id=155&lang=cs","title":{"rendered":"SE*Scatters Flora"},"content":{"rendered":"<p><a href=\"http:\/\/odkosticky.cz\/wp-content\/uploads\/2017\/05\/1pulroku-1.jpg\"><img loading=\"lazy\" class=\"alignleft size-medium wp-image-179\" src=\"http:\/\/odkosticky.cz\/wp-content\/uploads\/2017\/05\/1pulroku-1-199x300.jpg\" alt=\"\" width=\"199\" height=\"300\" srcset=\"https:\/\/odkosticky.cz\/wp-content\/uploads\/2017\/05\/1pulroku-1-199x300.jpg 199w, https:\/\/odkosticky.cz\/wp-content\/uploads\/2017\/05\/1pulroku-1-768x1155.jpg 768w, https:\/\/odkosticky.cz\/wp-content\/uploads\/2017\/05\/1pulroku-1-681x1024.jpg 681w, https:\/\/odkosticky.cz\/wp-content\/uploads\/2017\/05\/1pulroku-1.jpg 2000w\" sizes=\"(max-width: 199px) 100vw, 199px\" \/><\/a>* 2.5.2015<\/p>\n<p>Sibi\u0159sk\u00e1 ko\u010dka<\/p>\n<p>barva: zlat\u00e1 \u010dern\u011b te\u010dkovan\u00e1<\/p>\n<p>genotyp barev: Aa BB CC DD EE McMc ii Spsp ww wb(SIB)wb(SIB)<\/p>\n<p>SIB ny(nu) 24<\/p>\n<p><strong><a href=\"https:\/\/pawpeds.com\/db\/?a=p&amp;id=1262351&amp;g=4&amp;p=sib&amp;o=ajgrep\">Rodokmen<\/a><\/strong><\/p>\n<p>Potomci:<\/p>\n<ul>\n<li><a href=\"https:\/\/odkosticky.cz\/?page_id=32&amp;lang=cs\">Vrh C &#8211; 2 ko\u0165\u00e1tka<\/a> (*12. 5. 2018)<\/li>\n<li><a href=\"https:\/\/odkosticky.cz\/?page_id=673&amp;lang=cs\">Vrh \u010c &#8211; 5 ko\u0165\u00e1tek<\/a> (*3. 7. 2019)<\/li>\n<\/ul>\n<p>Fl\u00f3rku jsme si p\u0159ivezli ze \u0160v\u00e9dska, z\u00a0mal\u00e9 chovatelsk\u00e9 stanice <a href=\"http:\/\/www.scatters.se\/\">SE*Scatters<\/a> ze Stockholmu. Fl\u00f3rka je velmi ak\u010dn\u00ed p\u0159\u00e1telsk\u00e1 ko\u010dka, kter\u00e1 miluje lidi. Chce m\u00edt nad celou dom\u00e1cnost\u00ed tak\u0159ka neust\u00e1le dohled a velmi r\u00e1da asistuje tak\u0159ka u v\u0161ech dom\u00e1c\u00edch \u010dinnost\u00ed. Moc r\u00e1da si hraje, ob\u010das aportuje, h\u00e1\u017ee po n\u00e1s hra\u010dky z\u00a0prol\u00e9za\u010dky a bav\u00ed n\u00e1s sv\u00fdmi neuv\u011b\u0159iteln\u00fdmi akrobatick\u00fdmi kousky. P\u00e1n\u00ed\u010dek j\u00ed nau\u010dil jak se st\u00e1t ko\u010dkou \u010darod\u011bjnou, tak\u017ee nejrad\u011bji sed\u00ed sv\u00fdm p\u00e1n\u00ed\u010dk\u016fm za krkem nebo na z\u00e1dech a p\u0159i tom vrn\u00ed. Jako kot\u011bti jsme j\u00ed p\u0159ezd\u00edvali motorista. Po n\u00e1v\u0161t\u011bv\u011b v\u00fdstavy jsem j\u00ed za\u010dala p\u0159ezd\u00edvat Lagertha, proto\u017ee sv\u00fdm charakterem je t\u00e9hle hrd\u00e9 a neohro\u017een\u00e9 vikingsk\u00e9 kr\u00e1lovn\u011b v\u00a0lec\u010dem podobn\u00e1. Postupem \u010dasu se z\u00a0n\u00ed (z\u0159ejm\u011b vlivem pani\u010dky) tak\u00e9 stala ko\u010dka velmi upov\u00eddan\u00e1 a spoustu na\u0161ich \u010dinnost\u00ed r\u00e1da komentuje. D\u011bkujeme Perovi za tohle \u0161v\u00edcko a zlat\u00ed\u010dko v\u00a0jednom.<\/p>\n<figure id=\"attachment_180\" aria-describedby=\"caption-attachment-180\" style=\"width: 225px\" class=\"wp-caption alignleft\"><a href=\"http:\/\/odkosticky.cz\/wp-content\/uploads\/2017\/05\/3mesice-1.jpg\"><img loading=\"lazy\" class=\"size-medium wp-image-180\" src=\"http:\/\/odkosticky.cz\/wp-content\/uploads\/2017\/05\/3mesice-1-225x300.jpg\" alt=\"\" width=\"225\" height=\"300\" srcset=\"https:\/\/odkosticky.cz\/wp-content\/uploads\/2017\/05\/3mesice-1-225x300.jpg 225w, https:\/\/odkosticky.cz\/wp-content\/uploads\/2017\/05\/3mesice-1-768x1024.jpg 768w\" sizes=\"(max-width: 225px) 100vw, 225px\" \/><\/a><figcaption id=\"caption-attachment-180\" class=\"wp-caption-text\">3 m\u011bs\u00edce<\/figcaption><\/figure>\n<figure id=\"attachment_181\" aria-describedby=\"caption-attachment-181\" style=\"width: 300px\" class=\"wp-caption alignleft\"><a href=\"http:\/\/odkosticky.cz\/wp-content\/uploads\/2017\/05\/6mesicu-1.jpg\"><img loading=\"lazy\" class=\"size-medium wp-image-181\" src=\"http:\/\/odkosticky.cz\/wp-content\/uploads\/2017\/05\/6mesicu-1-300x199.jpg\" alt=\"\" width=\"300\" height=\"199\" srcset=\"https:\/\/odkosticky.cz\/wp-content\/uploads\/2017\/05\/6mesicu-1-300x199.jpg 300w, https:\/\/odkosticky.cz\/wp-content\/uploads\/2017\/05\/6mesicu-1-768x511.jpg 768w, https:\/\/odkosticky.cz\/wp-content\/uploads\/2017\/05\/6mesicu-1-1024x681.jpg 1024w\" sizes=\"(max-width: 300px) 100vw, 300px\" \/><\/a><figcaption id=\"caption-attachment-181\" class=\"wp-caption-text\">6 m\u011bs\u00edc\u016f<\/figcaption><\/figure>\n<p><em>\u00a0 \u00a0 \u00a0 \u00a0 \u00a0 \u00a0 \u00a0 \u00a0 \u00a0 \u00a0 \u00a0 \u00a0 \u00a0 \u00a0 \u00a0 \u00a0 \u00a0 \u00a0 \u00a0 \u00a0 \u00a0\u00a0<\/em><\/p>\n<p>S\u00a0Fl\u00f3rkou jsme se z\u00fa\u010dastnili jedn\u00e9 dvoudenn\u00ed v\u00fdstavy v\u00a0Praze, kdy\u017e j\u00ed byl asi rok a p\u016fl. Byla to premi\u00e9ra pro ni i pro pani\u010dku. Dostali jsme sice jeden certifik\u00e1t CAC, ale d\u00e1le jsem j\u00ed sl\u00edbila, \u017ee na v\u00fdstavy u\u017e nemus\u00ed. By\u0165 cestov\u00e1n\u00ed zvl\u00e1d\u00e1 s\u00a0klidem a n\u00e1v\u0161t\u011bvy u veterin\u00e1\u0159e bere jako v\u00fdlet za kamar\u00e1dy, na v\u00fdstav\u011b j\u00ed nejv\u00edc bavila veterin\u00e1rn\u00ed p\u0159ej\u00edmka, ale hloub\u011bji ve vystavovac\u00edm s\u00e1le, kde byl \u0161rumec ciz\u00edch ko\u010dek, byla podle m\u00e9ho n\u00e1zoru nerv\u00f3zn\u00ed n\u011bkdy a\u017e moc. Proto se v\u00a0chovu budu d\u00e1le v\u011bnovat tomu, \u010demu rozum\u00edm v\u00edc \u2013 a to zdrav\u00ed a pohod\u011b ko\u010di\u010dek.<\/p>\n<p>Nyn\u00ed ji\u017e je Fl\u00f3rka kastrovan\u00e1. St\u00e1le ale m\u00e1 svoje zvyky z kot\u011bc\u00edho v\u011bku. R\u00e1da n\u00e1m s man\u017eelem sk\u00e1\u010de na z\u00e1da a nech\u00e1 se nosit na &#8222;\u010darod\u011bjnickou ko\u010dku&#8220; a velmi r\u00e1da se ke m\u011b za hlasit\u00e9ho vrn\u011bn\u00ed tul\u00ed v posteli.<\/p>\n<figure id=\"attachment_182\" aria-describedby=\"caption-attachment-182\" style=\"width: 300px\" class=\"wp-caption alignleft\"><a href=\"http:\/\/odkosticky.cz\/wp-content\/uploads\/2017\/05\/vystava-1.jpg\"><img loading=\"lazy\" class=\"size-medium wp-image-182\" src=\"http:\/\/odkosticky.cz\/wp-content\/uploads\/2017\/05\/vystava-1-300x225.jpg\" alt=\"\" width=\"300\" height=\"225\" srcset=\"https:\/\/odkosticky.cz\/wp-content\/uploads\/2017\/05\/vystava-1-300x225.jpg 300w, https:\/\/odkosticky.cz\/wp-content\/uploads\/2017\/05\/vystava-1-768x576.jpg 768w, https:\/\/odkosticky.cz\/wp-content\/uploads\/2017\/05\/vystava-1-1024x768.jpg 1024w\" sizes=\"(max-width: 300px) 100vw, 300px\" \/><\/a><figcaption id=\"caption-attachment-182\" class=\"wp-caption-text\">Fl\u00f3ra na v\u00fdstav\u011b v Top Hotelu Praha 18.12.2016<\/figcaption><\/figure>\n<h4><strong>Zdravotn\u00ed testy:<\/strong><\/h4>\n<p>FIV \u2013 testov\u00e1na s\u00a0negativn\u00edm v\u00fdsledkem (naposledy b\u0159ezen 2019)<\/p>\n<p>FeLV \u2013 testov\u00e1na s\u00a0negativn\u00edm v\u00fdsledkem (naposledy b\u0159ezen 2019)<\/p>\n<p>Chlamydie &#8211; o\u010dkov\u00e1na<\/p>\n<p><em>Streptococcus canis<\/em> \u2013\u00a0testov\u00e1na s negativn\u00edm v\u00fdsledkem (naposledy duben 2019)<\/p>\n<p>protil\u00e1tky na Coronaviry \u2013 bez n\u00e1lezu (b\u0159ezen 2019)<\/p>\n<p>Giardie &#8211; testov\u00e1na s negativn\u00edm v\u00fdsledkem (z\u00e1\u0159\u00ed 2022)<\/p>\n<p>PKD \u2013 nen\u00ed nositelem mutace <a href=\"http:\/\/odkosticky.cz\/?attachment_id=175&amp;lang=cs\">PKD1<\/a>, sonografick\u00e9 vy\u0161et\u0159en\u00ed opakovan\u011b bez n\u00e1lezu (naposledy leden 2019)<\/p>\n<p>HCM \u2013 sonografick\u00e9 vy\u0161et\u0159en\u00ed opakovan\u011b bez n\u00e1lezu (naposledy prosinec 2020), v\u00edce na <a href=\"https:\/\/pawpeds.com\/db\/?a=h&amp;id=1262351&amp;g=4&amp;p=sib&amp;o=ajgrep\">Pawpeds<\/a><\/p>\n<p>PK-deficience \u2013 nen\u00ed nositelem mutace PKdef, kter\u00e1 zp\u016fsobuje hemolytickou an\u00e9mii ko\u010dek (MyCatDNA)<\/p>\n<p>Krevn\u00ed skupina \u2013 A (<a href=\"http:\/\/odkosticky.cz\/wp-content\/uploads\/2017\/05\/skupina.pdf\">s\u00e9rologick\u00e9 vy\u0161et\u0159en\u00ed<\/a>), genotyp A\/A (testov\u00e1no u MyCatDNA)<\/p>\n<p>Pr\u016fm\u011brn\u00e1 genetick\u00e1 diverzita &#8211; 37,5% (MyCatDNA)<\/p>\n<p><img loading=\"lazy\" class=\"alignnone size-large wp-image-950\" src=\"http:\/\/odkosticky.cz\/wp-content\/uploads\/2020\/04\/Scatters-Flora-golden-siberian-1024x681.jpg\" alt=\"\" width=\"525\" height=\"349\" srcset=\"https:\/\/odkosticky.cz\/wp-content\/uploads\/2020\/04\/Scatters-Flora-golden-siberian-1024x681.jpg 1024w, https:\/\/odkosticky.cz\/wp-content\/uploads\/2020\/04\/Scatters-Flora-golden-siberian-300x199.jpg 300w, https:\/\/odkosticky.cz\/wp-content\/uploads\/2020\/04\/Scatters-Flora-golden-siberian-768x511.jpg 768w\" sizes=\"(max-width: 525px) 100vw, 525px\" \/><\/p>\n<h4><\/h4>\n","protected":false},"excerpt":{"rendered":"<p>* 2.5.2015 Sibi\u0159sk\u00e1 ko\u010dka barva: zlat\u00e1 \u010dern\u011b te\u010dkovan\u00e1 genotyp barev: Aa BB CC DD EE McMc ii Spsp ww wb(SIB)wb(SIB) SIB ny(nu) 24 Rodokmen Potomci: Vrh C &#8211; 2 ko\u0165\u00e1tka (*12. 5. 2018) Vrh \u010c &#8211; 5 ko\u0165\u00e1tek (*3. 7. 2019) Fl\u00f3rku jsme si p\u0159ivezli ze \u0160v\u00e9dska, z\u00a0mal\u00e9 chovatelsk\u00e9 stanice SE*Scatters ze Stockholmu. Fl\u00f3rka je &hellip; <\/p>\n<p class=\"link-more\"><a href=\"https:\/\/odkosticky.cz\/?page_id=155&#038;lang=cs\" class=\"more-link\">Pokra\u010dovat ve \u010dten\u00ed<span class=\"screen-reader-text\"> &#8222;SE*Scatters Flora&#8220;<\/span><\/a><\/p>\n","protected":false},"author":1,"featured_media":0,"parent":0,"menu_order":0,"comment_status":"closed","ping_status":"closed","template":"","meta":{"_mi_skip_tracking":false},"_links":{"self":[{"href":"https:\/\/odkosticky.cz\/index.php?rest_route=\/wp\/v2\/pages\/155"}],"collection":[{"href":"https:\/\/odkosticky.cz\/index.php?rest_route=\/wp\/v2\/pages"}],"about":[{"href":"https:\/\/odkosticky.cz\/index.php?rest_route=\/wp\/v2\/types\/page"}],"author":[{"embeddable":true,"href":"https:\/\/odkosticky.cz\/index.php?rest_route=\/wp\/v2\/users\/1"}],"replies":[{"embeddable":true,"href":"https:\/\/odkosticky.cz\/index.php?rest_route=%2Fwp%2Fv2%2Fcomments&post=155"}],"version-history":[{"count":33,"href":"https:\/\/odkosticky.cz\/index.php?rest_route=\/wp\/v2\/pages\/155\/revisions"}],"predecessor-version":[{"id":1356,"href":"https:\/\/odkosticky.cz\/index.php?rest_route=\/wp\/v2\/pages\/155\/revisions\/1356"}],"wp:attachment":[{"href":"https:\/\/odkosticky.cz\/index.php?rest_route=%2Fwp%2Fv2%2Fmedia&parent=155"}],"curies":[{"name":"wp","href":"https:\/\/api.w.org\/{rel}","templated":true}]}}