{"id":1369,"date":"2023-02-17T16:09:45","date_gmt":"2023-02-17T16:09:45","guid":{"rendered":"http:\/\/odkosticky.cz\/?page_id=1369"},"modified":"2023-02-17T16:09:45","modified_gmt":"2023-02-17T16:09:45","slug":"vrh-f-fili","status":"publish","type":"page","link":"https:\/\/odkosticky.cz\/?page_id=1369&lang=cs","title":{"rendered":"Vrh F &#8211; Fili"},"content":{"rendered":"\n<h2 class=\"has-text-align-center\">P\u0159edstavujeme V\u00e1m na\u0161e ko\u0165\u00e1tko<\/h2>\n\n\n\n<h1 class=\"has-text-align-center\">Vrh F (Fili)<\/h1>\n\n\n\n<h2 class=\"has-text-align-center\">*30.8.2022<\/h2>\n\n\n\n<h5><strong>RODI\u010cE (FOTOGRAFIE A INFORMACE):<\/strong><\/h5>\n\n\n\n<figure class=\"wp-block-image size-large\"><a href=\"http:\/\/odkosticky.cz\/wp-content\/uploads\/2022\/11\/gc.jpg\"><img loading=\"lazy\" width=\"1024\" height=\"600\" src=\"http:\/\/odkosticky.cz\/wp-content\/uploads\/2022\/11\/gc-1024x600.jpg\" alt=\"\" class=\"wp-image-1370\" srcset=\"https:\/\/odkosticky.cz\/wp-content\/uploads\/2022\/11\/gc-1024x600.jpg 1024w, https:\/\/odkosticky.cz\/wp-content\/uploads\/2022\/11\/gc-300x176.jpg 300w, https:\/\/odkosticky.cz\/wp-content\/uploads\/2022\/11\/gc-768x450.jpg 768w, https:\/\/odkosticky.cz\/wp-content\/uploads\/2022\/11\/gc.jpg 1148w\" sizes=\"(max-width: 767px) 89vw, (max-width: 1000px) 54vw, (max-width: 1071px) 543px, 580px\" \/><\/a><\/figure>\n\n\n\n<p class=\"has-black-color has-text-color\" style=\"font-size:25px\"><strong><a href=\"https:\/\/whitewitch.cz\/groot-vivaldi-ua\/\">Groot Vivaldi*UA<\/a><\/strong> \ud83d\udc95 <strong><a href=\"https:\/\/odkosticky.cz\/?page_id=596&amp;lang=cs\">Ciri od Kosti\u010dky, CZ<\/a><\/strong><\/p>\n\n\n\n<p><strong>Barva otce:<\/strong>&nbsp;\u010dern\u011b zlat\u00fd (sunshine) mramorovan\u00fd \u2013 ny (nu) 22<\/p>\n\n\n\n<p><strong>Barva matky:&nbsp;<\/strong>\u010dern\u011b st\u0159\u00edb\u0159it\u00e1 te\u010dkovan\u00e1 s b\u00edlou (a se sunshine, tzv. bimetalic) \u2013 ns(u) 09 24<\/p>\n\n\n\n<p><strong>Rodokmen:<\/strong> <a href=\"https:\/\/www.pawpeds.com\/db\/?a=p&amp;id=1638677&amp;g=4&amp;p=sib&amp;o=elastic\">https:\/\/www.pawpeds.com\/db\/?a=p&amp;id=1638677&amp;g=4&amp;p=sib&amp;o=elastic<\/a><\/p>\n\n\n\n<p>Oba rodi\u010de jsou testovan\u00ed na infek\u010dn\u00ed onemocn\u011bn\u00ed FIV a FeLV s negativn\u00edm v\u00fdsledkem a maj\u00ed sonografick\u00e9 vy\u0161et\u0159en\u00ed srdce a ledvin s negativn\u00edm n\u00e1lezem na genetick\u00e9 choroby HCM a PKD.<\/p>\n\n\n\n<p>Koeficient inbreedingu, vypo\u010d\u00edtan\u00fd p\u0159es celou zn\u00e1mou genealogii COI = 1,82%.<\/p>\n\n\n\n<p>P\u011btigenera\u010dn\u00ed AVK (koeficient ztr\u00e1ty p\u0159edk\u016f) = 98,4% (vysv\u011btlen\u00ed: v p\u011bti genera\u010dn\u00edm rodokmenu se opakuje 1 p\u0159edek 2x, vyskytuje se ale a\u017e v p\u00e1t\u00e9 generaci, matka a otec tedy maj\u00ed jednoho spole\u010dn\u00e9ho prapra-d\u011bde\u010dka).<\/p>\n\n\n\n<p>KO\u0164\u00c1TKO:<\/p>\n\n\n\n<figure class=\"wp-block-table is-style-stripes\"><table><tbody><tr><td><strong>Jm\u00e9no<\/strong><\/td><td><strong>Pohlav\u00ed<\/strong><\/td><td><strong>Barva<\/strong><\/td><td><strong>Status<\/strong><\/td><\/tr><tr><td>Filippa<\/td><td><a href=\"https:\/\/www.facebook.com\/media\/set\/?set=a.513629637239627&amp;type=3\" data-type=\"URL\" data-id=\"https:\/\/www.facebook.com\/media\/set\/?set=a.513629637239627&amp;type=3\">holka<\/a><\/td><td>SIB ns(u) 09 22 \u2013 \u010dern\u011b st\u0159\u00edb\u0159it\u00e1 mramorovan\u00e1 s b\u00edlou (bimetalic)<\/td><td>v nov\u00e9m domov\u011b (Praha)<\/td><\/tr><\/tbody><\/table><\/figure>\n\n\n\n<p>Fotky ko\u0165\u00e1tka najdete <a href=\"https:\/\/www.facebook.com\/media\/set\/?set=a.513629637239627&amp;type=3\" data-type=\"URL\" data-id=\"https:\/\/www.facebook.com\/media\/set\/?set=a.513629637239627&amp;type=3\">ve fotoalbu na\u0161\u00ed CHS na facebooku<\/a> &#8211; klikn\u011bte na odkaz &#8222;holka&#8220; v tabulce.<\/p>\n","protected":false},"excerpt":{"rendered":"<p>P\u0159edstavujeme V\u00e1m na\u0161e ko\u0165\u00e1tko Vrh F (Fili) *30.8.2022 RODI\u010cE (FOTOGRAFIE A INFORMACE): Groot Vivaldi*UA \ud83d\udc95 Ciri od Kosti\u010dky, CZ Barva otce:&nbsp;\u010dern\u011b zlat\u00fd (sunshine) mramorovan\u00fd \u2013 ny (nu) 22 Barva matky:&nbsp;\u010dern\u011b st\u0159\u00edb\u0159it\u00e1 te\u010dkovan\u00e1 s b\u00edlou (a se sunshine, tzv. bimetalic) \u2013 ns(u) 09 24 Rodokmen: https:\/\/www.pawpeds.com\/db\/?a=p&amp;id=1638677&amp;g=4&amp;p=sib&amp;o=elastic Oba rodi\u010de jsou testovan\u00ed na infek\u010dn\u00ed onemocn\u011bn\u00ed FIV a FeLV &hellip; <\/p>\n<p class=\"link-more\"><a href=\"https:\/\/odkosticky.cz\/?page_id=1369&#038;lang=cs\" class=\"more-link\">Pokra\u010dovat ve \u010dten\u00ed<span class=\"screen-reader-text\"> &#8222;Vrh F &#8211; Fili&#8220;<\/span><\/a><\/p>\n","protected":false},"author":1,"featured_media":0,"parent":0,"menu_order":0,"comment_status":"closed","ping_status":"closed","template":"","meta":{"_mi_skip_tracking":false},"_links":{"self":[{"href":"https:\/\/odkosticky.cz\/index.php?rest_route=\/wp\/v2\/pages\/1369"}],"collection":[{"href":"https:\/\/odkosticky.cz\/index.php?rest_route=\/wp\/v2\/pages"}],"about":[{"href":"https:\/\/odkosticky.cz\/index.php?rest_route=\/wp\/v2\/types\/page"}],"author":[{"embeddable":true,"href":"https:\/\/odkosticky.cz\/index.php?rest_route=\/wp\/v2\/users\/1"}],"replies":[{"embeddable":true,"href":"https:\/\/odkosticky.cz\/index.php?rest_route=%2Fwp%2Fv2%2Fcomments&post=1369"}],"version-history":[{"count":2,"href":"https:\/\/odkosticky.cz\/index.php?rest_route=\/wp\/v2\/pages\/1369\/revisions"}],"predecessor-version":[{"id":1377,"href":"https:\/\/odkosticky.cz\/index.php?rest_route=\/wp\/v2\/pages\/1369\/revisions\/1377"}],"wp:attachment":[{"href":"https:\/\/odkosticky.cz\/index.php?rest_route=%2Fwp%2Fv2%2Fmedia&parent=1369"}],"curies":[{"name":"wp","href":"https:\/\/api.w.org\/{rel}","templated":true}]}}