{"id":1256,"date":"2022-01-24T20:43:48","date_gmt":"2022-01-24T20:43:48","guid":{"rendered":"https:\/\/odkosticky.cz\/?page_id=1256"},"modified":"2022-01-24T20:44:58","modified_gmt":"2022-01-24T20:44:58","slug":"vrh-v-white-witch-cz","status":"publish","type":"page","link":"https:\/\/odkosticky.cz\/?page_id=1256&lang=cs","title":{"rendered":"Vrh V White Witch, CZ"},"content":{"rendered":"\n<p class=\"has-text-align-center has-large-font-size\">P\u0159edstavujeme V\u00e1m prvn\u00ed vrh ko\u0165\u00e1tek po na\u0161em kocourkovi CH Durinovi od Kosti\u010dky, CZ<\/p>\n\n\n\n<p class=\"has-text-align-center has-large-font-size\"><strong>Vrh V White Witch , CZ<\/strong><\/p>\n\n\n\n<p class=\"has-text-align-center has-large-font-size\">* 15. 12. 2021<\/p>\n\n\n\n<p style=\"font-size:18px\"><strong><strong>RODI\u010cE (FOTOGRAFIE A INFORMACE):<\/strong><\/strong><\/p>\n\n\n\n<figure class=\"wp-block-image size-large\"><a href=\"https:\/\/odkosticky.cz\/wp-content\/uploads\/2022\/01\/v-ww.jpg\"><img loading=\"lazy\" width=\"1024\" height=\"604\" src=\"https:\/\/odkosticky.cz\/wp-content\/uploads\/2022\/01\/v-ww-1024x604.jpg\" alt=\"\" class=\"wp-image-1257\" srcset=\"https:\/\/odkosticky.cz\/wp-content\/uploads\/2022\/01\/v-ww-1024x604.jpg 1024w, https:\/\/odkosticky.cz\/wp-content\/uploads\/2022\/01\/v-ww-300x177.jpg 300w, https:\/\/odkosticky.cz\/wp-content\/uploads\/2022\/01\/v-ww-768x453.jpg 768w, https:\/\/odkosticky.cz\/wp-content\/uploads\/2022\/01\/v-ww-1536x906.jpg 1536w, https:\/\/odkosticky.cz\/wp-content\/uploads\/2022\/01\/v-ww.jpg 2035w\" sizes=\"(max-width: 767px) 89vw, (max-width: 1000px) 54vw, (max-width: 1071px) 543px, 580px\" \/><\/a><\/figure>\n\n\n\n<p style=\"font-size:18px\"><strong><a href=\"https:\/\/odkosticky.cz\/?page_id=1054&amp;lang=cs\" data-type=\"URL\" data-id=\"https:\/\/odkosticky.cz\/?page_id=1054&amp;lang=cs\">CH Durin od Kosti\u010dky, CZ<\/a><\/strong><\/p>\n\n\n\n<figure class=\"wp-block-image is-resized\"><img loading=\"lazy\" src=\"https:\/\/s.w.org\/images\/core\/emoji\/13.0.1\/svg\/1f495.svg\" alt=\"\ud83d\udc95\" width=\"20\" height=\"20\"\/><\/figure>\n\n\n\n<p style=\"font-size:18px\"><strong><a href=\"https:\/\/whitewitch.cz\/yren-white-witch-cz\/\" data-type=\"URL\" data-id=\"https:\/\/whitewitch.cz\/yren-white-witch-cz\/\">Yren White Witch, CZ<\/a><\/strong><\/p>\n\n\n\n<p><strong>Barva otce:<\/strong>&nbsp;\u010dern\u011b zlat\u00fd te\u010dkovan\u00fd \u2013 ny 24<\/p>\n\n\n\n<p><strong>Barva matky:&nbsp;<\/strong>\u010dern\u011b zlat\u00e1 mramorovan\u00e1 (\u010dern\u00e1 sunshine) \u2013 ny (nu) 22<\/p>\n\n\n\n<p><strong>Rodokmeny:<\/strong>&nbsp;<a href=\"https:\/\/pawpeds.com\/db\/?a=p&amp;ids=3:1529431;2:1511326&amp;g=4&amp;p=sib&amp;o=ajgrep\" data-type=\"URL\" data-id=\"https:\/\/pawpeds.com\/db\/?a=p&amp;ids=3:1529431;2:1511326&amp;g=4&amp;p=sib&amp;o=ajgrep\">https:\/\/pawpeds.com\/db\/?a=p&amp;ids=3:1529431;2:1511326&amp;g=4&amp;p=sib&amp;o=ajgrep<\/a><\/p>\n\n\n\n<p>Oba rodi\u010de jsou testovan\u00ed na infek\u010dn\u00ed onemocn\u011bn\u00ed FIV a FeLV s negativn\u00edm v\u00fdsledkem a maj\u00ed sonografick\u00e9 vy\u0161et\u0159en\u00ed srdce a ledvin s negativn\u00edm n\u00e1lezem na genetick\u00e9 choroby HCM a PKD.<\/p>\n\n\n\n<h5>KO\u0164\u00c1TKA:<\/h5>\n\n\n\n<div class=\"wp-block-columns\">\n<div class=\"wp-block-column\" style=\"flex-basis:100%\">\n<figure class=\"wp-block-table\"><table><tbody><tr><td><strong>Jm\u00e9no<\/strong><\/td><td><strong>Pohlav\u00ed<\/strong><\/td><td><strong>Barva<\/strong><\/td><\/tr><tr><td>Vlad<\/td><td><a href=\"https:\/\/www.facebook.com\/media\/set\/?set=a.4700942673326082&amp;type=3\" data-type=\"URL\" data-id=\"https:\/\/www.facebook.com\/media\/set\/?set=a.4700942673326082&amp;type=3\">kluk<\/a><\/td><td>SIB ny (nu) 24 \u2013 \u010dern\u011b zlat\u00fd te\u010dkovan\u00fd (sunshine)<\/td><\/tr><tr><td>Valerian<\/td><td><a href=\"https:\/\/www.facebook.com\/media\/set\/?set=a.4700951726658510&amp;type=3\" data-type=\"URL\" data-id=\"https:\/\/www.facebook.com\/media\/set\/?set=a.4700951726658510&amp;type=3\">kluk<\/a><\/td><td>SIB ny (nu) 24 \u2013 \u010dern\u011b zlat\u00fd te\u010dkovan\u00fd (sunshine)<\/td><\/tr><tr><td>Viktor<\/td><td><a href=\"https:\/\/www.facebook.com\/media\/set\/?set=a.4700956829991333&amp;type=3\" data-type=\"URL\" data-id=\"https:\/\/www.facebook.com\/media\/set\/?set=a.4700956829991333&amp;type=3\">kluk<\/a><\/td><td>SIB n 24 \u2013 \u010dern\u011b te\u010dkovan\u00fd<\/td><\/tr><tr><td>Vision<\/td><td><a href=\"https:\/\/www.facebook.com\/media\/set\/?set=a.4700960799990936&amp;type=3\" data-type=\"URL\" data-id=\"https:\/\/www.facebook.com\/media\/set\/?set=a.4700960799990936&amp;type=3\">kluk<\/a><\/td><td>SIB ny 24 \u2013 \u010dern\u011b zlat\u00fd te\u010dkovan\u00fd<\/td><\/tr><\/tbody><\/table><\/figure>\n\n\n\n<p>Fotky ko\u0165\u00e1tek najdete ve&nbsp;<a href=\"https:\/\/www.facebook.com\/linda.ilievova\/photos_albums\" data-type=\"URL\" data-id=\"https:\/\/www.facebook.com\/linda.ilievova\/photos_albums\">fotoalbech majitelky chovatelsk\u00e9 stanice White Witch, CZ Lindy Ilievov\u00e9 na facebooku<\/a>&nbsp;\u2013 klikn\u011bte na odkaz u ka\u017ed\u00e9ho ko\u0165\u00e1tka.<\/p>\n\n\n\n<p>Pro v\u00edce informac\u00ed kontaktujte <a href=\"https:\/\/whitewitch.cz\/kontakt\/\" data-type=\"URL\" data-id=\"https:\/\/whitewitch.cz\/kontakt\/\">majitelku Lindu Ilievovou<\/a>.<\/p>\n<\/div>\n<\/div>\n","protected":false},"excerpt":{"rendered":"<p>P\u0159edstavujeme V\u00e1m prvn\u00ed vrh ko\u0165\u00e1tek po na\u0161em kocourkovi CH Durinovi od Kosti\u010dky, CZ Vrh V White Witch , CZ * 15. 12. 2021 RODI\u010cE (FOTOGRAFIE A INFORMACE): CH Durin od Kosti\u010dky, CZ Yren White Witch, CZ Barva otce:&nbsp;\u010dern\u011b zlat\u00fd te\u010dkovan\u00fd \u2013 ny 24 Barva matky:&nbsp;\u010dern\u011b zlat\u00e1 mramorovan\u00e1 (\u010dern\u00e1 sunshine) \u2013 ny (nu) 22 Rodokmeny:&nbsp;https:\/\/pawpeds.com\/db\/?a=p&amp;ids=3:1529431;2:1511326&amp;g=4&amp;p=sib&amp;o=ajgrep Oba &hellip; <\/p>\n<p class=\"link-more\"><a href=\"https:\/\/odkosticky.cz\/?page_id=1256&#038;lang=cs\" class=\"more-link\">Pokra\u010dovat ve \u010dten\u00ed<span class=\"screen-reader-text\"> &#8222;Vrh V White Witch, CZ&#8220;<\/span><\/a><\/p>\n","protected":false},"author":1,"featured_media":0,"parent":0,"menu_order":0,"comment_status":"closed","ping_status":"closed","template":"","meta":{"_mi_skip_tracking":false},"_links":{"self":[{"href":"https:\/\/odkosticky.cz\/index.php?rest_route=\/wp\/v2\/pages\/1256"}],"collection":[{"href":"https:\/\/odkosticky.cz\/index.php?rest_route=\/wp\/v2\/pages"}],"about":[{"href":"https:\/\/odkosticky.cz\/index.php?rest_route=\/wp\/v2\/types\/page"}],"author":[{"embeddable":true,"href":"https:\/\/odkosticky.cz\/index.php?rest_route=\/wp\/v2\/users\/1"}],"replies":[{"embeddable":true,"href":"https:\/\/odkosticky.cz\/index.php?rest_route=%2Fwp%2Fv2%2Fcomments&post=1256"}],"version-history":[{"count":2,"href":"https:\/\/odkosticky.cz\/index.php?rest_route=\/wp\/v2\/pages\/1256\/revisions"}],"predecessor-version":[{"id":1259,"href":"https:\/\/odkosticky.cz\/index.php?rest_route=\/wp\/v2\/pages\/1256\/revisions\/1259"}],"wp:attachment":[{"href":"https:\/\/odkosticky.cz\/index.php?rest_route=%2Fwp%2Fv2%2Fmedia&parent=1256"}],"curies":[{"name":"wp","href":"https:\/\/api.w.org\/{rel}","templated":true}]}}