{"id":121,"date":"2017-05-20T18:36:51","date_gmt":"2017-05-20T18:36:51","guid":{"rendered":"http:\/\/odkosticky.cz\/?page_id=121"},"modified":"2023-05-04T13:47:39","modified_gmt":"2023-05-04T13:47:39","slug":"our-cats","status":"publish","type":"page","link":"https:\/\/odkosticky.cz\/?page_id=121&lang=en","title":{"rendered":"Our cats"},"content":{"rendered":"<p><a href=\"http:\/\/odkosticky.cz\/?page_id=207&amp;lang=en\"><strong>SE*Scatters Flora<\/strong><\/a><\/p>\n<p>Flora is foundation cat of our cattery. She is retired now and live as a pet with us.<\/p>\n<p><img loading=\"lazy\" class=\"alignnone size-large wp-image-1036\" src=\"http:\/\/odkosticky.cz\/wp-content\/uploads\/2020\/12\/florinka1-1024x681.jpg\" alt=\"\" width=\"525\" height=\"349\" srcset=\"https:\/\/odkosticky.cz\/wp-content\/uploads\/2020\/12\/florinka1-1024x681.jpg 1024w, https:\/\/odkosticky.cz\/wp-content\/uploads\/2020\/12\/florinka1-300x199.jpg 300w, https:\/\/odkosticky.cz\/wp-content\/uploads\/2020\/12\/florinka1-768x511.jpg 768w\" sizes=\"(max-width: 525px) 100vw, 525px\" \/><\/p>\n<p><strong><a href=\"http:\/\/odkosticky.cz\/?page_id=940&amp;lang=en\">Ciri od Kosticky, CZ<\/a><\/strong><\/p>\n<p>Ciri is our queen.<\/p>\n<p><img loading=\"lazy\" class=\"alignnone size-large wp-image-1037\" src=\"http:\/\/odkosticky.cz\/wp-content\/uploads\/2020\/12\/cirinka3-1024x741.jpg\" alt=\"\" width=\"525\" height=\"380\" srcset=\"https:\/\/odkosticky.cz\/wp-content\/uploads\/2020\/12\/cirinka3-1024x741.jpg 1024w, https:\/\/odkosticky.cz\/wp-content\/uploads\/2020\/12\/cirinka3-300x217.jpg 300w, https:\/\/odkosticky.cz\/wp-content\/uploads\/2020\/12\/cirinka3-768x556.jpg 768w\" sizes=\"(max-width: 525px) 100vw, 525px\" \/><\/p>\n<p><strong>GIC Durin od Kosticky, CZ<\/strong><\/p>\n<p>Durin is our young boy. We offer him for external breeding, contact me for details.<\/p>\n<p><img loading=\"lazy\" class=\"alignnone size-large wp-image-1039\" src=\"http:\/\/odkosticky.cz\/wp-content\/uploads\/2020\/12\/Durda1-1024x777.jpg\" alt=\"\" width=\"525\" height=\"398\" srcset=\"https:\/\/odkosticky.cz\/wp-content\/uploads\/2020\/12\/Durda1-1024x777.jpg 1024w, https:\/\/odkosticky.cz\/wp-content\/uploads\/2020\/12\/Durda1-300x228.jpg 300w, https:\/\/odkosticky.cz\/wp-content\/uploads\/2020\/12\/Durda1-768x583.jpg 768w\" sizes=\"(max-width: 525px) 100vw, 525px\" \/><\/p>\n<p><strong>IP Cid od Kosti\u010dky, CZ<\/strong><\/p>\n<p>Cid is our beloved pet and showman.<\/p>\n<p><img loading=\"lazy\" class=\"alignnone size-large wp-image-955\" src=\"http:\/\/odkosticky.cz\/wp-content\/uploads\/2020\/04\/Cid-od-Kosticky-bimetalic-siberian-1024x714.jpg\" alt=\"\" width=\"525\" height=\"366\" srcset=\"https:\/\/odkosticky.cz\/wp-content\/uploads\/2020\/04\/Cid-od-Kosticky-bimetalic-siberian-1024x714.jpg 1024w, https:\/\/odkosticky.cz\/wp-content\/uploads\/2020\/04\/Cid-od-Kosticky-bimetalic-siberian-300x209.jpg 300w, https:\/\/odkosticky.cz\/wp-content\/uploads\/2020\/04\/Cid-od-Kosticky-bimetalic-siberian-768x535.jpg 768w\" sizes=\"(max-width: 525px) 100vw, 525px\" \/><\/p>\n<p><a href=\"http:\/\/odkosticky.cz\/?page_id=212&amp;lang=en\"><strong>Brunnhilda<\/strong><\/a><\/p>\n<p>Brunnhilda is our beloved pet, oldest cat in our family.<\/p>\n<p><img loading=\"lazy\" class=\"alignnone size-large wp-image-1038\" src=\"http:\/\/odkosticky.cz\/wp-content\/uploads\/2020\/12\/brunn2-1024x692.jpg\" alt=\"\" width=\"525\" height=\"355\" srcset=\"https:\/\/odkosticky.cz\/wp-content\/uploads\/2020\/12\/brunn2-1024x692.jpg 1024w, https:\/\/odkosticky.cz\/wp-content\/uploads\/2020\/12\/brunn2-300x203.jpg 300w, https:\/\/odkosticky.cz\/wp-content\/uploads\/2020\/12\/brunn2-768x519.jpg 768w, https:\/\/odkosticky.cz\/wp-content\/uploads\/2020\/12\/brunn2.jpg 1596w\" sizes=\"(max-width: 525px) 100vw, 525px\" \/><\/p>\n","protected":false},"excerpt":{"rendered":"<p>SE*Scatters Flora Flora is foundation cat of our cattery. She is retired now and live as a pet with us. Ciri od Kosticky, CZ Ciri is our queen. GIC Durin od Kosticky, CZ Durin is our young boy. We offer him for external breeding, contact me for details. IP Cid od Kosti\u010dky, CZ Cid is &hellip; <\/p>\n<p class=\"link-more\"><a href=\"https:\/\/odkosticky.cz\/?page_id=121&#038;lang=en\" class=\"more-link\">Pokra\u010dovat ve \u010dten\u00ed<span class=\"screen-reader-text\"> &#8222;Our cats&#8220;<\/span><\/a><\/p>\n","protected":false},"author":1,"featured_media":0,"parent":0,"menu_order":0,"comment_status":"closed","ping_status":"closed","template":"","meta":{"_mi_skip_tracking":false},"_links":{"self":[{"href":"https:\/\/odkosticky.cz\/index.php?rest_route=\/wp\/v2\/pages\/121"}],"collection":[{"href":"https:\/\/odkosticky.cz\/index.php?rest_route=\/wp\/v2\/pages"}],"about":[{"href":"https:\/\/odkosticky.cz\/index.php?rest_route=\/wp\/v2\/types\/page"}],"author":[{"embeddable":true,"href":"https:\/\/odkosticky.cz\/index.php?rest_route=\/wp\/v2\/users\/1"}],"replies":[{"embeddable":true,"href":"https:\/\/odkosticky.cz\/index.php?rest_route=%2Fwp%2Fv2%2Fcomments&post=121"}],"version-history":[{"count":19,"href":"https:\/\/odkosticky.cz\/index.php?rest_route=\/wp\/v2\/pages\/121\/revisions"}],"predecessor-version":[{"id":1409,"href":"https:\/\/odkosticky.cz\/index.php?rest_route=\/wp\/v2\/pages\/121\/revisions\/1409"}],"wp:attachment":[{"href":"https:\/\/odkosticky.cz\/index.php?rest_route=%2Fwp%2Fv2%2Fmedia&parent=121"}],"curies":[{"name":"wp","href":"https:\/\/api.w.org\/{rel}","templated":true}]}}