{"id":119,"date":"2017-05-20T18:35:36","date_gmt":"2017-05-20T18:35:36","guid":{"rendered":"http:\/\/odkosticky.cz\/?page_id=119"},"modified":"2022-08-29T15:13:11","modified_gmt":"2022-08-29T15:13:11","slug":"119-2","status":"publish","type":"page","link":"https:\/\/odkosticky.cz\/?page_id=119&lang=en","title":{"rendered":"About us"},"content":{"rendered":"<p><img loading=\"lazy\" class=\"size-full wp-image-853 alignleft\" src=\"http:\/\/odkosticky.cz\/wp-content\/uploads\/2019\/11\/fotoLK.jpg\" alt=\"\" width=\"156\" height=\"156\" srcset=\"https:\/\/odkosticky.cz\/wp-content\/uploads\/2019\/11\/fotoLK.jpg 156w, https:\/\/odkosticky.cz\/wp-content\/uploads\/2019\/11\/fotoLK-150x150.jpg 150w, https:\/\/odkosticky.cz\/wp-content\/uploads\/2019\/11\/fotoLK-100x100.jpg 100w\" sizes=\"(max-width: 156px) 100vw, 156px\" \/>Cats live in our home since 2008. And by lucky coincidence, it was Siberian boy Kosticka (Little bones), who stole my heart forever.<\/p>\n<p>In 2015, I decided to establish a cattery focused on breeding of traditional Siberian cats. The purpose of my breeding is to breed healthy kittens with friendly character. Animal welfare and well-being is very important for me.<\/p>\n<p>Our first breeding queen comes from Sweden and I am still in contact with breeders abroad.<\/p>\n<p>In 2017 I graduated from <a href=\"https:\/\/pawpeds.com\/pawacademy\/courses\/\">PawPeds PawAcademy<\/a> G1 and in the following year 2018 I successfully finished G2 course.<\/p>\n<p><a href=\"https:\/\/pawpeds.com\/pawacademy\/courses\/g1\/g1info.html\"><img loading=\"lazy\" class=\"alignleft size-full wp-image-302\" src=\"http:\/\/odkosticky.cz\/wp-content\/uploads\/2017\/05\/G1RibbonSmall-1.gif\" alt=\"\" width=\"150\" height=\"277\" \/><\/a><a href=\"https:\/\/www.pawpeds.com\/pawacademy\/courses\/g2\/g2students.html\"><img loading=\"lazy\" class=\"size-full wp-image-409 alignnone\" src=\"http:\/\/odkosticky.cz\/wp-content\/uploads\/2018\/05\/G2RibbonSmall.gif\" alt=\"\" width=\"150\" height=\"277\" \/><\/a><\/p>\n<p>In 2021 I successfully graduated at Campus Felinarium international feline course Ursa Minor and in spring 2022, I also finished Campus Felinarium international feline course Ursa Major.<\/p>\n<p><a href=\"https:\/\/campusfelinarium.com\/Graduates\/\"><img loading=\"lazy\" class=\"alignnone size-full wp-image-1281\" src=\"http:\/\/odkosticky.cz\/wp-content\/uploads\/2022\/04\/UMA-small-star-1.png\" alt=\"\" width=\"275\" height=\"268\" \/><\/a><a href=\"https:\/\/campusfelinarium.com\/Graduates\/\"><img loading=\"lazy\" class=\"size-full wp-image-1102 alignleft\" src=\"http:\/\/odkosticky.cz\/wp-content\/uploads\/2021\/03\/UMI-small-star.png\" alt=\"\" width=\"275\" height=\"268\" \/><\/a><\/p>\n<h4>Links to other czech catteries of siberian cats:<\/h4>\n<p><a href=\"https:\/\/www.facebook.com\/eva.beranova.56\"><img loading=\"lazy\" class=\"alignnone wp-image-1096 size-medium\" src=\"http:\/\/odkosticky.cz\/wp-content\/uploads\/2021\/03\/AAban-300x150.jpg\" alt=\"\" width=\"300\" height=\"150\" srcset=\"https:\/\/odkosticky.cz\/wp-content\/uploads\/2021\/03\/AAban-300x150.jpg 300w, https:\/\/odkosticky.cz\/wp-content\/uploads\/2021\/03\/AAban.jpg 560w\" sizes=\"(max-width: 300px) 100vw, 300px\" \/><\/a><\/p>\n<ul>\n<li>Ave Aries, CZ &#8211; cattery of siberian cats and neva masquerade cats, owner of golden father of our litter E.<\/li>\n<\/ul>\n<p><a href=\"http:\/\/siberianlights.cz\/\"><img loading=\"lazy\" class=\"alignnone size-full wp-image-822\" src=\"http:\/\/odkosticky.cz\/wp-content\/uploads\/2019\/10\/siberian-lights.jpg\" alt=\"\" width=\"417\" height=\"110\" srcset=\"https:\/\/odkosticky.cz\/wp-content\/uploads\/2019\/10\/siberian-lights.jpg 417w, https:\/\/odkosticky.cz\/wp-content\/uploads\/2019\/10\/siberian-lights-300x79.jpg 300w\" sizes=\"(max-width: 417px) 100vw, 417px\" \/><\/a><\/p>\n<ul>\n<li>Siberian Lights, CZ &#8211; cattery of siberian cats of our friend.<\/li>\n<\/ul>\n<p><a href=\"http:\/\/www.whitewitch.cz\/\"><img loading=\"lazy\" class=\"alignnone size-full wp-image-823\" src=\"http:\/\/odkosticky.cz\/wp-content\/uploads\/2019\/10\/ww1.jpg\" alt=\"\" width=\"800\" height=\"260\" srcset=\"https:\/\/odkosticky.cz\/wp-content\/uploads\/2019\/10\/ww1.jpg 800w, https:\/\/odkosticky.cz\/wp-content\/uploads\/2019\/10\/ww1-300x98.jpg 300w, https:\/\/odkosticky.cz\/wp-content\/uploads\/2019\/10\/ww1-768x250.jpg 768w\" sizes=\"(max-width: 767px) 89vw, (max-width: 1000px) 54vw, (max-width: 1071px) 543px, 580px\" \/><\/a><\/p>\n<ul>\n<li>White Witch, CZ &#8211; cattery of siberian cats and neva masquerade cats. Bimetallic father of our litter C lives there. Handsome father of our litter D comes from there.<\/li>\n<\/ul>\n<h4>Catteries of siberian cats in other countries:<\/h4>\n<p><a href=\"https:\/\/www.facebook.com\/chatteriedesibaventures\"><img loading=\"lazy\" class=\"alignnone size-full wp-image-1339\" src=\"http:\/\/odkosticky.cz\/wp-content\/uploads\/2022\/08\/Aventures-768x134-1.jpg\" alt=\"\" width=\"768\" height=\"134\" srcset=\"https:\/\/odkosticky.cz\/wp-content\/uploads\/2022\/08\/Aventures-768x134-1.jpg 768w, https:\/\/odkosticky.cz\/wp-content\/uploads\/2022\/08\/Aventures-768x134-1-300x52.jpg 300w\" sizes=\"(max-width: 767px) 89vw, (max-width: 1000px) 54vw, (max-width: 1071px) 543px, 580px\" \/><\/a><\/p>\n<ul>\n<li>de Sib\u00b4Aventures*FR &#8211; cattery of Siberian cats from France, which is focused on acceptance of bimetalic (sunshine silver) Siberians in LOOF. Our beautiful girl Esm\u00e9e from bimetalic litter E lives there.<\/li>\n<\/ul>\n<p><a href=\"https:\/\/www.scatters.se\/\"><img loading=\"lazy\" class=\"alignnone size-full wp-image-824\" src=\"http:\/\/odkosticky.cz\/wp-content\/uploads\/2019\/10\/Scatters_logo.png\" alt=\"\" width=\"600\" height=\"200\" srcset=\"https:\/\/odkosticky.cz\/wp-content\/uploads\/2019\/10\/Scatters_logo.png 600w, https:\/\/odkosticky.cz\/wp-content\/uploads\/2019\/10\/Scatters_logo-300x100.png 300w\" sizes=\"(max-width: 600px) 100vw, 600px\" \/><\/a><\/p>\n<ul>\n<li>SE*Scatters &#8211; cattery of siberian cats from Sweden, where our Flora was born.<\/li>\n<\/ul>\n<p><a href=\"https:\/\/www.vom-ohlenberg.de\/\"><img loading=\"lazy\" class=\"alignnone size-full wp-image-825\" src=\"http:\/\/odkosticky.cz\/wp-content\/uploads\/2019\/10\/ohlenberg.jpg\" alt=\"\" width=\"407\" height=\"70\" srcset=\"https:\/\/odkosticky.cz\/wp-content\/uploads\/2019\/10\/ohlenberg.jpg 407w, https:\/\/odkosticky.cz\/wp-content\/uploads\/2019\/10\/ohlenberg-300x52.jpg 300w\" sizes=\"(max-width: 407px) 100vw, 407px\" \/><\/a><\/p>\n<ul>\n<li>vom Ohlenberg, DE &#8211; cattery of siberian cats from Germany. They have very <a href=\"https:\/\/www.vom-ohlenberg.de\/ohlenbergenglish\/sibi-zuechter.htm\">nice list of many siberian breeders from all around the world<\/a> on their webpage.<\/li>\n<\/ul>\n<p><a href=\"http:\/\/siberian-woodhome.eu\/\"><img loading=\"lazy\" class=\"alignnone size-full wp-image-1340\" src=\"http:\/\/odkosticky.cz\/wp-content\/uploads\/2022\/08\/woodhome-pic-1-768x192-1.jpg\" alt=\"\" width=\"768\" height=\"192\" srcset=\"https:\/\/odkosticky.cz\/wp-content\/uploads\/2022\/08\/woodhome-pic-1-768x192-1.jpg 768w, https:\/\/odkosticky.cz\/wp-content\/uploads\/2022\/08\/woodhome-pic-1-768x192-1-300x75.jpg 300w\" sizes=\"(max-width: 767px) 89vw, (max-width: 1000px) 54vw, (max-width: 1071px) 543px, 580px\" \/><\/a><\/p>\n<ul>\n<li>Wood Home, AT &#8211; cattery of siberian cats from Austria, where our boy Egbert lives.<\/li>\n<\/ul>\n\n\n<h4>Our favourite products:<\/h4>\n\n\n\n<figure class=\"wp-block-image size-large is-resized\"><a href=\"https:\/\/www.hrackyprokocky.cz\/\"><img loading=\"lazy\" src=\"http:\/\/odkosticky.cz\/wp-content\/uploads\/2022\/08\/hpk.jpg\" alt=\"\" class=\"wp-image-1343\" width=\"250\" height=\"250\" srcset=\"https:\/\/odkosticky.cz\/wp-content\/uploads\/2022\/08\/hpk.jpg 500w, https:\/\/odkosticky.cz\/wp-content\/uploads\/2022\/08\/hpk-300x300.jpg 300w, https:\/\/odkosticky.cz\/wp-content\/uploads\/2022\/08\/hpk-150x150.jpg 150w, https:\/\/odkosticky.cz\/wp-content\/uploads\/2022\/08\/hpk-100x100.jpg 100w\" sizes=\"(max-width: 250px) 100vw, 250px\" \/><\/a><\/figure>\n\n\n\n<p>Amazing handmade toys from czech producer.<\/p>\n\n\n\n<figure class=\"wp-block-image size-large\"><a href=\"https:\/\/cat-tree-rufi.com\/\"><img loading=\"lazy\" width=\"800\" height=\"120\" src=\"http:\/\/odkosticky.cz\/wp-content\/uploads\/2022\/08\/ban1.png\" alt=\"\" class=\"wp-image-1344\" srcset=\"https:\/\/odkosticky.cz\/wp-content\/uploads\/2022\/08\/ban1.png 800w, https:\/\/odkosticky.cz\/wp-content\/uploads\/2022\/08\/ban1-300x45.png 300w, https:\/\/odkosticky.cz\/wp-content\/uploads\/2022\/08\/ban1-768x115.png 768w\" sizes=\"(max-width: 767px) 89vw, (max-width: 1000px) 54vw, (max-width: 1071px) 543px, 580px\" \/><\/a><\/figure>\n\n\n\n<p>Sturdi scratching trees and furniture for cats.<\/p>\n","protected":false},"excerpt":{"rendered":"<p>Cats live in our home since 2008. And by lucky coincidence, it was Siberian boy Kosticka (Little bones), who stole my heart forever. In 2015, I decided to establish a cattery focused on breeding of traditional Siberian cats. The purpose of my breeding is to breed healthy kittens with friendly character. Animal welfare and well-being &hellip; <\/p>\n<p class=\"link-more\"><a href=\"https:\/\/odkosticky.cz\/?page_id=119&#038;lang=en\" class=\"more-link\">Pokra\u010dovat ve \u010dten\u00ed<span class=\"screen-reader-text\"> &#8222;About us&#8220;<\/span><\/a><\/p>\n","protected":false},"author":1,"featured_media":0,"parent":0,"menu_order":0,"comment_status":"closed","ping_status":"closed","template":"","meta":{"_mi_skip_tracking":false},"_links":{"self":[{"href":"https:\/\/odkosticky.cz\/index.php?rest_route=\/wp\/v2\/pages\/119"}],"collection":[{"href":"https:\/\/odkosticky.cz\/index.php?rest_route=\/wp\/v2\/pages"}],"about":[{"href":"https:\/\/odkosticky.cz\/index.php?rest_route=\/wp\/v2\/types\/page"}],"author":[{"embeddable":true,"href":"https:\/\/odkosticky.cz\/index.php?rest_route=\/wp\/v2\/users\/1"}],"replies":[{"embeddable":true,"href":"https:\/\/odkosticky.cz\/index.php?rest_route=%2Fwp%2Fv2%2Fcomments&post=119"}],"version-history":[{"count":15,"href":"https:\/\/odkosticky.cz\/index.php?rest_route=\/wp\/v2\/pages\/119\/revisions"}],"predecessor-version":[{"id":1345,"href":"https:\/\/odkosticky.cz\/index.php?rest_route=\/wp\/v2\/pages\/119\/revisions\/1345"}],"wp:attachment":[{"href":"https:\/\/odkosticky.cz\/index.php?rest_route=%2Fwp%2Fv2%2Fmedia&parent=119"}],"curies":[{"name":"wp","href":"https:\/\/api.w.org\/{rel}","templated":true}]}}