{"id":117,"date":"2017-05-20T18:33:54","date_gmt":"2017-05-20T18:33:54","guid":{"rendered":"http:\/\/odkosticky.cz\/?page_id=117"},"modified":"2021-08-03T20:31:31","modified_gmt":"2021-08-03T20:31:31","slug":"kittens","status":"publish","type":"page","link":"https:\/\/odkosticky.cz\/?page_id=117&lang=en","title":{"rendered":"Litter C"},"content":{"rendered":"<h2 style=\"text-align: center;\">Let me introduce our first litter<\/h2>\n<h1 style=\"text-align: center;\">Litter C<\/h1>\n<h2 style=\"text-align: center;\">*12.\u00a0 5. 2018<\/h2>\n<p>Parents:<\/p>\n<p><img loading=\"lazy\" class=\"alignleft size-large wp-image-357\" src=\"http:\/\/odkosticky.cz\/wp-content\/uploads\/2018\/03\/laska-1024x464.jpg\" alt=\"\" width=\"525\" height=\"238\" srcset=\"https:\/\/odkosticky.cz\/wp-content\/uploads\/2018\/03\/laska-1024x464.jpg 1024w, https:\/\/odkosticky.cz\/wp-content\/uploads\/2018\/03\/laska-300x136.jpg 300w, https:\/\/odkosticky.cz\/wp-content\/uploads\/2018\/03\/laska-768x348.jpg 768w, https:\/\/odkosticky.cz\/wp-content\/uploads\/2018\/03\/laska.jpg 1765w\" sizes=\"(max-width: 525px) 100vw, 525px\" \/><\/p>\n<p><strong><a href=\"https:\/\/whitewitch.cz\/benjamin-khaleesi-delia-cz\/\">CH Benjam\u00edn Khaleesi Delia<\/a> \u00a0\u00a0\u00a0\u00a0\u00a0\u00a0<\/strong>\u00a0\u00a0\u00a0\u00a0\u00a0\u00a0\u00a0\u00a0\u00a0\u00a0\u00a0\u00a0\u00a0\u00a0\u00a0\u00a0\u00a0\u00a0\u00a0\u00a0\u00a0\u00a0\u00a0 \u00a0 \u00a0 \u00a0 \u00a0 \u00a0 \u00a0\u00a0 <a href=\"http:\/\/odkosticky.cz\/?page_id=155&amp;lang=cs\"><strong>Scatters Flora<\/strong><\/a><\/p>\n<p><strong>Colour of sire:<\/strong> black silver spotted bi-color (bimetalic) &#8211; ns(y) 03 24<\/p>\n<p><strong>Colour of dam:<\/strong> black golden spotted &#8211; ny 24<\/p>\n<p><strong>Pedigree:<\/strong> <a href=\"https:\/\/pawpeds.com\/db\/?a=p&amp;ids=3:1262351;2:1289869&amp;g=4&amp;p=sib&amp;o=ajgrep\">https:\/\/pawpeds.com\/db\/?a=p&amp;ids=3:1262351;2:1289869&amp;g=4&amp;p=sib&amp;o=ajgrep<\/a><\/p>\n<p>Both parents tested for infectious disease FIV and FeLV with negative results.<\/p>\n<p>Both parents tested with sono for HCM and PKD with negative results.<\/p>\n<p>Kittens:<\/p>\n<table>\n<tbody>\n<tr>\n<td><strong>Name<\/strong><\/td>\n<td><strong>Sex<\/strong><\/td>\n<td><strong>Colour<\/strong><\/td>\n<td><strong>Status<\/strong><\/td>\n<\/tr>\n<tr>\n<td><a href=\"https:\/\/www.facebook.com\/media\/set\/?set=a.2858306791124257&amp;type=3\">Cid<\/a><\/td>\n<td><span style=\"color: #0000ff;\">boy<\/span><\/td>\n<td>SIB ns(y) 24 &#8211; black silver spotted (bimetalic)<\/td>\n<td>at our home as cudly pet<\/td>\n<\/tr>\n<tr>\n<td><a href=\"http:\/\/odkosticky.cz\/?page_id=940&amp;lang=en\">Ciri<\/a><\/td>\n<td><span style=\"color: #ff0000;\">girl<\/span><\/td>\n<td>SIB ns(y) 09 24 &#8211; black silver spotted with white (bimetalic)<\/td>\n<td>at our home as future queen<\/td>\n<\/tr>\n<\/tbody>\n<\/table>\n<figure id=\"attachment_425\" aria-describedby=\"caption-attachment-425\" style=\"width: 300px\" class=\"wp-caption alignleft\"><img loading=\"lazy\" class=\"wp-image-425 size-medium\" src=\"http:\/\/odkosticky.cz\/wp-content\/uploads\/2018\/05\/Cid-2t-1-300x180.jpg\" alt=\"\" width=\"300\" height=\"180\" srcset=\"https:\/\/odkosticky.cz\/wp-content\/uploads\/2018\/05\/Cid-2t-1-300x180.jpg 300w, https:\/\/odkosticky.cz\/wp-content\/uploads\/2018\/05\/Cid-2t-1-768x461.jpg 768w, https:\/\/odkosticky.cz\/wp-content\/uploads\/2018\/05\/Cid-2t-1.jpg 1000w\" sizes=\"(max-width: 300px) 100vw, 300px\" \/><figcaption id=\"caption-attachment-425\" class=\"wp-caption-text\">Cid<\/figcaption><\/figure>\n<figure id=\"attachment_426\" aria-describedby=\"caption-attachment-426\" style=\"width: 300px\" class=\"wp-caption alignleft\"><img loading=\"lazy\" class=\"wp-image-426 size-medium\" src=\"http:\/\/odkosticky.cz\/wp-content\/uploads\/2018\/05\/Ciri-2t-2-300x180.jpg\" alt=\"\" width=\"300\" height=\"180\" srcset=\"https:\/\/odkosticky.cz\/wp-content\/uploads\/2018\/05\/Ciri-2t-2-300x180.jpg 300w, https:\/\/odkosticky.cz\/wp-content\/uploads\/2018\/05\/Ciri-2t-2-768x461.jpg 768w, https:\/\/odkosticky.cz\/wp-content\/uploads\/2018\/05\/Ciri-2t-2.jpg 999w\" sizes=\"(max-width: 300px) 100vw, 300px\" \/><figcaption id=\"caption-attachment-426\" class=\"wp-caption-text\">Ciri<\/figcaption><\/figure>\n<p>More pictures:<\/p>\n<p><a href=\"https:\/\/www.facebook.com\/pg\/odkosticky\/photos\/?tab=album&amp;album_id=2105510793070531\">1st week<\/a>, <a href=\"https:\/\/www.facebook.com\/pg\/odkosticky\/photos\/?tab=album&amp;album_id=2110754222546188\">2nd wee<\/a>k, <a href=\"https:\/\/www.facebook.com\/media\/set\/?set=ms.c.eJw9y8kNADEIBMGMLI5hYPNPbGVh~_Ja6TZXCCjdRZOSxB2zAAoqlMBtgL5jlY93CpQYSt6BzIbrQhezCfzbLGy4~-.bps.a.2116068505348093.1073741855.1632766743678274&amp;type=1\">3rd week<\/a>, <a href=\"https:\/\/www.facebook.com\/pg\/odkosticky\/photos\/?tab=album&amp;album_id=2121973444757599\">4th week<\/a>, <a href=\"https:\/\/www.facebook.com\/media\/set\/?set=ms.c.eJxFztsNxEAIQ9GOVti8~_28sWiZDfo~_EuQQzqjXT0ar94wFgIPyFqhhoudAi5Ux~_wAHU3VD~%3BQ~_TdaIGhQowLOieS~_9bmpGPBTwcu8JTaltIGfEdV5gt0w~_qE8QF~%3B~_zBY.bps.a.2127688817519395.1073741857.1632766743678274&amp;type=1\">5th week<\/a>, 6th week <a href=\"https:\/\/www.facebook.com\/pg\/odkosticky\/photos\/?tab=album&amp;album_id=2139668362988107\">Cid<\/a> &#8211; <a href=\"https:\/\/www.facebook.com\/pg\/odkosticky\/photos\/?tab=album&amp;album_id=2139701866318090\">Ciri<\/a><\/p>\n<p>, 7th week <a href=\"https:\/\/www.facebook.com\/pg\/odkosticky\/photos\/?tab=album&amp;album_id=2145622412392702\">Cid<\/a> &#8211; <a href=\"https:\/\/www.facebook.com\/pg\/odkosticky\/photos\/?tab=album&amp;album_id=2145628289058781\">Ciri<\/a>, <a href=\"https:\/\/www.facebook.com\/pg\/odkosticky\/photos\/?tab=album&amp;album_id=2162069177414692\">9th week<\/a>, <a href=\"https:\/\/www.facebook.com\/pg\/odkosticky\/photos\/?tab=album&amp;album_id=2170804763207800\">10th week<\/a>, <a href=\"https:\/\/www.facebook.com\/pg\/odkosticky\/photos\/?tab=album&amp;album_id=2186735038281439\">11th week<\/a><\/p>\n<p>How we grow:<\/p>\n<p><img loading=\"lazy\" class=\"alignnone size-full wp-image-531\" src=\"http:\/\/odkosticky.cz\/wp-content\/uploads\/2018\/08\/cvrckove.jpg\" alt=\"\" width=\"605\" height=\"337\" srcset=\"https:\/\/odkosticky.cz\/wp-content\/uploads\/2018\/08\/cvrckove.jpg 605w, https:\/\/odkosticky.cz\/wp-content\/uploads\/2018\/08\/cvrckove-300x167.jpg 300w\" sizes=\"(max-width: 605px) 100vw, 605px\" \/><\/p>\n","protected":false},"excerpt":{"rendered":"<p>Let me introduce our first litter Litter C *12.\u00a0 5. 2018 Parents: CH Benjam\u00edn Khaleesi Delia \u00a0\u00a0\u00a0\u00a0\u00a0\u00a0\u00a0\u00a0\u00a0\u00a0\u00a0\u00a0\u00a0\u00a0\u00a0\u00a0\u00a0\u00a0\u00a0\u00a0\u00a0\u00a0\u00a0\u00a0\u00a0\u00a0\u00a0\u00a0\u00a0 \u00a0 \u00a0 \u00a0 \u00a0 \u00a0 \u00a0\u00a0 Scatters Flora Colour of sire: black silver spotted bi-color (bimetalic) &#8211; ns(y) 03 24 Colour of dam: black golden spotted &#8211; ny 24 Pedigree: https:\/\/pawpeds.com\/db\/?a=p&amp;ids=3:1262351;2:1289869&amp;g=4&amp;p=sib&amp;o=ajgrep Both parents tested for infectious disease FIV &hellip; <\/p>\n<p class=\"link-more\"><a href=\"https:\/\/odkosticky.cz\/?page_id=117&#038;lang=en\" class=\"more-link\">Pokra\u010dovat ve \u010dten\u00ed<span class=\"screen-reader-text\"> &#8222;Litter C&#8220;<\/span><\/a><\/p>\n","protected":false},"author":1,"featured_media":0,"parent":0,"menu_order":0,"comment_status":"closed","ping_status":"closed","template":"","meta":{"_mi_skip_tracking":false},"_links":{"self":[{"href":"https:\/\/odkosticky.cz\/index.php?rest_route=\/wp\/v2\/pages\/117"}],"collection":[{"href":"https:\/\/odkosticky.cz\/index.php?rest_route=\/wp\/v2\/pages"}],"about":[{"href":"https:\/\/odkosticky.cz\/index.php?rest_route=\/wp\/v2\/types\/page"}],"author":[{"embeddable":true,"href":"https:\/\/odkosticky.cz\/index.php?rest_route=\/wp\/v2\/users\/1"}],"replies":[{"embeddable":true,"href":"https:\/\/odkosticky.cz\/index.php?rest_route=%2Fwp%2Fv2%2Fcomments&post=117"}],"version-history":[{"count":37,"href":"https:\/\/odkosticky.cz\/index.php?rest_route=\/wp\/v2\/pages\/117\/revisions"}],"predecessor-version":[{"id":1161,"href":"https:\/\/odkosticky.cz\/index.php?rest_route=\/wp\/v2\/pages\/117\/revisions\/1161"}],"wp:attachment":[{"href":"https:\/\/odkosticky.cz\/index.php?rest_route=%2Fwp%2Fv2%2Fmedia&parent=117"}],"curies":[{"name":"wp","href":"https:\/\/api.w.org\/{rel}","templated":true}]}}