{"id":113,"date":"2017-05-20T18:28:20","date_gmt":"2017-05-20T18:28:20","guid":{"rendered":"http:\/\/odkosticky.cz\/?page_id=113"},"modified":"2022-04-27T20:10:16","modified_gmt":"2022-04-27T20:10:16","slug":"home","status":"publish","type":"page","link":"https:\/\/odkosticky.cz\/?page_id=113&lang=en","title":{"rendered":"Home"},"content":{"rendered":"<h1><strong><img loading=\"lazy\" class=\"size-full wp-image-784 alignleft\" src=\"http:\/\/odkosticky.cz\/wp-content\/uploads\/2019\/08\/obrazek-1.jpg\" alt=\"\" width=\"158\" height=\"150\" \/>Welcome to the cattery Od Kosti\u010dky*CZ<\/strong><\/h1>\n<p>We are a small cattery located in Southern Bohemia region in the Czech republic. We live in the town of Budweis (<a href=\"http:\/\/www.visitceskebudejovice.cz\/en\/ceske-budejovice-city\/44\/\">Ceske Budejovice<\/a>), which is located close to Austrian and Bavarian borders.<\/p>\n<p>Since 2016 we are registered cattery at <a href=\"http:\/\/fifeweb.org\/index.php\">FIFe<\/a>. We specialized in breeding of <a href=\"https:\/\/en.wikipedia.org\/wiki\/Siberian_cat\">Siberian cats<\/a>. We prefer traditional siberians only and focus on silver and golden (sunshine) lines.<\/p>\n<p><a href=\"https:\/\/www.pawpeds.com\/pawacademy\/courses\/g2\/g2students.html\"><img loading=\"lazy\" class=\"alignleft size-full wp-image-409\" src=\"http:\/\/odkosticky.cz\/wp-content\/uploads\/2018\/05\/G2RibbonSmall.gif\" alt=\"\" width=\"150\" height=\"277\" \/><\/a><a href=\"https:\/\/www.pawpeds.com\/pawacademy\/courses\/g1\/g1students_se.html\"><img loading=\"lazy\" class=\"alignleft size-full wp-image-302\" src=\"http:\/\/odkosticky.cz\/wp-content\/uploads\/2017\/05\/G1RibbonSmall-1.gif\" alt=\"\" width=\"150\" height=\"277\" \/><\/a><\/p>\n<p><a href=\"https:\/\/www.campusfelinarium.com\/Graduates\/\"><img loading=\"lazy\" class=\"alignnone size-full wp-image-1102\" src=\"http:\/\/odkosticky.cz\/wp-content\/uploads\/2021\/03\/UMI-small-star.png\" alt=\"\" width=\"275\" height=\"268\" \/><img loading=\"lazy\" class=\"alignnone size-full wp-image-1281\" src=\"http:\/\/odkosticky.cz\/wp-content\/uploads\/2022\/04\/UMA-small-star-1.png\" alt=\"\" width=\"275\" height=\"268\" \/><\/a><\/p>\n","protected":false},"excerpt":{"rendered":"<p>Welcome to the cattery Od Kosti\u010dky*CZ We are a small cattery located in Southern Bohemia region in the Czech republic. We live in the town of Budweis (Ceske Budejovice), which is located close to Austrian and Bavarian borders. Since 2016 we are registered cattery at FIFe. We specialized in breeding of Siberian cats. We prefer &hellip; <\/p>\n<p class=\"link-more\"><a href=\"https:\/\/odkosticky.cz\/?page_id=113&#038;lang=en\" class=\"more-link\">Pokra\u010dovat ve \u010dten\u00ed<span class=\"screen-reader-text\"> &#8222;Home&#8220;<\/span><\/a><\/p>\n","protected":false},"author":1,"featured_media":0,"parent":0,"menu_order":0,"comment_status":"closed","ping_status":"closed","template":"","meta":{"_mi_skip_tracking":false},"_links":{"self":[{"href":"https:\/\/odkosticky.cz\/index.php?rest_route=\/wp\/v2\/pages\/113"}],"collection":[{"href":"https:\/\/odkosticky.cz\/index.php?rest_route=\/wp\/v2\/pages"}],"about":[{"href":"https:\/\/odkosticky.cz\/index.php?rest_route=\/wp\/v2\/types\/page"}],"author":[{"embeddable":true,"href":"https:\/\/odkosticky.cz\/index.php?rest_route=\/wp\/v2\/users\/1"}],"replies":[{"embeddable":true,"href":"https:\/\/odkosticky.cz\/index.php?rest_route=%2Fwp%2Fv2%2Fcomments&post=113"}],"version-history":[{"count":16,"href":"https:\/\/odkosticky.cz\/index.php?rest_route=\/wp\/v2\/pages\/113\/revisions"}],"predecessor-version":[{"id":1282,"href":"https:\/\/odkosticky.cz\/index.php?rest_route=\/wp\/v2\/pages\/113\/revisions\/1282"}],"wp:attachment":[{"href":"https:\/\/odkosticky.cz\/index.php?rest_route=%2Fwp%2Fv2%2Fmedia&parent=113"}],"curies":[{"name":"wp","href":"https:\/\/api.w.org\/{rel}","templated":true}]}}