{"id":1054,"date":"2020-12-31T15:51:03","date_gmt":"2020-12-31T15:51:03","guid":{"rendered":"http:\/\/odkosticky.cz\/?page_id=1054"},"modified":"2023-05-04T13:42:03","modified_gmt":"2023-05-04T13:42:03","slug":"durin-od-kosticky-cz","status":"publish","type":"page","link":"https:\/\/odkosticky.cz\/?page_id=1054&lang=cs","title":{"rendered":"GIC Durin od Kosti\u010dky, CZ"},"content":{"rendered":"<p><img loading=\"lazy\" class=\"alignleft wp-image-1055 size-medium\" src=\"http:\/\/odkosticky.cz\/wp-content\/uploads\/2020\/12\/durin1-300x273.jpg\" alt=\"\" width=\"300\" height=\"273\" srcset=\"https:\/\/odkosticky.cz\/wp-content\/uploads\/2020\/12\/durin1-300x273.jpg 300w, https:\/\/odkosticky.cz\/wp-content\/uploads\/2020\/12\/durin1-768x698.jpg 768w, https:\/\/odkosticky.cz\/wp-content\/uploads\/2020\/12\/durin1-1024x931.jpg 1024w\" sizes=\"(max-width: 300px) 100vw, 300px\" \/>*25.3.2020<\/p>\n<p>Sibi\u0159sk\u00e1 ko\u010dka<\/p>\n<p>Barva: zlat\u00e1 \u010dern\u011b te\u010dkovan\u00e1<\/p>\n<p>Genotyp barev: Aa BB Ccs Dd EE McMc ii SpSp ww wb(SIB)wb(SIB)<\/p>\n<p>SIB ny 24<\/p>\n<p><strong><a href=\"https:\/\/pawpeds.com\/db\/?a=p&amp;id=1511326&amp;g=4&amp;p=sib&amp;o=elastic\">Rodokmen<\/a><\/strong><\/p>\n<p>Extern\u00ed kryt\u00ed: ano<\/p>\n<p>Potomci:<\/p>\n<ul>\n<li><a href=\"https:\/\/odkosticky.cz\/?page_id=1256&amp;lang=cs\">Vrh V White Witch, CZ<\/a> &#8211; 4 kluci (*15. 12. 2021)<\/li>\n<\/ul>\n<p>Durin je kocourek <a href=\"http:\/\/odkosticky.cz\/?page_id=899&amp;lang=cs\">z&nbsp;na\u0161eho vrhu D<\/a>, jeho maminkou je <a href=\"http:\/\/odkosticky.cz\/?page_id=596&amp;lang=cs\">na\u0161e ko\u010di\u010dka Ciri<\/a> a tat\u00ednek kr\u00e1sn\u00fd<a href=\"https:\/\/www.facebook.com\/linda.ilievova\/media_set?set=a.1696830550403991&amp;type=3\"> mazliv\u00fd kocourek IC Fobos White Witch<\/a>, kter\u00fd je te\u010f u\u017e kastrovan\u00fd. Durin je postavou a ve v\u00fdrazu tat\u00ednkovi hodn\u011b podobn\u00fd, po t\u00e1tovi tak\u00e9 zd\u011bdil hu\u0148atou medv\u011bd\u00ed podsadu a \u0161t\u011btkat\u00fd ocas.<\/p>\n<p>Durin je na\u0161e nejmazliv\u011bj\u0161\u00ed a nejp\u0159\u00edlipkovat\u011bj\u0161\u00ed ko\u0165\u00e1tko. U\u017e jako mali\u010dk\u00e1 my\u0161ka m\u011bl k&nbsp;m\u00fdm rukou obrovskou d\u016fv\u011bru. Kdy\u017e byl se mnou, byl v\u017edy spokojen\u00fd a nikdy si na m\u011b mamince nest\u011b\u017eoval. P\u0159i doteku za\u010dne hned vrn\u011bt, u\u017e\u00edv\u00e1 si jak\u00e9koliv \u010des\u00e1n\u00ed a p\u00e9\u010di. Je to kocourek v\u00edtac\u00ed, v\u017edycky na m\u011b \u010dek\u00e1 po p\u0159\u00edchodu dom\u016f za dve\u0159mi, i kdy\u017e jdu jen vyn\u00e9st odpadky. V\u00edtat ke dve\u0159\u00edm m\u011b chod\u00ed od t\u00e9 doby, co se nau\u010dil b\u011bhat. S\u00e1m dobrovoln\u011b leze do sv\u00e9ho p\u0159epravn\u00edho bat\u016f\u017eku, aby mohl b\u00fdt po\u0159\u00e1d se mnou. Tak\u017ee jsem ho nau\u010dila nosit postrojek s&nbsp;vod\u00edtkem a chod\u00edme spolu pravideln\u011b na proch\u00e1zky ven. Kdy\u017e se Durin venku n\u011b\u010deho lekne, schov\u00e1 se mi na rameno.<\/p>\n<p>Durin se hodn\u011b skamar\u00e1dil s na\u0161\u00ed nejstar\u0161\u00ed ko\u010di\u010dku Bru\u0148\u010fou a pro ni je to jej\u00ed princ. Hodn\u011b d\u00edky n\u011bmu o\u017eila, chytila druhou m\u00edzu a hezky si spolu hraj\u00ed. Cida m\u00e1 Durin taky moc r\u00e1d, je to pro n\u011bj kocou\u0159\u00ed vzor. A te\u010f kdy\u017e u\u017e Durinek vyrostl jsou s Cidem skv\u011bl\u00ed par\u0165\u00e1ci. Moc r\u00e1di si spolu hraj\u00ed. Cid Durinkovi \u010dasto upravuje ko\u017e\u00ed\u0161ek.<\/p>\n<p><figure id=\"attachment_1056\" aria-describedby=\"caption-attachment-1056\" style=\"width: 300px\" class=\"wp-caption alignleft\"><img loading=\"lazy\" class=\"wp-image-1056 size-medium\" title=\"2,5 t\u00fddne\" src=\"http:\/\/odkosticky.cz\/wp-content\/uploads\/2020\/12\/18dniOp-300x215.jpg\" alt=\"2,5 t\u00fddne\" width=\"300\" height=\"215\" srcset=\"https:\/\/odkosticky.cz\/wp-content\/uploads\/2020\/12\/18dniOp-300x215.jpg 300w, https:\/\/odkosticky.cz\/wp-content\/uploads\/2020\/12\/18dniOp-768x550.jpg 768w, https:\/\/odkosticky.cz\/wp-content\/uploads\/2020\/12\/18dniOp-1024x733.jpg 1024w, https:\/\/odkosticky.cz\/wp-content\/uploads\/2020\/12\/18dniOp.jpg 1670w\" sizes=\"(max-width: 300px) 100vw, 300px\" \/><figcaption id=\"caption-attachment-1056\" class=\"wp-caption-text\">2,5 t\u00fddne<\/figcaption><\/figure><br>\n<figure id=\"attachment_1057\" aria-describedby=\"caption-attachment-1057\" style=\"width: 300px\" class=\"wp-caption alignright\"><img loading=\"lazy\" class=\"wp-image-1057 size-medium\" src=\"http:\/\/odkosticky.cz\/wp-content\/uploads\/2020\/12\/80dniOp-300x215.jpg\" alt=\"\" width=\"300\" height=\"215\" srcset=\"https:\/\/odkosticky.cz\/wp-content\/uploads\/2020\/12\/80dniOp-300x215.jpg 300w, https:\/\/odkosticky.cz\/wp-content\/uploads\/2020\/12\/80dniOp-768x549.jpg 768w, https:\/\/odkosticky.cz\/wp-content\/uploads\/2020\/12\/80dniOp-1024x732.jpg 1024w, https:\/\/odkosticky.cz\/wp-content\/uploads\/2020\/12\/80dniOp.jpg 1695w\" sizes=\"(max-width: 300px) 100vw, 300px\" \/><figcaption id=\"caption-attachment-1057\" class=\"wp-caption-text\">11 t\u00fddn\u016f<\/figcaption><\/figure><\/p>\n<p>P\u011bt ko\u010dek v&nbsp;na\u0161\u00ed dom\u00e1cnosti jsem p\u016fvodn\u011b napl\u00e1novala. Ale man\u017eel a Durin m\u011b umluvili. Museli jsme kv\u016fli tomu upravit bydlen\u00ed. Durin bude prozat\u00edm p\u016fsobit i jako chovn\u00fd kocourek pouze pro extern\u00ed kryt\u00ed, proto\u017ee na\u0161e ko\u010di\u010dky doma jsou s&nbsp;n\u00edm bu\u010f p\u0159\u00edbuzn\u00e9 nebo v&nbsp;d\u016fchodu a kastrovan\u00e9. M\u00e1te-li z\u00e1jem o kryt\u00ed u na\u0161eho Durinka, kontaktujte m\u011b a m\u016f\u017eeme domluvit podm\u00ednky. Kryje pouze ko\u010di\u010dky s&nbsp;PP z&nbsp;registrovan\u00fdch chovatelsk\u00fdch stanic se zdravotn\u00edmi testy.<\/p>\n<p>Durinek jezd\u00ed na v\u00fdstavy spolu se str\u00fd\u010dkem Cidem, kdy\u017e u\u017e je to te\u010f zase mo\u017en\u00e9. P\u0159i cestov\u00e1n\u00ed a na v\u00fdstav\u00e1ch je hodn\u00fd a posuzovatel\u00e9 ho chv\u00e1l\u00ed. Moc hezky se um\u00ed p\u0159edv\u00e1d\u011bt, ale mus\u00edm b\u00fdt v jeho bl\u00edzkosti. Je to m\u016fj mam\u00e1nek. Vyhr\u00e1l ji\u017e dva tituly BIV, tak\u00e9 p\u011bt titul\u016f BIS a py\u0161n\u00ed se titulem Grand-inter \u0161ampi\u00f3n.<\/p>\n\n\n<figure class=\"wp-block-image size-large is-resized\"><a href=\"http:\/\/odkosticky.cz\/wp-content\/uploads\/2022\/08\/D22st-2.jpg\"><img loading=\"lazy\" src=\"http:\/\/odkosticky.cz\/wp-content\/uploads\/2022\/08\/D22st-2-1024x975.jpg\" alt=\"\" class=\"wp-image-1318\" width=\"490\" height=\"466\" srcset=\"https:\/\/odkosticky.cz\/wp-content\/uploads\/2022\/08\/D22st-2-1024x975.jpg 1024w, https:\/\/odkosticky.cz\/wp-content\/uploads\/2022\/08\/D22st-2-300x286.jpg 300w, https:\/\/odkosticky.cz\/wp-content\/uploads\/2022\/08\/D22st-2-768x732.jpg 768w, https:\/\/odkosticky.cz\/wp-content\/uploads\/2022\/08\/D22st-2-1536x1463.jpg 1536w, https:\/\/odkosticky.cz\/wp-content\/uploads\/2022\/08\/D22st-2.jpg 2025w\" sizes=\"(max-width: 490px) 100vw, 490px\" \/><\/a><\/figure>\n\n\n\n<p><strong>Zdravotn\u00ed testy:<\/strong><\/p>\n\n\n\n<p>Krevn\u00ed skupina&nbsp;\u2013 A\/A (testov\u00e1no geneticky u MyCatDNA)<\/p>\n\n\n\n<p>FIV \u2013 testovan\u00fd s negativn\u00edm v\u00fdsledkem (kv\u011bten 2021)<\/p>\n\n\n\n<p>FeLV \u2013 testovan\u00fd s negativn\u00edm v\u00fdsledkem (kv\u011bten 2021)<\/p>\n\n\n\n<p>Chlamydie\u00a0\u2013 testovan\u00fd s negativn\u00edm v\u00fdsledkem (kv\u011bten 2021), pravideln\u011b o\u010dkovan\u00fd<\/p>\n\n\n\n<p><em>Mycoplasma, Ureaplasma<\/em>&nbsp;\u2013 testovan\u00fd s negativn\u00edm v\u00fdsledkem (kv\u011bten 2021)<\/p>\n\n\n\n<p><em>Streptococcus<\/em>&nbsp;\u2013 testovan\u00fd s negativn\u00edm v\u00fdsledkem (naposledy z\u00e1\u0159\u00ed 2022)<\/p>\n\n\n\n<p>Giardie&nbsp;\u2013 testov\u00e1n s negativn\u00edm v\u00fdsledkem (naposledy z\u00e1\u0159\u00ed 2022)<\/p>\n\n\n\n<p>PKD \u2013 sonografick\u00e9 vy\u0161et\u0159en\u00ed bez n\u00e1lezu (\u010derven 2021), nenese mutaci PKD1 (MyCatDNA), kter\u00e1 zp\u016fsobuje degenerativn\u00ed onemocn\u011bn\u00ed ledvin<\/p>\n\n\n\n<p>HCM \u2013 opakovan\u00e9 sonografick\u00e9 vy\u0161et\u0159en\u00ed bez n\u00e1lezu (naposledy duben 2023), nenese \u017e\u00e1dnou zn\u00e1mou mutaci, kter\u00e1 zp\u016fsobuje degenerativn\u00ed onemocn\u011bn\u00ed srdce (MyCatDNA)<\/p>\n\n\n\n<p>PKdef \u2013 nen\u00ed nositelem mutace PKdef, kter\u00e1 zp\u016fsobuje hemolytickou an\u00e9mii ko\u010dek (MyCatDNA)<\/p>\n\n\n\n<figure class=\"wp-block-image size-large is-resized\"><a href=\"http:\/\/odkosticky.cz\/wp-content\/uploads\/2022\/08\/IMGP5411st-1-scaled.jpg\"><img loading=\"lazy\" src=\"http:\/\/odkosticky.cz\/wp-content\/uploads\/2022\/08\/IMGP5411st-1-1024x732.jpg\" alt=\"\" class=\"wp-image-1319\" width=\"475\" height=\"340\" srcset=\"https:\/\/odkosticky.cz\/wp-content\/uploads\/2022\/08\/IMGP5411st-1-1024x732.jpg 1024w, https:\/\/odkosticky.cz\/wp-content\/uploads\/2022\/08\/IMGP5411st-1-300x215.jpg 300w, https:\/\/odkosticky.cz\/wp-content\/uploads\/2022\/08\/IMGP5411st-1-768x549.jpg 768w, https:\/\/odkosticky.cz\/wp-content\/uploads\/2022\/08\/IMGP5411st-1-1536x1099.jpg 1536w, https:\/\/odkosticky.cz\/wp-content\/uploads\/2022\/08\/IMGP5411st-1-2048x1465.jpg 2048w\" sizes=\"(max-width: 475px) 100vw, 475px\" \/><\/a><\/figure>\n\n\n\n<p><strong>Ocen\u011bn\u00ed na v\u00fdstav\u00e1ch:<\/strong><\/p>\n\n\n\n<figure class=\"wp-block-table\"><table><tbody><tr><td><strong>V\u00fdstava<\/strong><\/td><td><strong>Datum<\/strong><\/td><td><strong>T\u0159\u00edda<\/strong><\/td><td><strong>Ocen\u011bn\u00ed<\/strong><\/td><\/tr><tr><td>Star Cats Show, Praha, CZ<\/td><td>27.9.2020<\/td><td>12<\/td><td>Ex1<\/td><\/tr><tr><td>IA Wiener Neustadt, AU<\/td><td>4.9.2021<\/td><td>9<\/td><td>Ex1, CAC<\/td><\/tr><tr><td>MVK Jarom\u011b\u0159, CZ<\/td><td>7.11.2021<\/td><td>9<\/td><td>Ex1, CAC, BIV<\/td><\/tr><tr><td>MVK Olomouc 1, CZ<\/td><td>5.12.2021<\/td><td>9<\/td><td>Ex1, CAC<\/td><\/tr><tr><td>MVK Olomouc 1, CZ<\/td><td>5.12.2021<\/td><td>7<\/td><td>Ex1, CACIB, BIV, NOM<\/td><\/tr><tr><td>MVK \u010cesk\u00e9 Bud\u011bjovice, CZ<\/td><td>19.3.2022<\/td><td>7<\/td><td>Ex1, CACIB, BIS<\/td><\/tr><tr><td>CCR Cieszyn, PL<\/td><td>16.7.2022<\/td><td>7<\/td><td>Ex1, CACIB, BIS<\/td><\/tr><tr><td>CCR Cieszyn, PL<\/td><td>17.7.2022<\/td><td>5<\/td><td>Ex1, CAGCIB, NOM<\/td><\/tr><tr><td>MVK Ostrava, CZ<\/td><td>20.8.2022<\/td><td>5<\/td><td>Ex1, CAGCIB, BIS<\/td><\/tr><tr><td>MVK Ostrava, CZ<\/td><td>21.8.2022<\/td><td>5<\/td><td>Ex1, CAGCIB, BIS<\/td><\/tr><tr><td>World Winner Show 2022, Mechelen, BE<\/td><td>29.-30.10.2022<\/td><td>5<\/td><td>Ex3<\/td><\/tr><tr><td>MVK Brno, CZ<\/td><td>13.11.2022<\/td><td>5<\/td><td>Ex1, CAGCIB, NOM<\/td><\/tr><tr><td>MVM Vini\u010dn\u00e9, SK<\/td><td>26.11.2022<\/td><td>5<\/td><td>Ex1, CAGCIB, BIS<\/td><\/tr><tr><td>MVM Vini\u010dn\u00e9, SK<\/td><td>27.11.2022<\/td><td>5<\/td><td>Ex1, CAGCIB<\/td><\/tr><tr><td>MVK Praha, CZ<\/td><td>18.3.2023<\/td><td>3<\/td><td>Ex1, CACS<\/td><\/tr><tr><td>MVK Praha, CZ<\/td><td>19.3.2023<\/td><td>3<\/td><td>Ex1, CACS<\/td><\/tr><\/tbody><\/table><\/figure>\n","protected":false},"excerpt":{"rendered":"<p>*25.3.2020 Sibi\u0159sk\u00e1 ko\u010dka Barva: zlat\u00e1 \u010dern\u011b te\u010dkovan\u00e1 Genotyp barev: Aa BB Ccs Dd EE McMc ii SpSp ww wb(SIB)wb(SIB) SIB ny 24 Rodokmen Extern\u00ed kryt\u00ed: ano Potomci: Vrh V White Witch, CZ &#8211; 4 kluci (*15. 12. 2021) Durin je kocourek z&nbsp;na\u0161eho vrhu D, jeho maminkou je na\u0161e ko\u010di\u010dka Ciri a tat\u00ednek kr\u00e1sn\u00fd mazliv\u00fd kocourek &hellip; <\/p>\n<p class=\"link-more\"><a href=\"https:\/\/odkosticky.cz\/?page_id=1054&#038;lang=cs\" class=\"more-link\">Pokra\u010dovat ve \u010dten\u00ed<span class=\"screen-reader-text\"> &#8222;GIC Durin od Kosti\u010dky, CZ&#8220;<\/span><\/a><\/p>\n","protected":false},"author":1,"featured_media":0,"parent":0,"menu_order":0,"comment_status":"closed","ping_status":"closed","template":"","meta":{"_mi_skip_tracking":false},"_links":{"self":[{"href":"https:\/\/odkosticky.cz\/index.php?rest_route=\/wp\/v2\/pages\/1054"}],"collection":[{"href":"https:\/\/odkosticky.cz\/index.php?rest_route=\/wp\/v2\/pages"}],"about":[{"href":"https:\/\/odkosticky.cz\/index.php?rest_route=\/wp\/v2\/types\/page"}],"author":[{"embeddable":true,"href":"https:\/\/odkosticky.cz\/index.php?rest_route=\/wp\/v2\/users\/1"}],"replies":[{"embeddable":true,"href":"https:\/\/odkosticky.cz\/index.php?rest_route=%2Fwp%2Fv2%2Fcomments&post=1054"}],"version-history":[{"count":30,"href":"https:\/\/odkosticky.cz\/index.php?rest_route=\/wp\/v2\/pages\/1054\/revisions"}],"predecessor-version":[{"id":1403,"href":"https:\/\/odkosticky.cz\/index.php?rest_route=\/wp\/v2\/pages\/1054\/revisions\/1403"}],"wp:attachment":[{"href":"https:\/\/odkosticky.cz\/index.php?rest_route=%2Fwp%2Fv2%2Fmedia&parent=1054"}],"curies":[{"name":"wp","href":"https:\/\/api.w.org\/{rel}","templated":true}]}}