{"id":998,"date":"2020-09-16T16:49:14","date_gmt":"2020-09-16T16:49:14","guid":{"rendered":"http:\/\/odkosticky.cz\/?page_id=998"},"modified":"2022-08-29T14:44:44","modified_gmt":"2022-08-29T14:44:44","slug":"zakladni-vybava","status":"publish","type":"page","link":"http:\/\/odkosticky.cz\/?page_id=998&lang=cs","title":{"rendered":"Z\u00e1kladn\u00ed v\u00fdbava"},"content":{"rendered":"<p>N\u00e1sleduj\u00edc\u00ed \u0159\u00e1dky jsou sou\u010d\u00e1st\u00ed m\u00e9ho &#8222;n\u00e1vodu na ko\u010dku&#8220; pro budouc\u00ed majitele na\u0161ich ko\u0165\u00e1tek. V\u011b\u0159\u00edm, \u017ee mohou b\u00fdt u\u017eite\u010dn\u00e9 i pro kohokoliv dal\u0161\u00edho, kdo pl\u00e1nuje si ko\u0165\u00e1tko po\u0159\u00eddit. Doporu\u010duji ho p\u0159e\u010d\u00edst i lidem, kte\u0159\u00ed u\u017e maj\u00ed ko\u010di\u010d\u00e1ka doma, t\u0159eba se v\u00e1m n\u011bkter\u00e9 tipy budou hodit.<\/p>\n<h2>1) Co po\u0159\u00eddit a jak to rozm\u00edstit<\/h2>\n<ul>\n<li>\n<h5>P\u0159epravka<\/h5>\n<\/li>\n<\/ul>\n<p>P\u0159epravku nutn\u011b pot\u0159ebujete pro bezpe\u010dnou p\u0159epravu ko\u0165\u00e1tka k v\u00e1m dom\u016f, na cesty k veterin\u00e1\u0159i, k dal\u0161\u00edmu p\u0159\u00edpadn\u00e9mu cestov\u00e1n\u00ed. Ko\u0165\u00e1tka docela rychle rostou, tak\u017ee rovnou doporu\u010duji vybrat p\u0159epravku, kter\u00e1 unese a vejde se do n\u00ed v\u00e1\u0161 ko\u010di\u010d\u00e1k a\u017e vyroste (pro p\u0159edstavu n\u00e1\u0161 Cid m\u00e1 8,2 kg, Ciri jako holka 4,2 kg). Kluci jsou v\u011bt\u0161inou v\u011bt\u0161\u00ed ne\u017e holky, t\u011bch 8 kg, co m\u00e1 Cid je u\u017e na sibi\u0159\u00e1ka opravdu hodn\u011b.<\/p>\n<p>Vhodn\u00e1 ko\u010di\u010d\u00ed p\u0159epravka by m\u011bla m\u00edt u\u017e\u0161\u00ed p\u0159\u00edstup z \u010dela (z boku) \u2013 tudy ko\u010dku vkl\u00e1d\u00e1m a doma vypou\u0161t\u00edm. Ale tak\u00e9 prostorn\u00fd p\u0159\u00edstup shora \u2013 ten pou\u017e\u00edv\u00e1m, kdy\u017e se ko\u010dce z p\u0159epravky nechce, nap\u0159\u00edklad u veterin\u00e1\u0159e. Je nevhodn\u00e9 ko\u010dku tahat \u201ez doup\u00e1tka z tunelu\u201c, jednak je to nepohodln\u00e9 a nav\u00edc t\u00edm ko\u010dku u veterin\u00e1\u0159e je\u0161t\u011b v\u00edc vystra\u0161\u00edte (\u00fatok shora pr\u00fd neo\u010dek\u00e1vaj\u00ed J).<\/p>\n<p>Up\u0159ednost\u0148uji l\u00e1tkov\u00e9 p\u0159epravky s polstrovan\u00fdm ramenn\u00edm popruhem, d\u00e1 se v nich pohodln\u011b na del\u0161\u00ed vzd\u00e1lenost un\u00e9st i t\u011b\u017e\u0161\u00ed ko\u010di\u010d\u00e1k. M\u00e1m pocit, \u017ee ko\u010dky jsou v nich klidn\u011bj\u0161\u00ed (\u010dern\u00e1 s\u00ed\u0165ovina ve dv\u00ed\u0159k\u00e1ch navozuje lep\u0161\u00ed pocit bezpe\u010d\u00ed ne\u017e m\u0159\u00ed\u017e) a sp\u00ed\u0161 mi do nich dobrovoln\u011b doma lezou. V aut\u011b jsou tak\u00e9 l\u00e1tkov\u00e9 p\u0159epravky bezpe\u010dn\u011bj\u0161\u00ed.<\/p>\n<p>P\u0159epravku pou\u017e\u00edv\u00e1m doma jako pel\u00ed\u0161ek \u2013 ko\u010dky si na ni l\u00e9pe zvyknou.<\/p>\n<p>Co m\u00e1me doma a jsme s t\u00edm spokojeni:<\/p>\n<p>Ta\u0161ka Sandy <a href=\"https:\/\/www.zoohit.cz\/shop\/kocky\/doplnky_na_cesty\/tasky\/157568\">https:\/\/www.zoohit.cz\/shop\/kocky\/doplnky_na_cesty\/tasky\/157568<\/a>\u00a0 Kulat\u00e1, tak\u017ee se h\u016f\u0159 nos\u00ed. Ale je prostorn\u00e1. Jde rozlo\u017eit na p\u011bkn\u00fd pel\u00ed\u0161ek. P\u0159i del\u0161\u00edm cestov\u00e1n\u00ed v l\u00e9t\u011b je h\u016f\u0159e prody\u0161n\u00e1 ne\u017e na\u0161e druh\u00e1 a t\u0159et\u00ed ta\u0161ka.<\/p>\n<p>Ta\u0161ka Onoen <a href=\"https:\/\/www.zoohit.cz\/shop\/kocky\/doplnky_na_cesty\/tasky\/752397\">https:\/\/www.zoohit.cz\/shop\/kocky\/doplnky_na_cesty\/tasky\/752397<\/a>\u00a0 Velice dob\u0159e skladn\u00e1, pohodln\u011b se nese. Extra prostor p\u0159i pln\u00e9m rozlo\u017een\u00ed. Slab\u0161\u00ed s\u00ed\u0165ovina, ale zat\u00edm zvl\u00e1dla i okusov\u00e1n\u00ed ko\u0165\u00e1tky.<\/p>\n<p>Ta\u0161ka TRIXIE Maxima <a href=\"https:\/\/www.happyzoo.cz\/taska-trixie-maximas-extra-luzkovym-prostorem-33x32x54cm\/d-11256\/\">https:\/\/www.happyzoo.cz\/taska-trixie-maximas-extra-luzkovym-prostorem-33x32x54cm\/d-11256\/<\/a> Tak\u00e9 rozkl\u00e1dac\u00ed ta\u0161ka s extra prostorem, kvalitn\u011bj\u0161\u00e1 pevn\u00e1 s\u00ed\u0165ovina, popruhy pro uchycen\u00ed do p\u00e1su, dobr\u00e9 v\u011btr\u00e1n\u00ed, uzavirateln\u00e1 kapsi\u010dka nap\u0159\u00edklad na doklady nebo pamlsky.<\/p>\n<p>P\u0159epravka s podvozkem <a href=\"https:\/\/www.amazon.de\/-\/cs\/dp\/B09CL2THWL\/ref=sr_1_82?crid=5G0PLLXBAZ95&amp;keywords=hunde+kinderwagen+beige&amp;qid=1661298416&amp;sprefix=ps%C3%AD+ko%C4%8D%C3%A1rek+b%C3%A9%C5%BEov%C3%BD%2Caps%2C70&amp;sr=8-82\">https:\/\/www.amazon.de\/-\/cs\/dp\/B09CL2THWL\/ref=sr_1_82?crid=5G0PLLXBAZ95&amp;keywords=hunde+kinderwagen+beige&amp;qid=1661298416&amp;sprefix=ps%C3%AD+ko%C4%8D%C3%A1rek+b%C3%A9%C5%BEov%C3%BD%2Caps%2C70&amp;sr=8-82<\/a> Prostorn\u00fd p\u0159epravn\u00ed box\/ko\u010d\u00e1rek 2v1. Box lze postavit na skl\u00e1dac\u00ed podvozek a p\u0159em\u011bnit na ko\u010d\u00e1rek. Box m\u00e1 z\u00e1clonky, aby ko\u010di\u010d\u00e1k m\u011bl soukrom\u00ed, p\u0159\u00edpadn\u011b na n\u011bj nepr\u0161elo. V\u0161echny zipy maj\u00ed bezpe\u010dnostn\u00ed karabinky, kter\u00e9 br\u00e1n\u00ed n\u00e1hodn\u00e9mu otev\u0159en\u00ed zipu. P\u0159epravn\u00ed box lze tak\u00e9 p\u0159en\u00e1\u0161et v ruce nebo na rameni.<\/p>\n<ul>\n<li>\n<h5>Misky na j\u00eddlo<\/h5>\n<\/li>\n<\/ul>\n<p>Up\u0159ednost\u0148uji keramick\u00e9 misky a tal\u00ed\u0159ky, l\u00e9pe se myj\u00ed. V plastov\u00fdch misk\u00e1ch \u010dasem vznikaj\u00ed \u0161kr\u00e1bance, ve kter\u00fdch se mohou usazovat bakterie a ko\u010dka m\u016f\u017ee dostat ko\u010di\u010d\u00ed akn\u00e9 (vyr\u00e1\u017eka na brad\u011b a okolo pusy). Plastov\u00e9 misky tak\u00e9 mohou m\u011bnit chu\u0165 j\u00eddla. Nev\u00fdhodu mohou m\u00edt i kovov\u00e9 misky \u2013 op\u011bt mohou m\u011bnit chu\u0165 j\u00eddla a kontakt s kovem m\u016f\u017ee rozkl\u00e1dat taurin, kter\u00fd je v ko\u010di\u010d\u00ed strav\u011b zdravotn\u011b a \u017eivotn\u011b d\u016fle\u017eit\u00fd. Spr\u00e1vn\u00e1 miska na ko\u010di\u010d\u00ed j\u00eddlo m\u00e1 b\u00fdt pom\u011brn\u011b \u0161irok\u00e1 (cca 13 cm) a m\u011blk\u00e1 (max 2 cm, na granule max 3 cm), ko\u010dka se nesm\u00ed okraj\u016f misky dot\u00fdkat fousky, m\u016f\u017ee j\u00ed to dr\u00e1\u017edit, v\u00e9zt k rozmrzelosti a nechutenstv\u00ed.<\/p>\n<p>Kovov\u00e9 a plastov\u00e9 misky pou\u017e\u00edv\u00e1m pouze kr\u00e1tkodob\u011b, nap\u0159\u00edklad p\u0159i cestov\u00e1n\u00ed.<\/p>\n<p>Pod misku je vhodn\u00e9 po\u0159\u00eddit podlo\u017eku (proti oslintan\u00e9 podlaze a granul\u00edm zakut\u00e1len\u00fdm pod sk\u0159\u00edn\u00ed), nap\u0159\u00edklad tato je praktick\u00e1 se zvednut\u00fdm okrajem, omyvateln\u00e1 <a href=\"https:\/\/www.zoohit.cz\/shop\/kocky\/misky_krmivo_voda\/podlozky_pod_misky\/515466\">https:\/\/www.zoohit.cz\/shop\/kocky\/misky_krmivo_voda\/podlozky_pod_misky\/515466<\/a><\/p>\n<p>J\u00eddlo nem\u00e1 byt t\u011bsn\u011b vedle vody a rozhodn\u011b nesm\u00ed b\u00fdt t\u011bsn\u011b vedle z\u00e1choda!<\/p>\n<p>Misky s j\u00eddlem by m\u011bly b\u00fdt na\u00a0 klidn\u00e9m, bezpe\u010dn\u00e9m m\u00edst\u011b, kde se ko\u010dka m\u016f\u017ee neru\u0161en\u011b naj\u00edst.<\/p>\n<ul>\n<li>\n<h5>Miska(y) na vodu<\/h5>\n<\/li>\n<\/ul>\n<p>Spr\u00e1vn\u00e1 miska na vodu by m\u011bla b\u00fdt docela velk\u00e1 a hlubok\u00e1, lep\u0161\u00ed je keramick\u00e1. Ko\u010dky nerady pij\u00ed tam, kde z\u00e1rove\u0148 j\u00ed (tomu se \u0159\u00edk\u00e1 ko\u010di\u010d\u00ed hygiena), proto nem\u00e1 b\u00fdt miska s vodou t\u011bsn\u011b vedle misky s j\u00eddlem, ide\u00e1ln\u011b by od sebe m\u011bly b\u00fdt min 1 m (obzvl\u00e1\u0161t\u011b pokud je to jedin\u00fd zdroj vody pro va\u0161i ko\u010dku). Miska s vodou pochopiteln\u011b nesm\u00ed b\u00fdt vedle z\u00e1choda. Ko\u010dka si v p\u0159\u00edrod\u011b vyb\u00edr\u00e1 k pit\u00ed sp\u00ed\u0161 \u010dist\u00e9 a v\u011bt\u0161\u00ed zdroje vody (lou\u017ee moc ne).<\/p>\n<p>Je d\u016fle\u017eit\u00e9 u ko\u010dek podporovat pit\u00ed. Ko\u010dka je p\u016fvodn\u011b pou\u0161tn\u00ed a v\u011bt\u0161inu vody z\u00edsk\u00e1vala z ko\u0159isti (maso obsahuje p\u0159irozen\u011b asi 70% vody). Pokud ale ko\u010dku krm\u00edte granulemi, ty obsahuj\u00ed pouze cca 10% vlhkosti, tak\u017ee ko\u010dka mus\u00ed hodn\u011b p\u00edt. Rostlinn\u00e9 slo\u017eky v granul\u00edch\/krmivu nav\u00edc v\u00e1\u017eou vodu do stolice, obzvl\u00e1\u0161t\u011b patrn\u00e9 je to u m\u00e9n\u011b kvalitn\u00ed stravy (bobky jsou sv\u011btlej\u0161\u00ed, m\u00e9n\u011b kompaktn\u00ed a v\u011bt\u0161\u00ed \u2013 spr\u00e1vn\u00fd ko\u010di\u010d\u00ed bobek m\u00e1 b\u00fdt pom\u011brn\u011b kompaktn\u00ed, tmav\u00fd a men\u0161\u00ed). Pokud ko\u010dka chod\u00ed m\u00e1lo na z\u00e1chod a produkuje hustou mo\u010d, m\u016f\u017ee to zvy\u0161ovat riziko vzniku mo\u010dov\u00fdch kamen\u016f \u2013 u kocour\u016f je to obzvl\u00e1\u0161t\u011b nebezpe\u010dn\u00e9, mohou se a\u017e ucpat.<\/p>\n<p>Proto je lep\u0161\u00ed d\u00e1t misku s vodou do ka\u017ed\u00e9 m\u00edstnosti. Dobr\u00e1 je tak\u00e9 ko\u010di\u010d\u00ed font\u00e1nka (alespo\u0148 v\u00e1m v zimn\u011b osv\u011b\u017e\u00ed vzduch v byt\u011b).<\/p>\n<p>Misku s vodou m\u011bn\u00edm a vym\u00fdv\u00e1m minim\u00e1ln\u011b 1x denn\u011b, font\u00e1nku 1x t\u00fddn\u011b.<\/p>\n<p>P\u0159\u00edklad vhodn\u00e9 misky \u2013 alespo\u0148 tu 16 cm \u0161irokou <a href=\"https:\/\/www.zoohit.cz\/shop\/kocky\/misky_krmivo_voda\/misky_keramika\/155999\">https:\/\/www.zoohit.cz\/shop\/kocky\/misky_krmivo_voda\/misky_keramika\/155999<\/a><\/p>\n<p>Font\u00e1nka Trixie Vital Flow keramick\u00e1 <a href=\"https:\/\/www.zoohit.cz\/shop\/kocky\/misky_krmivo_voda\/pitka_fontany\/741986\">https:\/\/www.zoohit.cz\/shop\/kocky\/misky_krmivo_voda\/pitka_fontany\/741986<\/a><\/p>\n<p>D\u0159\u00edve jsme tak\u00e9 pou\u017e\u00edvali tuto plastovou font\u00e1nu Cat Mate <a href=\"https:\/\/www.zoohit.cz\/shop\/kocky\/misky_krmivo_voda\/pitka_fontany\/155983\">https:\/\/www.zoohit.cz\/shop\/kocky\/misky_krmivo_voda\/pitka_fontany\/155983<\/a><\/p>\n<ul>\n<li>\n<h5>Ko\u010di\u010d\u00ed z\u00e1chod<\/h5>\n<\/li>\n<\/ul>\n<p>Rovnou po\u0159i\u010fte n\u011bjak\u00fd prostorn\u00fd, aby se tam ko\u010di\u010d\u00e1k ve\u0161el i v dosp\u011blosti. Pou\u017e\u00edv\u00e1me z\u00e1chody s boudi\u010dkou, ale ned\u00e1v\u00e1m dv\u00ed\u0159ka (hlavn\u011b ve v\u011bt\u0161\u00ed skupin\u011b by se mohly ko\u010dky v uzav\u0159en\u00e9m z\u00e1chod\u011b \u0161ikanovat, co\u017e m\u016f\u017ee v\u00e9st ke stresu a ne\u010distotnosti). Pokud budete cht\u00edt pou\u017e\u00edvat kryt\u00fd z\u00e1chod s dv\u00ed\u0159ky ko\u010di\u010d\u00e1ka na zm\u011bnu nau\u010dte, tedy prvn\u00edch p\u00e1r dn\u00ed u v\u00e1s doma pou\u017e\u00edvejte podobn\u00fd syst\u00e9m jako m\u00e1me my, a\u017e po t\u00fddnu a kdy\u017e si u v\u00e1s ko\u010di\u010d\u00e1k zvykne, zkuste aplikovat zm\u011bny. V\u00edce ko\u010dek se o z\u00e1chody m\u016f\u017ee ha\u0161te\u0159it, tak\u017ee zlat\u00e9 pravidlo je, \u017ee m\u00e1te m\u00edt tolik z\u00e1chod\u016f jako ko\u010dek plus 1. Ale pozor, dva z\u00e1chody postaven\u00e9 t\u011bsn\u011b vedle sebe nebo ze kter\u00fdch je na sebe vid\u011bt, po\u010d\u00edtaj\u00ed ko\u010di\u010d\u00e1ci jako jeden z\u00e1chod! Ve velk\u00e9m patrov\u00e9m dom\u011b je lep\u0161\u00ed m\u00edt i pro jednu ko\u010dku minim\u00e1ln\u011b dva z\u00e1chody, v ka\u017ed\u00e9m pat\u0159e jeden.<\/p>\n<p>Pokud nem\u00e1te na z\u00e1chod speci\u00e1ln\u00ed sk\u0159\u00ed\u0148ku (nap\u0159\u00edklad <a href=\"http:\/\/www.protivnablondyna.cz\/2012\/05\/strcte-ho-do-skrine-i-s-kockou.html\">http:\/\/www.protivnablondyna.cz\/2012\/05\/strcte-ho-do-skrine-i-s-kockou.html<\/a>\u00a0 ), nedoporu\u010duji pln\u011b otev\u0159en\u00fd z\u00e1chod (neboli pek\u00e1\u010d), ko\u010dkolit je pak v\u0161ude.<\/p>\n<p>D\u00e1m v\u00e1m s sebou mal\u00fd pytl\u00edk s trochou ko\u010dkolitu od n\u00e1s, p\u0159im\u00edchejte ho do va\u0161eho \u010dist\u00e9ho ko\u010dkolitu \u2013 to by m\u011blo ko\u0165\u00e1tku pomoci naj\u00edt sv\u016fj z\u00e1chod.<\/p>\n<p>Dostate\u010dn\u011b prostorn\u00e9 a byteln\u00e9 z\u00e1chody i na v\u011bt\u0161\u00ed ko\u010dky:<\/p>\n<p>Hagen Catit <a href=\"https:\/\/www.zoohit.cz\/shop\/kocky\/toalety_pece\/toalety_kryt\/klasicke_krytem\/174793\">https:\/\/www.zoohit.cz\/shop\/kocky\/toalety_pece\/toalety_kryt\/klasicke_krytem\/174793<\/a><\/p>\n<p>ale s dv\u00ed\u0159ky by na 7 kg kocoura byl m\u00e1lo \u0161irok\u00fd.<\/p>\n<p>Hagen Catit Jumbo <a href=\"https:\/\/www.zoohit.cz\/shop\/kocky\/toalety_pece\/toalety_kryt\/klasicke_krytem\/278426\">https:\/\/www.zoohit.cz\/shop\/kocky\/toalety_pece\/toalety_kryt\/klasicke_krytem\/278426<\/a>\u00a0 &#8211; \u0161ir\u0161\u00ed varianta p\u0159edchoz\u00edho \u2013 m\u00e1me doma n\u011bkolik t\u011bchto z\u00e1chod\u016f.<\/p>\n<p>Toalety Hagen Catit maj\u00ed nev\u00fdhodu, \u017ee pokud pou\u017e\u00edv\u00e1te dv\u00ed\u0159ka a uhl\u00edkov\u00fd filtr, tak ten je um\u00edst\u011bn\u00fd naho\u0159e a je voln\u011b p\u0159\u00edstupn\u00fd, tak\u017ee ho ko\u010di\u010d\u00e1k m\u016f\u017ee roz\u0161kubat.<\/p>\n<p>Savic Nestor XXL <a href=\"https:\/\/www.zoohit.cz\/shop\/kocky\/toalety_pece\/toalety_kryt\/klasicke_krytem\/391736\">https:\/\/www.zoohit.cz\/shop\/kocky\/toalety_pece\/toalety_kryt\/klasicke_krytem\/391736<\/a>\u00a0 &#8211; asi nejv\u011bt\u0161\u00ed toaleta na trhu,uhl\u00edkov\u00fd filtr je vhodn\u011b p\u0159ikryt\u00fd.<\/p>\n<p>P\u0159ed toaletu je vhodn\u00e9 um\u00edstit p\u0159edlo\u017eku, kter\u00e1 zachyt\u00e1v\u00e1 stelivo z chlupat\u00fdch tlapek , na\u0161e nejobl\u00edben\u011bj\u0161\u00ed je tato Soft Touch Track Mat\u00a0 <a href=\"https:\/\/www.zoohit.cz\/shop\/kocky\/toalety_pece\/lopatky_predlozky\/predlozky\/122081\">https:\/\/www.zoohit.cz\/shop\/kocky\/toalety_pece\/lopatky_predlozky\/predlozky\/122081<\/a>\u00a0 Pro ko\u010di\u010d\u00e1ky je p\u0159\u00edjemn\u00e1 a skv\u011ble se \u010dist\u00ed.<\/p>\n<p>Na \u010di\u0161t\u011bn\u00ed z\u00e1choda pou\u017e\u00edv\u00e1m \u010disti\u010d Sanytol nebo Dettol, v\u00fdrobci slibuj\u00ed, \u017ee krom\u011b amikrob\u016f nav\u00edc likviduj\u00ed i alergeny. Nen\u00ed dobr\u00e9 pou\u017e\u00edvat p\u0159\u00edpravky s chl\u00f3rem (Savo, klasick\u00e9 WC \u010disti\u010de), jeho v\u016fn\u011b m\u016f\u017ee ko\u010dky odpuzovat.<\/p>\n<ul>\n<li>\n<h5>\u0160krabadlo(a)<\/h5>\n<\/li>\n<\/ul>\n<p>Ko\u010dka pot\u0159ebuje m\u00edsto, kde m\u016f\u017ee \u0161krabat. Zna\u010d\u00ed si tak teritorium a m\u016f\u017ee se tak uklid\u0148ovat, tak\u00e9 si tak obru\u0161uje dr\u00e1pky \u2013 \u201eko\u010di\u010d\u00ed manik\u00fara\u201c (svl\u00e9k\u00e1 si starou vrstvu na dr\u00e1pk\u00e1ch, \u201esvle\u010den\u00e9\u201c dr\u00e1pky je mo\u017en\u00e9 \u010dasto naj\u00edt v okol\u00ed \u0161krabadla nebo v n\u011bm). Pokud si ko\u010dka nedostate\u010dn\u011b obru\u0161uje dr\u00e1pky, je nutn\u00e9 zast\u0159ihovat kone\u010dky (st\u00e1v\u00e1 se u star\u0161\u00edch ko\u010dek).<\/p>\n<p>Doporu\u010duji alespo\u0148 jedno \u0161krabadlo horizont\u00e1ln\u00ed (\u0161krabac\u00ed podlo\u017eka nebo police pota\u017een\u00e1 kobercem) a jedno vertik\u00e1ln\u00ed (nap\u0159. klasick\u00e1 \u0161krabadla, \u0161krabac\u00ed v\u00e1lce). Je dobr\u00e9 m\u00edt alespo\u0148 jedno \u0161krabadlo v ka\u017ed\u00e9 m\u00edstnosti, zamez\u00edte tak \u0161krab\u00e1n\u00ed n\u00e1bytku.<\/p>\n<p>Na\u0161e ko\u0165\u00e1tka jsou zvykl\u00e1 \u0161krabat na \u0161krabadle.<\/p>\n<p>Um\u00edst\u011bn\u00ed \u0161krabadla (pozorovatelen) \u2013 um\u00edst\u011bn\u00ed by m\u011blo b\u00fdt strategick\u00e9, aby ko\u010dka pou\u017e\u00edvala \u0161krabadlo jako pozorovatelnu, ze kter\u00e9 m\u00e1 v\u00fdhled po sv\u00e9m \u201eteritoriu\u201c \u2013 tedy pobl\u00ed\u017e okna nebo pobl\u00ed\u017e dve\u0159\u00ed.<\/p>\n<p>Pro Sibi\u0159sk\u00e9 ko\u010dky doporu\u010duji n\u011bco byteln\u011bj\u0161\u00edho s\u00a0tlust\u0161\u00edmi sloupky a siln\u011bj\u0161\u00edmi provazy (tenk\u00e9 provazy na \u0161krabadle se rychleji opot\u0159ebuj\u00ed a brzy prasknou). V\u00fdhodou p\u0159i \u010di\u0161t\u011bn\u00ed tak\u00e9 je, pokud se daj\u00ed ze \u0161krabadla sejmout pel\u00ed\u0161ky a deky, aby se mohly vyprat. Jinak \u010dist\u00edm \u0161krabadla kombinaci vysava\u010d plus parn\u00ed \u010disti\u010d.<\/p>\n<p>Cenov\u011b p\u0159ijateln\u00e1 a p\u0159itom byteln\u00e1 jsou t\u0159eba \u0161krabadla ze zoohitu \u0159ada Natural Paradise <a href=\"https:\/\/www.zoohit.cz\/shop\/kocky\/skrabadla_odpocivadla\/natural_paradise\">https:\/\/www.zoohit.cz\/shop\/kocky\/skrabadla_odpocivadla\/natural_paradise<\/a><\/p>\n<p>Na n\u011bmeck\u00e9m zooplus maj\u00ed trochu \u0161ir\u0161\u00ed nab\u00eddku<\/p>\n<p><a href=\"https:\/\/www.zooplus.de\/shop\/katzen\/kratzbaum_katzenbaum\/natural_paradise\">https:\/\/www.zooplus.de\/shop\/katzen\/kratzbaum_katzenbaum\/natural_paradise<\/a><\/p>\n<p>Kr\u00e1sn\u00fd pel\u00ed\u0161ek, kter\u00fd slou\u017e\u00ed z\u00e1rove\u0148 jako hra\u010dka i horizont\u00e1ln\u00ed \u0161krabac\u00ed plocha a hezky vypad\u00e1.<\/p>\n<p><a href=\"https:\/\/www.mall.cz\/skrabadla\/karlie-simons-cat-skrabaci-odpocivadlo-60x40x30-cm\">https:\/\/www.mall.cz\/skrabadla\/karlie-simons-cat-skrabaci-odpocivadlo-60x40x30-cm<\/a><\/p>\n<p>Byteln\u00e1 \u0161krabadla od \u010desk\u00e9ho v\u00fdrobce, trochu del\u0161\u00ed doba v\u00fdroby. Krom\u011b \u0161krabadel lze objednat sestavy na ze\u010f.<\/p>\n<p><a href=\"https:\/\/www.rajenpets.cz\/cz\/\">https:\/\/www.rajenpets.cz\/cz\/<\/a><\/p>\n<p>Byteln\u00e1 \u0161krabadla a syst\u00e9my polic od Polsk\u00e9ho v\u00fdrobce.<\/p>\n<p><a href=\"https:\/\/skrabadla-rufi.cz\/\">https:\/\/skrabadla-rufi.cz\/<\/a><\/p>\n<p><a href=\"https:\/\/skrabadla-rufi.cz\/\"><img loading=\"lazy\" class=\"size-full wp-image-1336 alignnone\" src=\"http:\/\/odkosticky.cz\/wp-content\/uploads\/2022\/08\/banner_800x120_cz.png\" alt=\"\" width=\"800\" height=\"120\" srcset=\"http:\/\/odkosticky.cz\/wp-content\/uploads\/2022\/08\/banner_800x120_cz.png 800w, http:\/\/odkosticky.cz\/wp-content\/uploads\/2022\/08\/banner_800x120_cz-300x45.png 300w, http:\/\/odkosticky.cz\/wp-content\/uploads\/2022\/08\/banner_800x120_cz-768x115.png 768w\" sizes=\"(max-width: 767px) 89vw, (max-width: 1000px) 54vw, (max-width: 1071px) 543px, 580px\" \/><\/a><\/p>\n<h2>2) Bezpe\u010dn\u00e1 \u00faprava bytu pro ko\u010dky<\/h2>\n<p>Va\u0161e bydlen\u00ed se te\u010f stane ko\u010di\u010d\u00e1kov\u00fdm bydlen\u00edm. \u0158\u00edk\u00e1 se, \u017ee inteligence ko\u010dek je p\u0159ibli\u017en\u011b srovnateln\u00e1 s\u00a0inteligenc\u00ed t\u0159\u00edlet\u00e9ho d\u00edt\u011bte. Ale jak \u0159\u00edk\u00e1 moje maminka: \u201eTy tvoje chlupat\u00fd d\u011bti z\u00a0toho nikdy nevyrostou.\u201c Ko\u010dky jsou zv\u00eddav\u00e9, \u010dasto pokou\u0161ej\u00ed, co nemaj\u00ed a n\u011bkter\u00e9 v\u011bci je pot\u0159eba p\u0159ed nimi preventivn\u011b zabezpe\u010dit.<\/p>\n<ul>\n<li>\n<h5>Zabezpe\u010den\u00ed proti \u00faniku a proti p\u00e1du<\/h5>\n<\/li>\n<\/ul>\n<p>Moje ko\u010dky nejsou zvykl\u00e9 chodit voln\u011b ven. R\u00e1dy posed\u00e1vaj\u00ed na okn\u011b nebo na zabezpe\u010den\u00e9m balk\u00f3n\u011b, n\u011bkter\u00e9 se nau\u010dily chodit venku v\u00a0k\u0161\u00edrk\u00e1ch na vod\u00edtku. Voln\u00fd pohyb venku nedoporu\u010duji, riziko ztr\u00e1ty, kr\u00e1de\u017ee, \u00farazu nebo nemoc\u00ed je p\u0159\u00edli\u0161 vysok\u00e9.<\/p>\n<p>Pros\u00edm zabezpe\u010dte sv\u016fj domov proti n\u00e1hodn\u00e9mu \u00faniku ko\u010dky. Je to obzvl\u00e1\u0161t\u011b d\u016fle\u017eit\u00e9, pokud bydl\u00edte ve m\u011bst\u011b a je\u0161t\u011b v\u00a0byt\u011b ve vy\u0161\u0161\u00edch patrech. My m\u00e1me ve v\u0161ech oknech nainstalovan\u00e9 s\u00edt\u011b \u2013 sta\u010d\u00ed hmyz\u00ed s\u00edt\u011b v\u00a0r\u00e1mu, u kter\u00fdch ani nen\u00ed pot\u0159eba zasahovat do oken a jsou pom\u011brn\u011b levn\u00e9. S\u00edt\u011b v\u00e1s nav\u00edc ochr\u00e1n\u00ed p\u0159ed kom\u00e1ry a vosami. Kdy\u017e jsou ko\u010dky bez dozoru samy, pokud nech\u00e1v\u00e1m pootev\u0159en\u00e1 okna, tak pouze s\u00a0d\u011btskou pojistkou.<\/p>\n<p>Pozor na v\u00fdklopn\u00e9 v\u011btra\u010dky, kter\u00e9 se b\u011b\u017en\u011b pou\u017e\u00edvaj\u00ed u plastov\u00fdch oken. Na toto myslete i kdy\u017e bydl\u00edte v\u00a0p\u0159\u00edzem\u00ed t\u0159eba jen v\u00a0rodinn\u00e9m dom\u011b. Ko\u010dka se m\u016f\u017ee ve v\u00fdklopn\u00e9 v\u011btra\u010dce zaseknout a o\u0161kliv\u011b (\u010dasto i smrteln\u011b) se zranit nebo u\u0161krtit. Na v\u011btr\u00e1n\u00ed doporu\u010duji v\u011btrat klasicky pootev\u0159en\u00edm okna a zajistit ho d\u011btskou pojistkou \u2013 ta se d\u00e1 k\u00a0r\u00e1mu bu\u010f nalepit nebo na\u0161roubovat. <a href=\"https:\/\/www.kutil.cz\/zelezarstvi\/bytove-doplnky\/bezpecnost-v-domacnosti\/pojistka-vetraci-kub-14\/\">https:\/\/www.kutil.cz\/zelezarstvi\/bytove-doplnky\/bezpecnost-v-domacnosti\/pojistka-vetraci-kub-14\/<\/a><\/p>\n<p>V\u00edce informac\u00ed k\u00a0tomuto t\u00e9matu najdete na m\u00fdch str\u00e1nk\u00e1ch <a href=\"http:\/\/odkosticky.cz\/?page_id=343&amp;lang=cs\">http:\/\/odkosticky.cz\/?page_id=343&amp;lang=cs<\/a><\/p>\n<ul>\n<li>\n<h5>Jedovat\u00e9 rostliny<\/h5>\n<\/li>\n<\/ul>\n<p>Ko\u010dky se o pokojov\u00e9 nebo \u010derstv\u011b \u0159ezan\u00e9 rostliny ob\u010das velice zaj\u00edmaj\u00ed. Je dobr\u00e9 si zjistit, jak\u00e9 kv\u011btiny m\u00e1te doma a ty jedovat\u00e9 pro jistotu z\u00a0dosahu ko\u010dek uklidit \u2013 t\u0159eba na vysok\u00e9 police, kde ko\u010dka nem\u00e1 p\u0159\u00edstup nebo je zav\u011bsit pod strop. Moje ko\u010dky jsou zvykl\u00e9, \u017ee pro n\u011b doma p\u011bstuji ko\u010di\u010d\u00ed tr\u00e1vu v\u00a0kv\u011btin\u00e1\u010di. Leto\u0161n\u00ed ko\u0165\u00e1tka jsou pon\u011bkud hodn\u011bj\u0161\u00ed zahradn\u00ed\u010dci ne\u017e lo\u0148\u0161t\u00ed \u010derti. Tak\u017ee v\u011b\u0159\u00edm, \u017ee n\u011bjak\u00e9 sou\u017eit\u00ed s\u00a0kyti\u010dkami bude pro n\u011b i \u010dasem mo\u017en\u00e9. T\u0159eba ban\u00e1novn\u00edk n\u00e1m letos zat\u00edm st\u00e1le dob\u0159e prosperuje. Jedovatost kv\u011btin zji\u0161\u0165uji na str\u00e1nk\u00e1ch <a href=\"https:\/\/www.aspca.org\/pet-care\/animal-poison-control\/toxic-and-non-toxic-plants\">https:\/\/www.aspca.org\/pet-care\/animal-poison-control\/toxic-and-non-toxic-plants<\/a> (v angli\u010dtin\u011b).<\/p>\n<p>Mezi \u010dasto p\u011bstovan\u00e9 jedovat\u00e9 pokojovky nap\u0159\u00edklad pat\u0159\u00ed: diefenbachie, monstera, tch\u00fdnin jazyk, cykas \u2013 tyhle 4 jsou opravdu prudce jedovat\u00e9!, v\u00e1no\u010dn\u00ed hv\u011bzda, potos, f\u00edkus benjamina, n\u011bkter\u00e9 drac\u00e9ny, toulcovka,\u2026<\/p>\n<p>Velmi jedovat\u00e9 jsou lilie (jedovat\u00fd je dokonce i jen pyl!) a konvalinky a jedovat\u00e1 je i voda ve v\u00e1ze po t\u011bchto \u0159ezan\u00fdch kv\u011btin\u00e1ch. Otrava se projevuje jako t\u011b\u017ek\u00e9 po\u0161kozen\u00ed ledvin, kter\u00e9 \u010dasto nen\u00ed l\u00e9\u010diteln\u00e9 a kon\u010d\u00ed smrt\u00ed. Z tohoto d\u016fvodu lilie v dom\u011b s ko\u010dkami nem\u00e1me a komukoliv, kdo m\u011b chce obdarovat kv\u011btinou, lilie zakazuji. By\u0165 je m\u00e1m velice r\u00e1da.<\/p>\n<ul>\n<li>\n<h5>Elekt\u0159ina<\/h5>\n<\/li>\n<\/ul>\n<p>Kko\u0165\u00e1tka a mlad\u00e9 ko\u010dky maj\u00ed ob\u010das tendenci okusovat kabely. Tak\u017ee ty, kter\u00e9 byly na r\u00e1n\u011b, jsem schovala do pap\u00edrov\u00fdch ruli\u010dek. P\u0159\u00edpadn\u011b se daj\u00ed koupit plastov\u00e9 chr\u00e1ni\u010de kabel\u016f. <a href=\"https:\/\/www.alza.cz\/alzapower-cable-tube-5m-bila-d6808952.htm\">https:\/\/www.alza.cz\/alzapower-cable-tube-5m-bila-d6808952.htm<\/a> Myslete na to pros\u00edm b\u011bhem prvn\u00edch dn\u00ed sou\u017eit\u00ed a hlavn\u011b m\u011bjte na pam\u011bti, \u017ee ko\u010dka, kter\u00e1 se za\u010dne nudit, dok\u00e1\u017ee vymyslet kdejakou lump\u00e1rnu.<\/p>\n","protected":false},"excerpt":{"rendered":"<p>N\u00e1sleduj\u00edc\u00ed \u0159\u00e1dky jsou sou\u010d\u00e1st\u00ed m\u00e9ho &#8222;n\u00e1vodu na ko\u010dku&#8220; pro budouc\u00ed majitele na\u0161ich ko\u0165\u00e1tek. V\u011b\u0159\u00edm, \u017ee mohou b\u00fdt u\u017eite\u010dn\u00e9 i pro kohokoliv dal\u0161\u00edho, kdo pl\u00e1nuje si ko\u0165\u00e1tko po\u0159\u00eddit. Doporu\u010duji ho p\u0159e\u010d\u00edst i lidem, kte\u0159\u00ed u\u017e maj\u00ed ko\u010di\u010d\u00e1ka doma, t\u0159eba se v\u00e1m n\u011bkter\u00e9 tipy budou hodit. 1) Co po\u0159\u00eddit a jak to rozm\u00edstit P\u0159epravka P\u0159epravku nutn\u011b pot\u0159ebujete &hellip; <\/p>\n<p class=\"link-more\"><a href=\"http:\/\/odkosticky.cz\/?page_id=998&#038;lang=cs\" class=\"more-link\">Pokra\u010dovat ve \u010dten\u00ed<span class=\"screen-reader-text\"> &#8222;Z\u00e1kladn\u00ed v\u00fdbava&#8220;<\/span><\/a><\/p>\n","protected":false},"author":1,"featured_media":0,"parent":0,"menu_order":0,"comment_status":"closed","ping_status":"closed","template":"","meta":{"_mi_skip_tracking":false},"_links":{"self":[{"href":"http:\/\/odkosticky.cz\/index.php?rest_route=\/wp\/v2\/pages\/998"}],"collection":[{"href":"http:\/\/odkosticky.cz\/index.php?rest_route=\/wp\/v2\/pages"}],"about":[{"href":"http:\/\/odkosticky.cz\/index.php?rest_route=\/wp\/v2\/types\/page"}],"author":[{"embeddable":true,"href":"http:\/\/odkosticky.cz\/index.php?rest_route=\/wp\/v2\/users\/1"}],"replies":[{"embeddable":true,"href":"http:\/\/odkosticky.cz\/index.php?rest_route=%2Fwp%2Fv2%2Fcomments&post=998"}],"version-history":[{"count":5,"href":"http:\/\/odkosticky.cz\/index.php?rest_route=\/wp\/v2\/pages\/998\/revisions"}],"predecessor-version":[{"id":1337,"href":"http:\/\/odkosticky.cz\/index.php?rest_route=\/wp\/v2\/pages\/998\/revisions\/1337"}],"wp:attachment":[{"href":"http:\/\/odkosticky.cz\/index.php?rest_route=%2Fwp%2Fv2%2Fmedia&parent=998"}],"curies":[{"name":"wp","href":"https:\/\/api.w.org\/{rel}","templated":true}]}}