{"id":593,"date":"2018-12-27T00:08:50","date_gmt":"2018-12-27T00:08:50","guid":{"rendered":"http:\/\/odkosticky.cz\/?page_id=593"},"modified":"2018-12-27T00:08:50","modified_gmt":"2018-12-27T00:08:50","slug":"volny-pohyb-kocek","status":"publish","type":"page","link":"http:\/\/odkosticky.cz\/?page_id=593&lang=cs","title":{"rendered":"Voln\u00fd pohyb ko\u010dek"},"content":{"rendered":"<p>Ko\u010dka je tvor svobodomysln\u00fd a v\u011bt\u0161ina lid\u00ed m\u00e1 za\u017eito, \u017ee typick\u00e9 bydlen\u00ed ko\u010dky je u bar\u00e1\u010dku se zahradou, kde si ko\u010dka zab\u011bhne na p\u016fdu, do sklepa a tu a t\u00e1mhle si ulov\u00ed my\u0161ku. V\u017edycky to tak na vesnic\u00edch b\u00fdv\u00e1valo a pro\u010d by se to m\u011blo m\u011bnit?<\/p>\n<p>Spousta lid\u00ed si ale neuv\u011bdomuje, \u017ee za ta l\u00e9ta se podoba v\u011bt\u0161iny \u010desk\u00fdch vesnic drasticky zm\u011bnila a s t\u00edm \u017eivotn\u00edm prostorem pro ko\u010dky venku u\u017e to nen\u00ed tak r\u016f\u017eov\u00e9 jako to t\u0159eba b\u00fdv\u00e1valo je\u0161t\u011b v osmdes\u00e1tych letech. \u00damrtnost ko\u010dek \u017eij\u00edch voln\u011b venku je vysok\u00e1 a pr\u016fm\u011brn\u00fd v\u011bk ko\u010dek s voln\u00fdm p\u0159\u00edstupem ven je p\u0159ibli\u017en\u011b 2,5 roku (tohle \u010d\u00edslo jsem si sama vypo\u010d\u00edtala na z\u00e1klad\u011b v\u00edce ne\u017e 100 ko\u010dek, kter\u00e9 jsem kdy znala). Jasn\u011b, najdou se i venkovn\u00ed ko\u010dky, kter\u00fdm je t\u0159eba 15 let. Ale bohu\u017eel v\u011bt\u0161ina ko\u010dek s p\u0159\u00edstupem ven se nedo\u017eije ani dvou let. Pokud si chcete po\u0159\u00eddit ko\u010dku, zamyslete se nejprve jak\u00e9 pro ni chcete bydlen\u00ed a zva\u017ete v\u0161echny v\u00fdhody, nev\u00fdhody a va\u0161e podm\u00ednky.<\/p>\n<h4>Ko\u010di\u010d\u00ed raj\u00f3n<\/h4>\n<p>Pokud nem\u00e1te zahradu opravdu dob\u0159e zabezpe\u010denou (t\u0159eba vysok\u00fdm plotem na kter\u00fd se ned\u00e1 l\u00e9zt, <a href=\"https:\/\/kockysos.rajce.idnes.cz\/Zabezpeceni_plotu\/\">pod\u00edvejte se tady<\/a>), nespol\u00e9hejte se na to, \u017ee se va\u0161e ko\u010dka bude zdr\u017eovat pouze na va\u0161em pozemku. Pokud tedy nevlastn\u00edte opravdu rozs\u00e1hl\u00fd pozemek. Pr\u016fm\u011brn\u00fd ko\u010di\u010d\u00ed raj\u00f3n m\u00e1 asi 1-2 km<sup>2<\/sup>. U kocour\u016f m\u016f\u017ee b\u00fdt trochu v\u011bt\u0161\u00ed, u ko\u010dek men\u0161\u00ed (men\u0161\u00ed tak\u00e9 b\u00fdv\u00e1 u kastrovan\u00fdch zv\u00ed\u0159at). Pokud m\u00e1 va\u0161e ko\u010dka v\u011bt\u0161\u00ed t\u011blesn\u00fd r\u00e1mec (to maj\u00ed t\u0159eba Sibi\u0159ky, Mainy a jejich k\u0159\u00ed\u017eenci), m\u016f\u017ee se takov\u00fd raj\u00f3n bl\u00ed\u017eit a\u017e velikosti 5 km<sup>2<\/sup>. Tak\u017ee si te\u010f vezm\u011bte mapu, kru\u017e\u00edtko a namalujte si kolem va\u0161eho domu kruh s pr\u016fm\u011brem minim\u00e1ln\u011b 2 km nebo a\u017e t\u011bch 5, tam v\u0161ude m\u016f\u017ee va\u0161e ko\u010dka zaj\u00edt na proch\u00e1zku. Ale vr\u00e1t\u00ed se pak k v\u00e1m, co kdy\u017e se j\u00ed n\u011bco stane?<\/p>\n<h4>Nebezpe\u010d\u00ed \u010d\u00edslo 1: Silnice a auta<\/h4>\n<p>Silnic je dnes spousta a aut habad\u011bj. Pro zv\u00ed\u0159ata je auto, kter\u00e9 se pohybuje rychlost\u00ed 50 nebo dokonce 90 km\/h n\u011b\u010d\u00edm zcela nep\u0159irozen\u00fdm. A nutno \u0159\u00edct, \u017ee \u010de\u0161t\u00ed \u0159idi\u010di nepat\u0159\u00ed zrovna k t\u011bm ohledupln\u00fdm. Z pohledu \u010desk\u00fdch z\u00e1kon\u016f nem\u00e1 va\u0161e ko\u010dka na silnici, co d\u011blat. Ka\u017ed\u00e1 ko\u010dka, kter\u00e1 se voln\u011b pohybuje na ve\u0159ejn\u00e9 komunikaci, je pova\u017eovan\u00e1 za ko\u010dku toulavou. Pokud nav\u00edc zp\u016fsob\u00ed dopravn\u00ed nehodu, je to v\u017edy na zodpov\u011bdnost majitele.<\/p>\n<p>Bohu\u017eel je pot\u0159eba i zm\u00ednit, \u017ee spoustu \u00famrt\u00ed mlad\u00fdch ko\u010dek nebo ko\u0165at maj\u00ed na sv\u011bdom\u00ed jejich vlastn\u00ed majitel\u00e9, kdy\u017e se jim nezku\u0161en\u00e1 mlad\u00e1 ko\u010dka p\u0159iplete pod kola na v\u00fdjezdovce nebo v chladn\u00fdch m\u011bs\u00edc\u00edch zaleze do motoru.<\/p>\n<h4>Nebezpe\u010d\u00ed \u010d\u00edslo 2: Sousedsk\u00e9 vztahy<\/h4>\n<p>Ji\u017e jsem se zm\u00ednila, \u017ee ko\u010di\u010d\u00ed raj\u00f3n je vcelku \u0161irok\u00fd a nem\u016f\u017eete o\u010dek\u00e1vat, \u017ee v\u0161ichni lid\u00e9, kte\u0159\u00ed v tomto okruhu bydl\u00ed, jsou milovn\u00edci zv\u00ed\u0159at a va\u0161\u00ed ko\u010dky zvl\u00e1\u0161t\u011b. Docela \u010dast\u00e9 jsou st\u00ed\u017enosti lid\u00ed ohledn\u011b ob\u010d\u016fran\u00fdch roh\u016f od nekastrovan\u00fdch zv\u00ed\u0159at a z\u00e1honk\u016f\/p\u00edskovi\u0161\u0165 zne\u010di\u0161t\u011bn\u00fdch exkrementy. Neodvol\u00e1vejte se na zv\u00ed\u0159ec\u00ed p\u0159irozenost a v\u017edy st\u00ed\u017enosti soused\u016f \u0159e\u0161te. Vy jako majitel zv\u00ed\u0159ete byste m\u011bl sv\u00e9 zv\u00ed\u0159e zabezpe\u010dit na sv\u00e9m pozemku (co\u017e m\u016f\u017ee b\u00fdt extr\u00e9mn\u00ed v\u00fdsledek toho, pokud se se sousedem jinak nedohodnete a \u017eivot a zdrav\u00ed va\u0161ich zv\u00ed\u0159at je v\u00e1m mil\u00e9). M\u016f\u017eete zkusit ko\u010dku nal\u00e1kat, aby chodila vykon\u00e1vat pot\u0159ebu na jedno m\u00edsto na va\u0161em pozemku. Ko\u010dky nejrad\u011bji chod\u00ed na \u010dist\u00e9 nakyp\u0159en\u00e9 m\u00edsto. T\u0159eba v r\u00e1mci dobr\u00fdch sousedsk\u00fdch vztah\u016f budete muset d\u00e1t pod va\u0161i pergolu nebo alt\u00e1nek ko\u010di\u010d\u00ed kadibudku s p\u00edskem, i kdy\u017e jste si p\u016fvodn\u011b mysleli, \u017ee s venkovn\u00ed ko\u010dkou n\u011bco takov\u00e9ho pot\u0159ebovat nebudete.<\/p>\n<p>Zna\u010dkov\u00e1n\u00ed m\u016f\u017ee \u0159e\u0161it kastrace a to vcelku brzk\u00e1. T\u0159eba n\u00e1\u0161 prvn\u00ed kocour hodil na st\u011bnu prvn\u00ed zna\u010dku, kdy\u017e mu bylo teprve 5 m\u011bs\u00edc\u016f. Zna\u010dkov\u00e1n\u00ed je zejm\u00e9na dom\u00e9na kocour\u016f, ale zna\u010dkuj\u00ed i ko\u010dky, kdy\u017e jsou v \u0159\u00edji.<\/p>\n<p>Bohu\u017eel v posledn\u00ed dob\u011b jsem narazila na mnoho p\u0159\u00edpad\u016f, kdy n\u011bkdo po ko\u010dk\u00e1ch venku st\u0159\u00edlel z airsoftu nebo ze vzduchovky. U ko\u010dek m\u016f\u017ee takov\u00e1 st\u0159elba zp\u016fsobit v\u00e1\u017en\u00e9 zran\u011bn\u00ed nebo i smrt. Je nebezpe\u010dn\u00e9 a nez\u00e1konn\u00e9 st\u0159\u00edlet (a to i ze vzduchovky) v z\u00e1stavb\u011b. M\u016f\u017ee to b\u00fdt i klasifikov\u00e1no jako t\u00fdr\u00e1n\u00ed zv\u00ed\u0159at. Ale chyba je zde op\u011bt i na stran\u011b majitele, proto\u017ee va\u0161e ko\u010dka by se nem\u011bla toulat mimo v\u00e1\u0161 pozemek.<\/p>\n<h4>Nebezpe\u010d\u00ed \u010d\u00edslo 3: Ko\u010dka v lese a na poli<\/h4>\n<p>Na\u0161e lesy a pole jsou v\u011bt\u0161inou rozd\u011blen\u00e9 do honiteb. Ka\u017ed\u00e1 ko\u010dka, kter\u00e1 se pohybuje voln\u011b v honitb\u011b, je pova\u017eov\u00e1na za \u0161kodnou a mysliveck\u00e1 str\u00e1\u017e ji m\u016f\u017ee ve vzd\u00e1lenosti 200 m od z\u00e1stavby\/plotu zast\u0159elit. Statistiku toulav\u00fdch ko\u010dek zast\u0159elen\u00fdch myslivci uve\u0159ej\u0148uje ka\u017edoro\u010dn\u011b \u010cesk\u00fd statistick\u00fd \u00fa\u0159ad a toto \u010d\u00edslo p\u0159evy\u0161uje 11 000 ko\u010dek!<\/p>\n<h4>Nebezpe\u010d\u00ed \u010d\u00edslo 4: Otrava<\/h4>\n<p>Kdy\u017e ko\u010dky mohou voln\u011b lovit a maj\u00ed na v\u00fdb\u011br, valnou \u010d\u00e1st jejich ko\u0159isti tvo\u0159\u00ed drobn\u00ed hlodavci. \u010clov\u011bk ale dnes na hromadn\u00e9 huben\u00ed hlodavc\u016f pou\u017e\u00edv\u00e1 hlavn\u011b r\u016fzn\u00e9 jedy. P\u0159itr\u00e1ven\u00e1 my\u0161 nemus\u00ed um\u0159\u00edt hned, je pomal\u00e1 a d\u00e1 se lehce ulovit. Pokud ji ko\u010dka se\u017eere, m\u016f\u017ee se tak\u00e9 otr\u00e1vit. Dal\u0161\u00ed nebezpe\u010d\u00ed otravy pro voln\u011b se pohybuj\u00edc\u00ed ko\u010dku, mohou p\u0159edstavovat r\u016fzn\u00e9 pesticidy, kter\u00e9 se pou\u017e\u00edvaj\u00ed v zem\u011bd\u011blstv\u00ed nebo p\u0159i zahradni\u010den\u00ed.<\/p>\n<h4>Nebezpe\u010d\u00ed \u010d\u00edslo 5: Infekce<\/h4>\n<p>Ko\u010dka, kter\u00e1 m\u00e1 voln\u00fd p\u0159\u00edstup ven, m\u00e1 samoz\u0159ejm\u011b mnohem v\u011bt\u0161\u00ed \u0161anci nakazit se n\u011bjakou infek\u010dn\u00ed chorobou, ne\u017e ko\u010dky \u017eij\u00edc\u00ed v byt\u011b s p\u0159\u00edstupem jen na balk\u00f3n. A\u0165 u\u017e je to infekce, kterou z\u00edsk\u00e1 z infikovan\u00e9 ko\u0159isti (sem pat\u0159\u00ed hlavn\u011b st\u0159evn\u00ed parazit\u00e9 nebo t\u0159eba i toxoplasmosa) nebo d\u00edky kontaktu s jin\u00fdmi zv\u00ed\u0159aty a ko\u010dkami. Valn\u00e1 v\u011bt\u0161ina infekc\u00ed m\u00e1 mnohem z\u00e1va\u017en\u011bj\u0161\u00ed pr\u016fb\u011bh u ko\u0165at a u star\u0161\u00edch ko\u010dek.<\/p>\n","protected":false},"excerpt":{"rendered":"<p>Ko\u010dka je tvor svobodomysln\u00fd a v\u011bt\u0161ina lid\u00ed m\u00e1 za\u017eito, \u017ee typick\u00e9 bydlen\u00ed ko\u010dky je u bar\u00e1\u010dku se zahradou, kde si ko\u010dka zab\u011bhne na p\u016fdu, do sklepa a tu a t\u00e1mhle si ulov\u00ed my\u0161ku. V\u017edycky to tak na vesnic\u00edch b\u00fdv\u00e1valo a pro\u010d by se to m\u011blo m\u011bnit? Spousta lid\u00ed si ale neuv\u011bdomuje, \u017ee za ta l\u00e9ta &hellip; <\/p>\n<p class=\"link-more\"><a href=\"http:\/\/odkosticky.cz\/?page_id=593&#038;lang=cs\" class=\"more-link\">Pokra\u010dovat ve \u010dten\u00ed<span class=\"screen-reader-text\"> &#8222;Voln\u00fd pohyb ko\u010dek&#8220;<\/span><\/a><\/p>\n","protected":false},"author":1,"featured_media":0,"parent":0,"menu_order":0,"comment_status":"closed","ping_status":"closed","template":"","meta":{"_mi_skip_tracking":false},"_links":{"self":[{"href":"http:\/\/odkosticky.cz\/index.php?rest_route=\/wp\/v2\/pages\/593"}],"collection":[{"href":"http:\/\/odkosticky.cz\/index.php?rest_route=\/wp\/v2\/pages"}],"about":[{"href":"http:\/\/odkosticky.cz\/index.php?rest_route=\/wp\/v2\/types\/page"}],"author":[{"embeddable":true,"href":"http:\/\/odkosticky.cz\/index.php?rest_route=\/wp\/v2\/users\/1"}],"replies":[{"embeddable":true,"href":"http:\/\/odkosticky.cz\/index.php?rest_route=%2Fwp%2Fv2%2Fcomments&post=593"}],"version-history":[{"count":1,"href":"http:\/\/odkosticky.cz\/index.php?rest_route=\/wp\/v2\/pages\/593\/revisions"}],"predecessor-version":[{"id":594,"href":"http:\/\/odkosticky.cz\/index.php?rest_route=\/wp\/v2\/pages\/593\/revisions\/594"}],"wp:attachment":[{"href":"http:\/\/odkosticky.cz\/index.php?rest_route=%2Fwp%2Fv2%2Fmedia&parent=593"}],"curies":[{"name":"wp","href":"https:\/\/api.w.org\/{rel}","templated":true}]}}