{"id":556,"date":"2018-11-07T20:46:37","date_gmt":"2018-11-07T20:46:37","guid":{"rendered":"http:\/\/odkosticky.cz\/?page_id=556"},"modified":"2023-05-04T13:43:36","modified_gmt":"2023-05-04T13:43:36","slug":"cid-od-kosticky-cz","status":"publish","type":"page","link":"http:\/\/odkosticky.cz\/?page_id=556&lang=cs","title":{"rendered":"IP Cid od Kosti\u010dky, CZ"},"content":{"rendered":"<p><img loading=\"lazy\" class=\"size-medium wp-image-557 alignleft\" src=\"http:\/\/odkosticky.cz\/wp-content\/uploads\/2018\/11\/c2-300x209.jpg\" alt=\"\" width=\"300\" height=\"209\" srcset=\"http:\/\/odkosticky.cz\/wp-content\/uploads\/2018\/11\/c2-300x209.jpg 300w, http:\/\/odkosticky.cz\/wp-content\/uploads\/2018\/11\/c2-768x536.jpg 768w, http:\/\/odkosticky.cz\/wp-content\/uploads\/2018\/11\/c2-1024x715.jpg 1024w, http:\/\/odkosticky.cz\/wp-content\/uploads\/2018\/11\/c2.jpg 1584w\" sizes=\"(max-width: 300px) 100vw, 300px\" \/>* 12.5.2018<\/p>\n<p>Sibi\u0159sk\u00e1 ko\u010dka<\/p>\n<p>barva: st\u0159\u00edb\u0159it\u00e1 \u010dern\u011b te\u010dkovan\u00e1 s b\u00edlou (tzv. bimetalic)<\/p>\n<p>SIB ns(nus) 09 24<\/p>\n<p><a href=\"https:\/\/www.pawpeds.com\/db\/?a=p&amp;id=1410625&amp;g=4&amp;p=sib&amp;o=ajgrep\"><strong>Rodokmen<\/strong><\/a><\/p>\n<p>Cid je n\u00e1\u0161 kocourek z na\u0161eho prvn\u00edho odchovan\u00e9ho <a href=\"http:\/\/odkosticky.cz\/?page_id=32&amp;lang=cs\">vrhu C<\/a>. Jeho maminka je na\u0161e <a href=\"http:\/\/odkosticky.cz\/?page_id=155&amp;lang=cs\">Fl\u00f3rka<\/a> a tat\u00ednek kr\u00e1sn\u00fd kocour <a href=\"http:\/\/www.whitewitch.cz\/benjamin.html\">Benjamin<\/a>, kter\u00fd p\u016fsob\u00ed v chovatelsk\u00e9 stanici <a href=\"http:\/\/www.whitewitch.cz\/kocky.html\">White Witch<\/a>. Cid m\u00e1 stejnou barvu srsti jako jeho tat\u00ednek, jen b\u00edl\u00fdch skvrn m\u00e1 jen mali\u010dko (na ka\u017ed\u00e9 tlapce b\u00edl\u00fd punt\u00edk, b\u00edl\u00fd pup\u00edk a na krku b\u00edl\u00fd medailonek). Cid byl od mali\u010dka velice mazliv\u00fd kocourek, k \u010dlov\u011bku se r\u00e1d p\u0159itul\u00ed ve dne i v noci. Motor zd\u011bdil po mamince, za\u010dne vrn\u011bt, jen ho jednou pohlad\u00edme. Doma je to sebev\u011bdom\u00fd kocourek, kter\u00fd m\u011b v\u00edt\u00e1 u dve\u0159\u00ed, kdy\u017e p\u0159ijdu dom\u016f z pr\u00e1ce. Na\u0161emu ryt\u00ed\u0159ovi lumpovi u\u017e tak\u00e9 otrnulo, co se t\u00fd\u010de jeho vztahu k velk\u00e9mu sv\u011btu za dve\u0159mi. Kdy\u017e byl mlad\u0161\u00ed, byl hrozn\u011b opatrn\u00fd, venku vyjukan\u00fd a jeho sest\u0159i\u010dka\u00a0<a href=\"http:\/\/odkosticky.cz\/?page_id=596&amp;lang=cs\">Ciri<\/a> pro n\u011bj byla jeho pr\u016fzkumn\u00edk i ochr\u00e1nce. Te\u010f u\u017e si role prohodili a Cid je ten neohro\u017een\u00fd ryt\u00ed\u0159, kter\u00fd m\u00e1 v\u0161e na tlapce. Krom\u011b mazlen\u00ed r\u00e1d j\u00ed (r\u00e1d chroupe granulky, ale zblajzne vlastn\u011b v\u0161echno). Je to na\u0161e nejv\u011bt\u0161\u00ed ko\u010di\u010dka, v\u00e1\u017e\u00ed 8,1 kg.<\/p>\n<figure id=\"attachment_558\" aria-describedby=\"caption-attachment-558\" style=\"width: 300px\" class=\"wp-caption alignleft\"><img loading=\"lazy\" class=\"size-medium wp-image-558\" src=\"http:\/\/odkosticky.cz\/wp-content\/uploads\/2018\/11\/c6t-300x200.jpg\" alt=\"\" width=\"300\" height=\"200\" srcset=\"http:\/\/odkosticky.cz\/wp-content\/uploads\/2018\/11\/c6t-300x200.jpg 300w, http:\/\/odkosticky.cz\/wp-content\/uploads\/2018\/11\/c6t-768x511.jpg 768w, http:\/\/odkosticky.cz\/wp-content\/uploads\/2018\/11\/c6t.jpg 1000w\" sizes=\"(max-width: 300px) 100vw, 300px\" \/><figcaption id=\"caption-attachment-558\" class=\"wp-caption-text\">6 t\u00fddn\u016f<\/figcaption><\/figure>\n<figure id=\"attachment_559\" aria-describedby=\"caption-attachment-559\" style=\"width: 300px\" class=\"wp-caption alignright\"><img loading=\"lazy\" class=\"size-medium wp-image-559\" src=\"http:\/\/odkosticky.cz\/wp-content\/uploads\/2018\/11\/c11t-300x211.jpg\" alt=\"\" width=\"300\" height=\"211\" srcset=\"http:\/\/odkosticky.cz\/wp-content\/uploads\/2018\/11\/c11t-300x211.jpg 300w, http:\/\/odkosticky.cz\/wp-content\/uploads\/2018\/11\/c11t-768x540.jpg 768w, http:\/\/odkosticky.cz\/wp-content\/uploads\/2018\/11\/c11t-1024x720.jpg 1024w, http:\/\/odkosticky.cz\/wp-content\/uploads\/2018\/11\/c11t.jpg 1628w\" sizes=\"(max-width: 300px) 100vw, 300px\" \/><figcaption id=\"caption-attachment-559\" class=\"wp-caption-text\">11 t\u00fddn\u016f<\/figcaption><\/figure>\n<p>Proto\u017ee Cid bydl\u00ed spolu se svoj\u00ed maminkou a sestrou, nechali jsme ho p\u0159ed p\u00e1t\u00fdm m\u011bs\u00edcem v\u011bku vykastrovat. Pro jeho milou povahu a majest\u00e1tn\u00ed vzhled s n\u00edm ale \u010dasto zav\u00edt\u00e1m na ko\u010di\u010d\u00ed v\u00fdstavy. Nejprve jezdil se svoj\u00ed sest\u0159i\u010dkou Ciri, te\u010f zau\u010duje ve v\u00fdstavn\u00edm frmolu synovce Dur\u00ednka. Cid je v t\u0159\u00edd\u011b kastr\u00e1t\u016f velice \u00fasp\u011b\u0161n\u00fd, prozat\u00edm dos\u00e1hl titulu interpremior (IP) a z\u00edskal poh\u00e1r BIS na dvou mezin\u00e1rodn\u00edch v\u00fdstav\u00e1ch FIF\u00e9 (v Olomouci 2019 na speci\u00e1ln\u00ed v\u00fdstav\u011b Sibi\u0159sk\u00fdch a N\u011bvsk\u00fdch ko\u010dek a na mezin\u00e1rodn\u00ed v\u00fdstav\u011b v Rakousku v roce 2021).<\/p>\n<p><img loading=\"lazy\" class=\"alignnone wp-image-616 size-large\" src=\"http:\/\/odkosticky.cz\/wp-content\/uploads\/2018\/12\/Cida1-1024x681.jpg\" alt=\"\" width=\"525\" height=\"349\" srcset=\"http:\/\/odkosticky.cz\/wp-content\/uploads\/2018\/12\/Cida1-1024x681.jpg 1024w, http:\/\/odkosticky.cz\/wp-content\/uploads\/2018\/12\/Cida1-300x199.jpg 300w, http:\/\/odkosticky.cz\/wp-content\/uploads\/2018\/12\/Cida1-768x511.jpg 768w, http:\/\/odkosticky.cz\/wp-content\/uploads\/2018\/12\/Cida1.jpg 1504w\" sizes=\"(max-width: 525px) 100vw, 525px\" \/><\/p>\n<h4><strong>Zdravotn\u00ed testy:<\/strong><\/h4>\n<p>FIV \u2013 oba rodi\u010de negativn\u011b testovan\u00ed<\/p>\n<p>FeLV \u2013 oba rodi\u010de negativn\u011b testovan\u00ed<\/p>\n<p>Chlamydie &#8211; o\u010dkovan\u00fd<\/p>\n<p>Giardie &#8211; testovan\u00fd s negativn\u00edm v\u00fdsledkem (z\u00e1\u0159\u00ed 2022)<\/p>\n<p>HCM \u2013 preventivn\u00ed sonografick\u00e9 vy\u0161et\u0159en\u00ed bez n\u00e1lezu (duben 2023)<\/p>\n","protected":false},"excerpt":{"rendered":"<p>* 12.5.2018 Sibi\u0159sk\u00e1 ko\u010dka barva: st\u0159\u00edb\u0159it\u00e1 \u010dern\u011b te\u010dkovan\u00e1 s b\u00edlou (tzv. bimetalic) SIB ns(nus) 09 24 Rodokmen Cid je n\u00e1\u0161 kocourek z na\u0161eho prvn\u00edho odchovan\u00e9ho vrhu C. Jeho maminka je na\u0161e Fl\u00f3rka a tat\u00ednek kr\u00e1sn\u00fd kocour Benjamin, kter\u00fd p\u016fsob\u00ed v chovatelsk\u00e9 stanici White Witch. Cid m\u00e1 stejnou barvu srsti jako jeho tat\u00ednek, jen b\u00edl\u00fdch skvrn &hellip; <\/p>\n<p class=\"link-more\"><a href=\"http:\/\/odkosticky.cz\/?page_id=556&#038;lang=cs\" class=\"more-link\">Pokra\u010dovat ve \u010dten\u00ed<span class=\"screen-reader-text\"> &#8222;IP Cid od Kosti\u010dky, CZ&#8220;<\/span><\/a><\/p>\n","protected":false},"author":1,"featured_media":0,"parent":0,"menu_order":0,"comment_status":"closed","ping_status":"closed","template":"","meta":{"_mi_skip_tracking":false},"_links":{"self":[{"href":"http:\/\/odkosticky.cz\/index.php?rest_route=\/wp\/v2\/pages\/556"}],"collection":[{"href":"http:\/\/odkosticky.cz\/index.php?rest_route=\/wp\/v2\/pages"}],"about":[{"href":"http:\/\/odkosticky.cz\/index.php?rest_route=\/wp\/v2\/types\/page"}],"author":[{"embeddable":true,"href":"http:\/\/odkosticky.cz\/index.php?rest_route=\/wp\/v2\/users\/1"}],"replies":[{"embeddable":true,"href":"http:\/\/odkosticky.cz\/index.php?rest_route=%2Fwp%2Fv2%2Fcomments&post=556"}],"version-history":[{"count":17,"href":"http:\/\/odkosticky.cz\/index.php?rest_route=\/wp\/v2\/pages\/556\/revisions"}],"predecessor-version":[{"id":1404,"href":"http:\/\/odkosticky.cz\/index.php?rest_route=\/wp\/v2\/pages\/556\/revisions\/1404"}],"wp:attachment":[{"href":"http:\/\/odkosticky.cz\/index.php?rest_route=%2Fwp%2Fv2%2Fmedia&parent=556"}],"curies":[{"name":"wp","href":"https:\/\/api.w.org\/{rel}","templated":true}]}}