{"id":343,"date":"2018-03-11T23:14:42","date_gmt":"2018-03-11T23:14:42","guid":{"rendered":"http:\/\/odkosticky.cz\/?page_id=343"},"modified":"2020-09-16T16:43:53","modified_gmt":"2020-09-16T16:43:53","slug":"prostredi-chovu","status":"publish","type":"page","link":"http:\/\/odkosticky.cz\/?page_id=343&lang=cs","title":{"rendered":"Na\u0161e bydlen\u00ed"},"content":{"rendered":"<p>Ko\u010dky chov\u00e1me v byt\u011b, za b\u011b\u017en\u00fdch okolnost\u00ed maj\u00ed p\u0159\u00edstup po cel\u00e9m bytu bez omezen\u00ed. Do na\u0161\u00ed lo\u017enice jsou ve dve\u0159\u00edch nainstalovan\u00e1 ko\u010di\u010d\u00ed dv\u00ed\u0159ka. Abychom zajistili z\u00e1bavu pro ko\u010dky a dobr\u00e9 n\u00e1vyky ohledn\u011b \u0161kr\u00e1b\u00e1n\u00ed, v ka\u017ed\u00e9 m\u00edstnosti maj\u00ed ko\u010dky n\u011bjak\u00fd sv\u016fj ko\u010di\u010d\u00ed n\u00e1bytek \u2013 prol\u00edza\u010dky (velice se n\u00e1m osv\u011bd\u010dil syst\u00e9m d\u0159ev\u011bn\u00fdch polic, kter\u00fd jsme vyrobili sv\u00e9pomoc\u00ed), \u0161krabadla, pel\u00ed\u0161ky, ale i boudi\u010dky a kukan\u011b, kam se mohou ko\u010dky schovat a neru\u0161en\u011b odpo\u010d\u00edvat. Velice obl\u00edben\u00fd je pel\u00ed\u0161ek na parapetu a pozorovatelny pobl\u00ed\u017e okna.<\/p>\n<p>Jak se n\u00e1m nav\u00fd\u0161il po\u010det ko\u010di\u010d\u00e1k\u016f na p\u011bt a v\u0161ichni trochu vyrostli, za\u010dali se trochu \u0161korpit o ko\u010di\u010d\u00ed z\u00e1ch\u016fdky. Museli jsme tedy po\u010det toaletek nav\u00fd\u0161it na p\u011bt a rozstrkat je do r\u016fzn\u00fdch z\u00e1kout\u00ed po cel\u00e9m byt\u011b.<\/p>\n<p>V\u0161echna okna m\u00e1me zas\u00ed\u0165ovan\u00e1 s\u00edt\u00ed proti hmyzu, kter\u00e1 je i speci\u00e1ln\u011b zes\u00edlen\u00e1 kv\u016fli ko\u010dk\u00e1m. Zas\u00ed\u0165ov\u00e1n\u00ed se hod\u00ed i proto, \u017ee n\u00e1m do bytu ob\u010das zal\u00e9tly vosy a p\u00e1rkr\u00e1t i sr\u0161e\u0148 a takhle aspo\u0148 nehroz\u00ed, \u017ee by n\u011bkoho po\u0161t\u00edpaly (hlavn\u011b pani\u010dka p\u0159ed bodav\u00fdm hmyzem v\u017edy panicky prch\u00e1 a schov\u00e1v\u00e1 se a Bru\u0148\u010fa to od n\u00ed okoukala). V l\u00e9t\u011b mohou ko\u010dky v klidu odpo\u010d\u00edvat u zabezpe\u010den\u00fdch otev\u0159en\u00fdch oken. Barva s\u00edt\u00ed je \u010dern\u00e1 a v oknech nen\u00ed tak\u0159ka v\u016fbec vid\u011bt (st\u00edn\u00ed mnohem m\u00e9n\u011b ne\u017e z\u00e1clony). Po zku\u0161enostech jin\u00fdch lid\u00ed jsem se tak\u00e9 rozhodla, \u017ee nebudeme pou\u017e\u00edvat klasickou v\u00fdklopnou funkci oken na v\u011btra\u010dku (zku\u0161enosti si m\u016f\u017eete p\u0159e\u010d\u00edst na str\u00e1nk\u00e1ch spolku <a href=\"http:\/\/www.srdcemprokocky.cz\/?q=node\/1918\">Srdcem pro ko\u010dku<\/a>), ale m\u00edsto toho jsme zakoupili a nainstalovali <a href=\"https:\/\/www.kukacka.cz\/pojistka-vetraci-kub-14-bi\/_dscnt\/30801131076737713?utm_source=google-merchant&amp;utm_content=pojistka-vetraci-kub-14-bi&amp;utm_medium=prc&amp;utm_campaign=prc_campaign&amp;gclid=CjwKCAjw2MTbBRASEiwAdYIpsbJ1aK6McG6G9YnGxQTcOp9l43LdZkc-lIaleEPvC4TyiIuE9SUArxoCXgcQAvD_BwE\">plastov\u00e9 v\u011btrac\u00ed pojistky<\/a> a v\u011btr\u00e1me pomoc\u00ed \u010d\u00e1ste\u010dn\u011b pootev\u0159en\u00fdch oken, do kter\u00fdch se ale ko\u010dky nemohou p\u0159isk\u0159\u00edpnout.<\/p>\n<p>Zas\u00ed\u0165ov\u00e1n\u00ed m\u00e1me i na terase, bylo instalov\u00e1no specializovanou firmou a jedn\u00e1 se o speci\u00e1ln\u00ed s\u00ed\u0165 pro ko\u010dky (velikost oka 4 x 4 cm, s\u00edla s\u00edt\u011b 2 mm). S\u00ed\u0165 n\u00e1m slou\u017e\u00ed u\u017e dlouh\u00e1 l\u00e9ta, od roku 2010. M\u00e1m zku\u0161enosti i s instalac\u00ed s\u00edt\u00ed sv\u00e9pomoc\u00ed (zakoupeno na <a href=\"https:\/\/www.zoohit.cz\/shop\/kocky\/site_dvirka\/site\/342512\">zoohit.cz<\/a>\/<a href=\"https:\/\/www.zooplus.de\/shop\/katzen\/balkon_garten\/katzennetz\/323672\">zooplus.de<\/a>), ta profesion\u00e1ln\u00ed m\u00e1 ov\u0161em del\u0161\u00ed \u017eivotnost a z\u00e1ruku. Nikdy ale pro ko\u010dku nepo\u0159izujte tenkou s\u00ed\u0165 o tlou\u0161\u0165ce men\u0161\u00ed ne\u017e 1 mm \u2013 je ur\u010dena pro ptactvo, s\u00edlu v tahu m\u00e1 kolem 10 kg a to je pro ko\u010dku m\u00e1lo (nepo\u010d\u00edtejte s pouhou v\u00e1hou ko\u010dky, proto\u017ee ve skoku se n\u00e1por na s\u00ed\u0165 n\u00e1sob\u00ed rychlost\u00ed), nav\u00edc tenk\u00e9 s\u00edt\u011b lze snadno p\u0159ekousnout. Kous\u00e1n\u00edm u\u017e na\u0161i deset let starou s\u00ed\u0165 testovala Ciri a s\u00ed\u0165 to vydr\u017eela. Prakti\u010dt\u011bj\u0161\u00ed jsou tak\u00e9 bezuzlov\u00e9 s\u00edt\u011b \u2013 oka se tolik nedeformuj\u00ed a nejdou rozt\u00e1hnout. Barva na\u0161\u00ed s\u00edt\u011b je b\u00e9\u017eov\u00e1 a z chodn\u00edku nen\u00ed p\u0159\u00edli\u0161 n\u00e1padn\u00e1. Na instalaci doporu\u010duji profesion\u00e1ln\u00ed firmy <a href=\"http:\/\/www.k9.cz\/\">K9<\/a> a <a href=\"http:\/\/www.aleza.cz\/\">Aleza<\/a>. Nepodce\u0148ujte nebezpe\u010d\u00ed, \u017ee va\u0161e ko\u010dka vypadne z okna nebo z balk\u00f3nu, hroz\u00ed \u017ee se t\u011b\u017ece zran\u00ed nebo se ztrat\u00ed. Bu\u010fte zodpov\u011bdn\u00ed, dokonce i v \u010desk\u00fdch z\u00e1konech je zakotveno, \u017ee chovatel m\u00e1 povinnost sv\u00e1 zv\u00ed\u0159ata zabezpe\u010dit proti \u00faniku.<\/p>\n<p>Na terase m\u00e1me instalovan\u00e9 odpo\u010d\u00edvadlo pro ko\u010dky a police. Pobyt venku na terase maj\u00ed na\u0161e ko\u010dky velmi r\u00e1dy. Na\u0161e ko\u010dky nemaj\u00ed voln\u00fd p\u0159\u00edstup ven bez dozoru nebo bez zabezpe\u010den\u00ed. Maj\u00ed p\u0159\u00edstup pouze na zabezpe\u010denou terasu a Fl\u00f3rka um\u00ed chodit ve k\u0161\u00edrk\u00e1ch na vod\u00edtku. Nepodporuji nehl\u00eddan\u00fd voln\u00fd pohyb ko\u010dek venku, chov\u00e1m ko\u010dky jako dom\u00e1c\u00ed mazl\u00ed\u010dky a chci, aby se mnou dlouho \u017eily. Pokud chcete poskytnout va\u0161\u00ed ko\u010dce voln\u00fd v\u00fdb\u011bh venku, <a href=\"http:\/\/odkosticky.cz\/?page_id=593&amp;lang=cs\">nejprve si p\u0159e\u010dt\u011bte tohle.<\/a><\/p>\n<p>Voln\u00fd pohyb ko\u010dek (bez dozoru a bez zabezpe\u010den\u00ed), kter\u00e9 pat\u0159\u00ed pod registrovan\u00fd chov &#8211; nen\u00ed podle m\u011b absolutn\u011b vhodn\u00fd. Krom\u011b dal\u0161\u00edch rizik je p\u0159i voln\u00e9m pohybu ko\u010dek mnohem vy\u0161\u0161\u00ed v\u00fdskyt r\u016fzn\u00fdch infek\u010dn\u00edch onemocn\u011bn\u00ed a nekastrovan\u00e9 plodn\u00e9 ko\u010dky by na volno nem\u011bl pou\u0161t\u011bt v\u016fbec \u017e\u00e1dn\u00fd zodpov\u011bdn\u00fd majitel (v\u011bd\u011bli jste, \u017ee ko\u010dka nebo kocour mohou pohlavn\u011b dosp\u011bt t\u0159eba u\u017e na 5ti a\u017e 6ti m\u011bs\u00edc\u00edch?).<\/p>\n<p>Up\u0159ednost\u0148uji malou chovnou skupinu ko\u010dek v jedn\u00e9 dom\u00e1cnosti, maxim\u00e1ln\u011b do 4-5 zv\u00ed\u0159at. V mal\u00e9 chovn\u00e9 skupin\u011b se d\u00e1 l\u00e9pe zabezpe\u010dit dostate\u010dn\u00e1 p\u00e9\u010de a pozornost pro v\u0161echny \u010dleny skupiny. Ko\u010dky nejsou od p\u0159\u00edrody zv\u00ed\u0159ata zvykl\u00e1 na velk\u00e9 skupiny, nevytv\u00e1\u0159\u00ed trval\u00e9 sme\u010dky, tak jak to zn\u00e1me u ps\u016f nebo t\u0159eba lv\u016f, ov\u0161em v\u011bt\u0161inou nejsou ani absolutn\u00ed samot\u00e1\u0159i. Podle nejnov\u011bj\u0161\u00edch studi\u00ed \u017eili p\u0159edkov\u00e9 ko\u010dek ve voln\u00fdch skupin\u00e1ch. Pokud by do \u017eivota ko\u010dek nezasahoval \u010dlov\u011bk (a on dnes zasahuje i do \u017eivota divok\u00fdch ko\u010dek <em>Felis silvestris<\/em>), \u017eily by v teritori\u00edch, kter\u00e1 se mohou navz\u00e1jem p\u0159ekr\u00fdvat, hlavn\u011b se p\u0159ekryvaj\u00ed teritoria ko\u010dek a kocour\u016f. Ov\u0161em do\u010dasn\u00e9 skupiny mohou vytv\u00e1\u0159et i mlad\u00e1 zv\u00ed\u0159ata, kter\u00e1 ji\u017e opustila mat\u010dino teritorium a hledaj\u00ed si to svoje. Ko\u010dky se tak\u00e9 mohou stahovat kolem bohat\u00fdch zdroj\u016f potravy (na z\u00e1klad\u011b toho tak\u00e9 z\u0159ejm\u011b za\u010dalo jejich sou\u017eit\u00ed s \u010dlov\u011bkem). Ve velk\u00fdch t\u011bsn\u00fdch skupin\u00e1ch ko\u010dek se zvy\u0161uje stres a n\u00e1chylnost k nemocem (a proto jsou dnes ko\u010dky na ulic\u00edch a vesnic\u00edch \u010dasto v takov\u00e9m zb\u00edda\u010del\u00e9m stavu), zvy\u0161ovat se m\u016f\u017ee tak\u00e9 agresivita.<\/p>\n","protected":false},"excerpt":{"rendered":"<p>Ko\u010dky chov\u00e1me v byt\u011b, za b\u011b\u017en\u00fdch okolnost\u00ed maj\u00ed p\u0159\u00edstup po cel\u00e9m bytu bez omezen\u00ed. Do na\u0161\u00ed lo\u017enice jsou ve dve\u0159\u00edch nainstalovan\u00e1 ko\u010di\u010d\u00ed dv\u00ed\u0159ka. Abychom zajistili z\u00e1bavu pro ko\u010dky a dobr\u00e9 n\u00e1vyky ohledn\u011b \u0161kr\u00e1b\u00e1n\u00ed, v ka\u017ed\u00e9 m\u00edstnosti maj\u00ed ko\u010dky n\u011bjak\u00fd sv\u016fj ko\u010di\u010d\u00ed n\u00e1bytek \u2013 prol\u00edza\u010dky (velice se n\u00e1m osv\u011bd\u010dil syst\u00e9m d\u0159ev\u011bn\u00fdch polic, kter\u00fd jsme vyrobili sv\u00e9pomoc\u00ed), &hellip; <\/p>\n<p class=\"link-more\"><a href=\"http:\/\/odkosticky.cz\/?page_id=343&#038;lang=cs\" class=\"more-link\">Pokra\u010dovat ve \u010dten\u00ed<span class=\"screen-reader-text\"> &#8222;Na\u0161e bydlen\u00ed&#8220;<\/span><\/a><\/p>\n","protected":false},"author":1,"featured_media":0,"parent":0,"menu_order":0,"comment_status":"closed","ping_status":"closed","template":"","meta":{"_mi_skip_tracking":false},"_links":{"self":[{"href":"http:\/\/odkosticky.cz\/index.php?rest_route=\/wp\/v2\/pages\/343"}],"collection":[{"href":"http:\/\/odkosticky.cz\/index.php?rest_route=\/wp\/v2\/pages"}],"about":[{"href":"http:\/\/odkosticky.cz\/index.php?rest_route=\/wp\/v2\/types\/page"}],"author":[{"embeddable":true,"href":"http:\/\/odkosticky.cz\/index.php?rest_route=\/wp\/v2\/users\/1"}],"replies":[{"embeddable":true,"href":"http:\/\/odkosticky.cz\/index.php?rest_route=%2Fwp%2Fv2%2Fcomments&post=343"}],"version-history":[{"count":9,"href":"http:\/\/odkosticky.cz\/index.php?rest_route=\/wp\/v2\/pages\/343\/revisions"}],"predecessor-version":[{"id":997,"href":"http:\/\/odkosticky.cz\/index.php?rest_route=\/wp\/v2\/pages\/343\/revisions\/997"}],"wp:attachment":[{"href":"http:\/\/odkosticky.cz\/index.php?rest_route=%2Fwp%2Fv2%2Fmedia&parent=343"}],"curies":[{"name":"wp","href":"https:\/\/api.w.org\/{rel}","templated":true}]}}