{"id":197,"date":"2017-05-23T19:12:29","date_gmt":"2017-05-23T19:12:29","guid":{"rendered":"http:\/\/odkosticky.cz\/?page_id=197"},"modified":"2022-09-13T14:35:37","modified_gmt":"2022-09-13T14:35:37","slug":"brunnhilda","status":"publish","type":"page","link":"http:\/\/odkosticky.cz\/?page_id=197&lang=cs","title":{"rendered":"Brunnhilda"},"content":{"rendered":"<p><a href=\"http:\/\/odkosticky.cz\/wp-content\/uploads\/2017\/05\/brum2.jpg\"><img loading=\"lazy\" class=\"alignleft size-medium wp-image-198\" src=\"http:\/\/odkosticky.cz\/wp-content\/uploads\/2017\/05\/brum2-199x300.jpg\" alt=\"\" width=\"199\" height=\"300\" srcset=\"http:\/\/odkosticky.cz\/wp-content\/uploads\/2017\/05\/brum2-199x300.jpg 199w, http:\/\/odkosticky.cz\/wp-content\/uploads\/2017\/05\/brum2-768x1155.jpg 768w, http:\/\/odkosticky.cz\/wp-content\/uploads\/2017\/05\/brum2-681x1024.jpg 681w, http:\/\/odkosticky.cz\/wp-content\/uploads\/2017\/05\/brum2.jpg 2000w\" sizes=\"(max-width: 199px) 100vw, 199px\" \/><\/a>* 4.9.2009<\/p>\n<p>N\u011bvsk\u00e1 ma\u0161kar\u00e1da<\/p>\n<p>barva: \u010dern\u00e1 s kresbou<\/p>\n<p>NEM n 21<\/p>\n<p>Bru\u0148\u010fu jsme si p\u0159ivezli z\u00a0Brna od kamar\u00e1da Michala. Michal si p\u016fvodn\u011b cht\u011bl zalo\u017eit chovatelskou stanici, ale zapomn\u011bl o tom \u0159\u00edct svoj\u00ed ko\u010dce Belind\u011b, kter\u00e1 si v\u0161e za\u0159\u00eddila sama. Po vypipl\u00e1n\u00ed \u0161estihlav\u00e9\u00a0san\u011b se Michal rozhodl, \u017ee jedna odchovan\u00e1 horda u\u017e na n\u011bho byla moc a Belindu i jej\u00edho milence nechal vykastrovat.<\/p>\n<p>Bru\u0148\u010fu jsme nechali kastrovat po prvn\u00edm mrousk\u00e1n\u00ed. Je to kus \u017eensk\u00e9, v\u00e1\u017e\u00ed p\u0159es 5 kilo. Bru\u0148\u010fa na sv\u00e9 postav\u011b piln\u011b pracuje ka\u017ed\u00fd ve\u010der, kdy\u017e se spolu s Fl\u00f3rinkou hon\u00ed po na\u0161em byt\u011b. Jinak je Bru\u0148\u010fa sp\u00ed\u0161 takov\u00fd peciv\u00e1l, co klidn\u011b prosp\u00ed cel\u00fd den. P\u0159ed n\u00e1v\u0161t\u011bvami je obez\u0159etn\u011bj\u0161\u00ed, v\u011bt\u0161inou vys\u00edl\u00e1 \u201ezv\u011bdy\u201c = Fl\u00f3rinku (d\u0159\u00edve to byl Kosti\u010dka) a sama se objev\u00ed a\u017e podle situace.<\/p>\n<figure id=\"attachment_199\" aria-describedby=\"caption-attachment-199\" style=\"width: 300px\" class=\"wp-caption alignleft\"><a href=\"http:\/\/odkosticky.cz\/wp-content\/uploads\/2017\/05\/Brun-kote.jpg\"><img loading=\"lazy\" class=\"size-medium wp-image-199\" src=\"http:\/\/odkosticky.cz\/wp-content\/uploads\/2017\/05\/Brun-kote-300x232.jpg\" alt=\"\" width=\"300\" height=\"232\" srcset=\"http:\/\/odkosticky.cz\/wp-content\/uploads\/2017\/05\/Brun-kote-300x232.jpg 300w, http:\/\/odkosticky.cz\/wp-content\/uploads\/2017\/05\/Brun-kote-768x595.jpg 768w, http:\/\/odkosticky.cz\/wp-content\/uploads\/2017\/05\/Brun-kote.jpg 850w\" sizes=\"(max-width: 300px) 100vw, 300px\" \/><\/a><figcaption id=\"caption-attachment-199\" class=\"wp-caption-text\">To jsem byla je\u0161t\u011b Nast\u011bnka<\/figcaption><\/figure>\n<p>K Bru\u0148di\u010d\u010din\u011b jm\u00e9nu se vztahuje speci\u00e1ln\u00ed historka. P\u0159ed jej\u00edm p\u0159\u00edchodem k n\u00e1m jsme pro ni s\u00e1hodlouze vym\u00fd\u0161leli jm\u00e9no, cht\u011bli jsme n\u011bco poh\u00e1dkov\u00e9ho, n\u011b\u017en\u00e9ho. Nakonec jsme vymysleli jm\u00e9no Nast\u011bnka. Hned p\u0159i prvn\u00edm setk\u00e1n\u00ed jsme ko\u0165\u00e1tku za\u010dali \u0159\u00edkat &#8222;Nast\u011bnko&#8220;, pak kdy\u017e u\u017e j\u00ed byly t\u0159i m\u011bs\u00edce a p\u0159est\u011bhovala se od maminky k n\u00e1m st\u00e1le jsme j\u00ed tak \u0159\u00edkali a ko\u010di\u010dka nic. Jak\u00e9koliv vol\u00e1n\u00ed t\u00edmhle jm\u00e9nem ignorovala. Pak p\u0159i\u0161el kamar\u00e1d a \u0159\u00edk\u00e1: &#8222;M\u011b se to jm\u00e9no nel\u00edb\u00ed, m\u011b se l\u00edb\u00ed Sn\u011b\u017eenka.&#8220; Ko\u010di\u010dce se ale tohle jm\u00e9no taky nel\u00edbilo. Pak po m\u011bs\u00edci jsem si v\u0161imla, \u017ee kdy\u017e si ko\u010di\u010dka hraje s na\u0161\u00edm kocourkem Kosti\u010dkou, \u017ee na n\u00ed kocourek po\u0159\u00e1d vol\u00e1: &#8222;Brun, Brun, Brun!&#8220; A by to jasn\u00e9, ko\u010di\u010dky jm\u00e9no vymyslely sami.\u00a0Tak\u017ee m\u00e1me doma Brunnhildu a je pravda, \u017ee te\u010f kdy\u017e n\u00e1m vyrostla, hod\u00ed se k n\u00ed jm\u00e9no mnohem l\u00edp.<\/p>\n<p><a href=\"http:\/\/odkosticky.cz\/wp-content\/uploads\/2017\/05\/brum1.jpg\"><img loading=\"lazy\" class=\"alignleft size-large wp-image-200\" src=\"http:\/\/odkosticky.cz\/wp-content\/uploads\/2017\/05\/brum1-1024x681.jpg\" alt=\"\" width=\"525\" height=\"349\" srcset=\"http:\/\/odkosticky.cz\/wp-content\/uploads\/2017\/05\/brum1-1024x681.jpg 1024w, http:\/\/odkosticky.cz\/wp-content\/uploads\/2017\/05\/brum1-300x199.jpg 300w, http:\/\/odkosticky.cz\/wp-content\/uploads\/2017\/05\/brum1-768x511.jpg 768w\" sizes=\"(max-width: 525px) 100vw, 525px\" \/><\/a><\/p>\n<h4><strong>Zdravotn\u00ed testy:<\/strong><\/h4>\n<p>FIV \u2013 oba rodi\u010de negativn\u011b testovan\u00ed<\/p>\n<p>FeLV \u2013 oba rodi\u010de negativn\u011b testovan\u00ed<\/p>\n<p>Chlamydie, Mycoplasma, Bordetella bronchiseptica &#8211; testovan\u00e1 s negativn\u00edm v\u00fdsledkem (real-time PCR &#8211; z\u00e1\u0159\u00ed 2017)<\/p>\n<p>Streptococcus canis \u2013\u00a0testov\u00e1na s negativn\u00edm v\u00fdsledkem (<a href=\"http:\/\/odkosticky.cz\/wp-content\/uploads\/2017\/05\/Sc2018.pdf\">\u00fanor 2018<\/a>)<\/p>\n<p>Giardie &#8211; testov\u00e1na s negativn\u00edm v\u00fdsledkem (koprologie &#8211; z\u00e1\u0159\u00ed 2022)<\/p>\n<p>HCM &#8211; preventivn\u00ed sonografick\u00e9 vy\u0161et\u0159en\u00ed bez n\u00e1lezu (listopad 2017)<\/p>\n","protected":false},"excerpt":{"rendered":"<p>* 4.9.2009 N\u011bvsk\u00e1 ma\u0161kar\u00e1da barva: \u010dern\u00e1 s kresbou NEM n 21 Bru\u0148\u010fu jsme si p\u0159ivezli z\u00a0Brna od kamar\u00e1da Michala. Michal si p\u016fvodn\u011b cht\u011bl zalo\u017eit chovatelskou stanici, ale zapomn\u011bl o tom \u0159\u00edct svoj\u00ed ko\u010dce Belind\u011b, kter\u00e1 si v\u0161e za\u0159\u00eddila sama. Po vypipl\u00e1n\u00ed \u0161estihlav\u00e9\u00a0san\u011b se Michal rozhodl, \u017ee jedna odchovan\u00e1 horda u\u017e na n\u011bho byla moc a &hellip; <\/p>\n<p class=\"link-more\"><a href=\"http:\/\/odkosticky.cz\/?page_id=197&#038;lang=cs\" class=\"more-link\">Pokra\u010dovat ve \u010dten\u00ed<span class=\"screen-reader-text\"> &#8222;Brunnhilda&#8220;<\/span><\/a><\/p>\n","protected":false},"author":1,"featured_media":0,"parent":0,"menu_order":0,"comment_status":"closed","ping_status":"closed","template":"","meta":{"_mi_skip_tracking":false},"_links":{"self":[{"href":"http:\/\/odkosticky.cz\/index.php?rest_route=\/wp\/v2\/pages\/197"}],"collection":[{"href":"http:\/\/odkosticky.cz\/index.php?rest_route=\/wp\/v2\/pages"}],"about":[{"href":"http:\/\/odkosticky.cz\/index.php?rest_route=\/wp\/v2\/types\/page"}],"author":[{"embeddable":true,"href":"http:\/\/odkosticky.cz\/index.php?rest_route=\/wp\/v2\/users\/1"}],"replies":[{"embeddable":true,"href":"http:\/\/odkosticky.cz\/index.php?rest_route=%2Fwp%2Fv2%2Fcomments&post=197"}],"version-history":[{"count":9,"href":"http:\/\/odkosticky.cz\/index.php?rest_route=\/wp\/v2\/pages\/197\/revisions"}],"predecessor-version":[{"id":1347,"href":"http:\/\/odkosticky.cz\/index.php?rest_route=\/wp\/v2\/pages\/197\/revisions\/1347"}],"wp:attachment":[{"href":"http:\/\/odkosticky.cz\/index.php?rest_route=%2Fwp%2Fv2%2Fmedia&parent=197"}],"curies":[{"name":"wp","href":"https:\/\/api.w.org\/{rel}","templated":true}]}}